{"id":2205,"date":"2019-04-16T20:16:39","date_gmt":"2019-04-16T18:16:39","guid":{"rendered":"https:\/\/blacktchip.com\/site\/?page_id=2205"},"modified":"2025-07-20T15:37:10","modified_gmt":"2025-07-20T13:37:10","slug":"story","status":"publish","type":"page","link":"https:\/\/blacktchip.com\/site\/story\/","title":{"rendered":"Story"},"content":{"rendered":"\t\t<div data-elementor-type=\"wp-page\" data-elementor-id=\"2205\" class=\"elementor elementor-2205\">\n\t\t\t\t\t\t<section class=\"elementor-section elementor-top-section elementor-element elementor-element-2d020a69 elementor-section-boxed elementor-section-height-default elementor-section-height-default\" data-id=\"2d020a69\" data-element_type=\"section\" data-e-type=\"section\">\n\t\t\t\t\t\t<div class=\"elementor-container elementor-column-gap-default\">\n\t\t\t\t\t<div class=\"elementor-column elementor-col-100 elementor-top-column elementor-element elementor-element-272e098d\" data-id=\"272e098d\" data-element_type=\"column\" data-e-type=\"column\">\n\t\t\t<div class=\"elementor-widget-wrap elementor-element-populated\">\n\t\t\t\t\t\t<div class=\"elementor-element elementor-element-658fc21e elementor-widget elementor-widget-text-editor\" data-id=\"658fc21e\" data-element_type=\"widget\" data-e-type=\"widget\" data-widget_type=\"text-editor.default\">\n\t\t\t\t<div class=\"elementor-widget-container\">\n\t\t\t\t\t\t\t\t\t<p>\u00a0<\/p>\n<p><\/p>\n<figure class=\"wp-block-image\"><img decoding=\"async\" width=\"34\" height=\"24\" class=\"wp-image-2328\" src=\"https:\/\/blacktchip.com\/site\/wp-content\/uploads\/2019\/04\/fr-2.png\" alt=\"\" \/><\/figure>\n<p><\/p>\n<p><span style=\"font-size: 20px;\">Great Wolf in Tchip\u2019s clothing, pour les acteurs de leur destin, les simples spectateurs peuvent aller se r\u00e9habiller !<\/span><\/p>\n<p><span style=\"font-size: 20px;\"><\/span><\/p>\n<p><span style=\"font-size: 20px;\">L\u2019avenir c\u2019est ce qu\u2019on en fait, fiers d\u2019\u00eatre tous unique, \u00eatre ce qu\u2019on veut devenir, assumer ses diff\u00e9rences, rester positif dans l\u2019adversit\u00e9 et apporter sa pierre \u00e0 l\u2019\u00e9difice !<\/span><\/p>\n<p><span style=\"font-size: 20px;\"><\/span><\/p>\n<p><span style=\"font-size: 20px;\"><strong>Black Tchip<\/strong> : Compos\u00e9 de deux mots de cinq lettres, rappelant la manufacture de l\u2019artisanat le Fait Mains, <strong>BLACK<\/strong> \u00e9voque la puissance, l\u2019\u00e9l\u00e9gance et la sophistication du mot \u00ab noir \u00bb \u00e0 l\u2019international. <strong>TCHIP<\/strong> repr\u00e9sente le bruit de d\u00e9sapprobation non conventionnel, tout autant universel. Ensemble, ces mots incarnent le style distingu\u00e9 et contestataire du cr\u00e9ateur.<\/span><\/p>\n<p><span style=\"font-size: 20px;\">Reconnaissable par sa touche unique, la cr\u00e9ation <strong>LUMIREFLEX<\/strong> combine des mat\u00e9riaux phosphorescents et r\u00e9fl\u00e9chissants, symbolisant la r\u00e9flexion avant la lumi\u00e8re d\u2019une id\u00e9e, offrant une esth\u00e9tique novatrice et captivante.<\/span><\/p>\n<p><span style=\"font-size: 20px;\">\u00a0Le logo, repr\u00e9sentant un loup d\u00e9guis\u00e9 en mouton ou un mouton d\u00e9guis\u00e9 en loup, laisse la question ouverte, ajoutant une touche de myst\u00e8re et d\u2019intrigue. <span style=\"color: #111111; background: #f7f7f7;\">Cette dualit\u00e9 refl\u00e8te la nature audacieuse et provocatrice de la marque. <\/span><\/span><\/p>\n<p><span style=\"font-size: 20px;\">Urban modest fashion &#8230; Dauntless for lifestyle.<\/span><\/p>\n<p><\/p>\n<figure class=\"wp-block-image\"><img decoding=\"async\" width=\"34\" height=\"24\" class=\"wp-image-2326\" src=\"https:\/\/blacktchip.com\/site\/wp-content\/uploads\/2019\/04\/en-1.png\" alt=\"\" \/><\/figure>\n<p><\/p>\n<p><span style=\"font-size: 20px;\">can go get changed!The future is what we make of it, proud to be all unique, to be what we want to become, to embrace our differences, to stay positive in adversity and to contribute our stone to the building!<\/span><\/p>\n<p><span style=\"font-size: 20px;\">Black Tchip: Composed of two five-letter words, evoking craftsmanship, BLACK represents the power, elegance, and sophistication of the word &lsquo;black&rsquo; internationally. TCHIP represents the unconventional, universally understood sound of disapproval. Together, these words embody the distinguished and rebellious style of the creator.<\/span><\/p>\n<p><span style=\"font-size: 20px;\">Recognizable by its unique touch, the LUMIREFLEX creation combines phosphorescent and reflective materials, symbolizing reflection before the light of an idea, offering an innovative and captivating aesthetic.<\/span><\/p>\n<p><span style=\"font-size: 20px;\">The logo, depicting a wolf disguised as a sheep or a sheep disguised as a wolf, leaves the question open, adding a touch of mystery and intrigue. This duality reflects the bold and provocative nature of the brand.<\/span><\/p>\n<p><span style=\"font-size: 20px;\">Urban modest fashion &#8230; Dauntless for lifestyle<\/span><\/p>\n<p><\/p>\n<figure class=\"wp-block-image\"><img decoding=\"async\" width=\"34\" height=\"24\" class=\"wp-image-2327\" src=\"https:\/\/blacktchip.com\/site\/wp-content\/uploads\/2019\/04\/es-2.png\" alt=\"\" \/><\/figure>\n<p><\/p>\n<p><span style=\"font-size: 20px;\">\u00a1Pueden ir a cambiarse! El futuro es lo que hacemos de \u00e9l, orgullosos de ser todos \u00fanicos, ser lo que queremos llegar a ser, asumir nuestras diferencias, mantener una actitud positiva en la adversidad y aportar nuestra piedra al edifico.<\/span><\/p>\n<p><span style=\"font-size: 20px;\">Black Tchip: Compuesto por dos palabras de cinco letras, que evocan la artesan\u00eda, BLACK sugiere la potencia, la elegancia y la sofisticaci\u00f3n de la palabra \u00abnegro\u00bb a nivel internacional. TCHIP representa el sonido de desaprobaci\u00f3n no convencional, igualmente universal. Juntas, estas palabras encarnan el estilo distinguido y desafiante del creador.<\/span><\/p>\n<p><span style=\"font-size: 20px;\">Reconocible por su toque \u00fanico, la creaci\u00f3n LUMIREFLEX combina materiales fosforescentes y reflectantes, simbolizando la reflexi\u00f3n antes de la luz de una idea, ofreciendo una est\u00e9tica innovadora y cautivadora.<\/span><\/p>\n<p><span style=\"font-size: 20px;\">El logo, que representa un lobo disfrazado de oveja o una oveja disfrazada de lobo, deja la pregunta abierta, a\u00f1adiendo un toque de misterio e intriga. Esta dualidad refleja la naturaleza audaz y provocadora de la marca.<\/span><\/p>\n<p><span style=\"font-size: 20px;\">Urban modest fashion, Dauntless for lifestyle<\/span><\/p>\n<p>\u00a0<\/p>\n<p><\/p>\n<div class=\"wp-block-image\">\n<figure class=\"alignleft is-resized\"><img loading=\"lazy\" decoding=\"async\" class=\"wp-image-2210\" src=\"https:\/\/blacktchip.com\/site\/wp-content\/uploads\/2019\/04\/sedex.png\" alt=\"\" width=\"131\" height=\"92\" \/><\/figure>\n<\/div>\n<p><\/p>\n<div class=\"wp-block-image\">\n<figure class=\"alignleft is-resized\"><img loading=\"lazy\" decoding=\"async\" class=\"wp-image-2211\" src=\"https:\/\/blacktchip.com\/site\/wp-content\/uploads\/2019\/04\/armatus-400-white.jpg\" alt=\"\" width=\"93\" height=\"93\" srcset=\"https:\/\/blacktchip.com\/site\/wp-content\/uploads\/2019\/04\/armatus-400-white.jpg 166w, https:\/\/blacktchip.com\/site\/wp-content\/uploads\/2019\/04\/armatus-400-white-100x100.jpg 100w, https:\/\/blacktchip.com\/site\/wp-content\/uploads\/2019\/04\/armatus-400-white-150x150.jpg 150w\" sizes=\"(max-width: 93px) 100vw, 93px\" \/><\/figure>\n<\/div>\n<p><\/p>\n<div class=\"wp-block-image\">\n<figure class=\"aligncenter is-resized\"><img loading=\"lazy\" decoding=\"async\" class=\"wp-image-2212\" src=\"https:\/\/blacktchip.com\/site\/wp-content\/uploads\/2019\/04\/oeko.png\" alt=\"\" width=\"242\" height=\"77\" srcset=\"https:\/\/blacktchip.com\/site\/wp-content\/uploads\/2019\/04\/oeko.png 397w, https:\/\/blacktchip.com\/site\/wp-content\/uploads\/2019\/04\/oeko-350x112.png 350w\" sizes=\"(max-width: 242px) 100vw, 242px\" \/><\/figure>\n<\/div>\n<p><\/p>\t\t\t\t\t\t\t\t<\/div>\n\t\t\t\t<\/div>\n\t\t\t\t\t<\/div>\n\t\t<\/div>\n\t\t\t\t\t<\/div>\n\t\t<\/section>\n\t\t\t\t<\/div>\n\t\t","protected":false},"excerpt":{"rendered":"<p>\u00a0 Great Wolf in Tchip\u2019s clothing, pour les acteurs de leur destin, les simples spectateurs peuvent aller se r\u00e9habiller ! L\u2019avenir c\u2019est ce qu\u2019on en fait, fiers d\u2019\u00eatre tous unique, \u00eatre ce qu\u2019on veut devenir, assumer ses diff\u00e9rences, rester positif dans l\u2019adversit\u00e9 et apporter sa pierre \u00e0 l\u2019\u00e9difice ! Black Tchip : Compos\u00e9 de deux &hellip;<\/p>\n","protected":false},"author":1,"featured_media":0,"parent":0,"menu_order":0,"comment_status":"closed","ping_status":"closed","template":"","meta":{"_acf_changed":false,"footnotes":""},"class_list":["post-2205","page","type-page","status-publish","hentry"],"acf":[],"yoast_head":"<!-- This site is optimized with the Yoast SEO plugin v27.5 - https:\/\/yoast.com\/product\/yoast-seo-wordpress\/ -->\n<title>Story - Black-Tchip<\/title>\n<meta name=\"robots\" content=\"index, follow, max-snippet:-1, max-image-preview:large, max-video-preview:-1\" \/>\n<link rel=\"canonical\" href=\"https:\/\/blacktchip.com\/site\/story\/\" \/>\n<meta property=\"og:locale\" content=\"fr_FR\" \/>\n<meta property=\"og:type\" content=\"article\" \/>\n<meta property=\"og:title\" content=\"Story - Black-Tchip\" \/>\n<meta property=\"og:description\" content=\"\u00a0 Great Wolf in Tchip\u2019s clothing, pour les acteurs de leur destin, les simples spectateurs peuvent aller se r\u00e9habiller ! L\u2019avenir c\u2019est ce qu\u2019on en fait, fiers d\u2019\u00eatre tous unique, \u00eatre ce qu\u2019on veut devenir, assumer ses diff\u00e9rences, rester positif dans l\u2019adversit\u00e9 et apporter sa pierre \u00e0 l\u2019\u00e9difice ! Black Tchip : Compos\u00e9 de deux &hellip;\" \/>\n<meta property=\"og:url\" content=\"https:\/\/blacktchip.com\/site\/story\/\" \/>\n<meta property=\"og:site_name\" content=\"Black-Tchip\" \/>\n<meta property=\"article:modified_time\" content=\"2025-07-20T13:37:10+00:00\" \/>\n<meta property=\"og:image\" content=\"https:\/\/blacktchip.com\/site\/wp-content\/uploads\/2019\/04\/fr-2.png\" \/>\n\t<meta property=\"og:image:width\" content=\"34\" \/>\n\t<meta property=\"og:image:height\" content=\"24\" \/>\n\t<meta property=\"og:image:type\" content=\"image\/png\" \/>\n<meta name=\"twitter:card\" content=\"summary_large_image\" \/>\n<meta name=\"twitter:label1\" content=\"Dur\u00e9e de lecture estim\u00e9e\" \/>\n\t<meta name=\"twitter:data1\" content=\"4 minutes\" \/>\n<script type=\"application\/ld+json\" class=\"yoast-schema-graph\">{\"@context\":\"https:\\\/\\\/schema.org\",\"@graph\":[{\"@type\":\"WebPage\",\"@id\":\"https:\\\/\\\/blacktchip.com\\\/site\\\/story\\\/\",\"url\":\"https:\\\/\\\/blacktchip.com\\\/site\\\/story\\\/\",\"name\":\"Story - Black-Tchip\",\"isPartOf\":{\"@id\":\"https:\\\/\\\/blacktchip.com\\\/site\\\/#website\"},\"primaryImageOfPage\":{\"@id\":\"https:\\\/\\\/blacktchip.com\\\/site\\\/story\\\/#primaryimage\"},\"image\":{\"@id\":\"https:\\\/\\\/blacktchip.com\\\/site\\\/story\\\/#primaryimage\"},\"thumbnailUrl\":\"https:\\\/\\\/blacktchip.com\\\/site\\\/wp-content\\\/uploads\\\/2019\\\/04\\\/fr-2.png\",\"datePublished\":\"2019-04-16T18:16:39+00:00\",\"dateModified\":\"2025-07-20T13:37:10+00:00\",\"breadcrumb\":{\"@id\":\"https:\\\/\\\/blacktchip.com\\\/site\\\/story\\\/#breadcrumb\"},\"inLanguage\":\"fr-FR\",\"potentialAction\":[{\"@type\":\"ReadAction\",\"target\":[\"https:\\\/\\\/blacktchip.com\\\/site\\\/story\\\/\"]}]},{\"@type\":\"ImageObject\",\"inLanguage\":\"fr-FR\",\"@id\":\"https:\\\/\\\/blacktchip.com\\\/site\\\/story\\\/#primaryimage\",\"url\":\"https:\\\/\\\/blacktchip.com\\\/site\\\/wp-content\\\/uploads\\\/2019\\\/04\\\/fr-2.png\",\"contentUrl\":\"https:\\\/\\\/blacktchip.com\\\/site\\\/wp-content\\\/uploads\\\/2019\\\/04\\\/fr-2.png\",\"width\":34,\"height\":24},{\"@type\":\"BreadcrumbList\",\"@id\":\"https:\\\/\\\/blacktchip.com\\\/site\\\/story\\\/#breadcrumb\",\"itemListElement\":[{\"@type\":\"ListItem\",\"position\":1,\"name\":\"Accueil\",\"item\":\"https:\\\/\\\/blacktchip.com\\\/site\\\/\"},{\"@type\":\"ListItem\",\"position\":2,\"name\":\"Story\"}]},{\"@type\":\"WebSite\",\"@id\":\"https:\\\/\\\/blacktchip.com\\\/site\\\/#website\",\"url\":\"https:\\\/\\\/blacktchip.com\\\/site\\\/\",\"name\":\"Black-Tchip\",\"description\":\"Great wolf in Tchip clothing\",\"publisher\":{\"@id\":\"https:\\\/\\\/blacktchip.com\\\/site\\\/#organization\"},\"potentialAction\":[{\"@type\":\"SearchAction\",\"target\":{\"@type\":\"EntryPoint\",\"urlTemplate\":\"https:\\\/\\\/blacktchip.com\\\/site\\\/?s={search_term_string}\"},\"query-input\":{\"@type\":\"PropertyValueSpecification\",\"valueRequired\":true,\"valueName\":\"search_term_string\"}}],\"inLanguage\":\"fr-FR\"},{\"@type\":\"Organization\",\"@id\":\"https:\\\/\\\/blacktchip.com\\\/site\\\/#organization\",\"name\":\"Black-Tchip\",\"url\":\"https:\\\/\\\/blacktchip.com\\\/site\\\/\",\"logo\":{\"@type\":\"ImageObject\",\"inLanguage\":\"fr-FR\",\"@id\":\"https:\\\/\\\/blacktchip.com\\\/site\\\/#\\\/schema\\\/logo\\\/image\\\/\",\"url\":\"https:\\\/\\\/blacktchip.com\\\/site\\\/wp-content\\\/uploads\\\/2018\\\/08\\\/cropped-Blacktchip_signature-official2K19_600.png\",\"contentUrl\":\"https:\\\/\\\/blacktchip.com\\\/site\\\/wp-content\\\/uploads\\\/2018\\\/08\\\/cropped-Blacktchip_signature-official2K19_600.png\",\"width\":600,\"height\":218,\"caption\":\"Black-Tchip\"},\"image\":{\"@id\":\"https:\\\/\\\/blacktchip.com\\\/site\\\/#\\\/schema\\\/logo\\\/image\\\/\"}}]}<\/script>\n<!-- \/ Yoast SEO plugin. -->","yoast_head_json":{"title":"Story - Black-Tchip","robots":{"index":"index","follow":"follow","max-snippet":"max-snippet:-1","max-image-preview":"max-image-preview:large","max-video-preview":"max-video-preview:-1"},"canonical":"https:\/\/blacktchip.com\/site\/story\/","og_locale":"fr_FR","og_type":"article","og_title":"Story - Black-Tchip","og_description":"\u00a0 Great Wolf in Tchip\u2019s clothing, pour les acteurs de leur destin, les simples spectateurs peuvent aller se r\u00e9habiller ! L\u2019avenir c\u2019est ce qu\u2019on en fait, fiers d\u2019\u00eatre tous unique, \u00eatre ce qu\u2019on veut devenir, assumer ses diff\u00e9rences, rester positif dans l\u2019adversit\u00e9 et apporter sa pierre \u00e0 l\u2019\u00e9difice ! Black Tchip : Compos\u00e9 de deux &hellip;","og_url":"https:\/\/blacktchip.com\/site\/story\/","og_site_name":"Black-Tchip","article_modified_time":"2025-07-20T13:37:10+00:00","og_image":[{"width":34,"height":24,"url":"https:\/\/blacktchip.com\/site\/wp-content\/uploads\/2019\/04\/fr-2.png","type":"image\/png"}],"twitter_card":"summary_large_image","twitter_misc":{"Dur\u00e9e de lecture estim\u00e9e":"4 minutes"},"schema":{"@context":"https:\/\/schema.org","@graph":[{"@type":"WebPage","@id":"https:\/\/blacktchip.com\/site\/story\/","url":"https:\/\/blacktchip.com\/site\/story\/","name":"Story - Black-Tchip","isPartOf":{"@id":"https:\/\/blacktchip.com\/site\/#website"},"primaryImageOfPage":{"@id":"https:\/\/blacktchip.com\/site\/story\/#primaryimage"},"image":{"@id":"https:\/\/blacktchip.com\/site\/story\/#primaryimage"},"thumbnailUrl":"https:\/\/blacktchip.com\/site\/wp-content\/uploads\/2019\/04\/fr-2.png","datePublished":"2019-04-16T18:16:39+00:00","dateModified":"2025-07-20T13:37:10+00:00","breadcrumb":{"@id":"https:\/\/blacktchip.com\/site\/story\/#breadcrumb"},"inLanguage":"fr-FR","potentialAction":[{"@type":"ReadAction","target":["https:\/\/blacktchip.com\/site\/story\/"]}]},{"@type":"ImageObject","inLanguage":"fr-FR","@id":"https:\/\/blacktchip.com\/site\/story\/#primaryimage","url":"https:\/\/blacktchip.com\/site\/wp-content\/uploads\/2019\/04\/fr-2.png","contentUrl":"https:\/\/blacktchip.com\/site\/wp-content\/uploads\/2019\/04\/fr-2.png","width":34,"height":24},{"@type":"BreadcrumbList","@id":"https:\/\/blacktchip.com\/site\/story\/#breadcrumb","itemListElement":[{"@type":"ListItem","position":1,"name":"Accueil","item":"https:\/\/blacktchip.com\/site\/"},{"@type":"ListItem","position":2,"name":"Story"}]},{"@type":"WebSite","@id":"https:\/\/blacktchip.com\/site\/#website","url":"https:\/\/blacktchip.com\/site\/","name":"Black-Tchip","description":"Great wolf in Tchip clothing","publisher":{"@id":"https:\/\/blacktchip.com\/site\/#organization"},"potentialAction":[{"@type":"SearchAction","target":{"@type":"EntryPoint","urlTemplate":"https:\/\/blacktchip.com\/site\/?s={search_term_string}"},"query-input":{"@type":"PropertyValueSpecification","valueRequired":true,"valueName":"search_term_string"}}],"inLanguage":"fr-FR"},{"@type":"Organization","@id":"https:\/\/blacktchip.com\/site\/#organization","name":"Black-Tchip","url":"https:\/\/blacktchip.com\/site\/","logo":{"@type":"ImageObject","inLanguage":"fr-FR","@id":"https:\/\/blacktchip.com\/site\/#\/schema\/logo\/image\/","url":"https:\/\/blacktchip.com\/site\/wp-content\/uploads\/2018\/08\/cropped-Blacktchip_signature-official2K19_600.png","contentUrl":"https:\/\/blacktchip.com\/site\/wp-content\/uploads\/2018\/08\/cropped-Blacktchip_signature-official2K19_600.png","width":600,"height":218,"caption":"Black-Tchip"},"image":{"@id":"https:\/\/blacktchip.com\/site\/#\/schema\/logo\/image\/"}}]}},"_links":{"self":[{"href":"https:\/\/blacktchip.com\/site\/wp-json\/wp\/v2\/pages\/2205","targetHints":{"allow":["GET"]}}],"collection":[{"href":"https:\/\/blacktchip.com\/site\/wp-json\/wp\/v2\/pages"}],"about":[{"href":"https:\/\/blacktchip.com\/site\/wp-json\/wp\/v2\/types\/page"}],"author":[{"embeddable":true,"href":"https:\/\/blacktchip.com\/site\/wp-json\/wp\/v2\/users\/1"}],"replies":[{"embeddable":true,"href":"https:\/\/blacktchip.com\/site\/wp-json\/wp\/v2\/comments?post=2205"}],"version-history":[{"count":20,"href":"https:\/\/blacktchip.com\/site\/wp-json\/wp\/v2\/pages\/2205\/revisions"}],"predecessor-version":[{"id":2939,"href":"https:\/\/blacktchip.com\/site\/wp-json\/wp\/v2\/pages\/2205\/revisions\/2939"}],"wp:attachment":[{"href":"https:\/\/blacktchip.com\/site\/wp-json\/wp\/v2\/media?parent=2205"}],"curies":[{"name":"wp","href":"https:\/\/api.w.org\/{rel}","templated":true}]}}