{"id":1476,"date":"2019-04-10T00:37:16","date_gmt":"2019-04-09T22:37:16","guid":{"rendered":"https:\/\/blacktchip.com\/site\/?post_type=product&#038;p=1476"},"modified":"2025-07-19T20:30:36","modified_gmt":"2025-07-19T18:30:36","slug":"la-croix-hoodie","status":"publish","type":"product","link":"https:\/\/blacktchip.com\/site\/product\/la-croix-hoodie\/","title":{"rendered":"La Croix Hoodie V2.3"},"content":{"rendered":"","protected":false},"excerpt":{"rendered":"<p><strong> 70% coton, 30% polyester. 330g<\/strong><\/p>\n<p>T\u00e9moin de votre style avec le hoodie \u00abLa Croix\u00bb et ses bandes graphiques, grosse capuche pour \u00eatre au chaud, en coton peign\u00e9 et merceris\u00e9, logo simple et discret.<\/p>\n<p>Passe fil dans la poche kangourou et attaches au niveau du col pour ne pas perdre les \u00e9couteurs.<\/p>\n<p>Trous au niveau des manches pour laisser passer les pouces.<\/p>\n<p>Double cordon (lumi-reflex) un cordon r\u00e9fl\u00e9chissant la lumi\u00e8re, l&rsquo;autre phosphorescent dans la nuit.<\/p>\n<p><strong>70% cotton, 30% polyester. 330g<\/strong><\/p>\n<p>Witness of your style with the hoodie \u00ab\u00a0La Croix\u00a0\u00bb and its graphic stripes, big hood to be warm, combed and mercerized cotton, simple and discreet logo.<\/p>\n<p>Thread in the kangaroo pocket and fasteners at the collar to avoid losing the headphones.<\/p>\n<p>Holes at the sleeves to let the thumbs pass.<\/p>\n<p>Double cord (lumi-reflex) one cord reflecting light, the other phosphorescent at night.<\/p>\n","protected":false},"featured_media":1487,"comment_status":"closed","ping_status":"closed","template":"","meta":{"_acf_changed":false},"product_brand":[],"product_cat":[53],"product_tag":[],"class_list":{"0":"post-1476","1":"product","2":"type-product","3":"status-publish","4":"has-post-thumbnail","6":"product_cat-sweatshirts","8":"first","9":"outofstock","10":"shipping-taxable","11":"purchasable","12":"product-type-variable"},"acf":[],"yoast_head":"<!-- This site is optimized with the Yoast SEO plugin v27.3 - https:\/\/yoast.com\/product\/yoast-seo-wordpress\/ -->\n<title>La Croix Hoodie V2.3 - Black-Tchip<\/title>\n<meta name=\"robots\" content=\"index, follow, max-snippet:-1, max-image-preview:large, max-video-preview:-1\" \/>\n<link rel=\"canonical\" href=\"https:\/\/blacktchip.com\/site\/product\/la-croix-hoodie\/\" \/>\n<meta property=\"og:locale\" content=\"fr_FR\" \/>\n<meta property=\"og:type\" content=\"article\" \/>\n<meta property=\"og:title\" content=\"La Croix Hoodie V2.3 - Black-Tchip\" \/>\n<meta property=\"og:description\" content=\"70% coton, 30% polyester. 330g  T\u00e9moin de votre style avec le hoodie \u00abLa Croix\u00bb et ses bandes graphiques, grosse capuche pour \u00eatre au chaud, en coton peign\u00e9 et merceris\u00e9, logo simple et discret.  Passe fil dans la poche kangourou et attaches au niveau du col pour ne pas perdre les \u00e9couteurs.  Trous au niveau des manches pour laisser passer les pouces.  Double cordon (lumi-reflex) un cordon r\u00e9fl\u00e9chissant la lumi\u00e8re, l&#039;autre phosphorescent dans la nuit.  70% cotton, 30% polyester. 330g  Witness of your style with the hoodie &quot;La Croix&quot; and its graphic stripes, big hood to be warm, combed and mercerized cotton, simple and discreet logo.  Thread in the kangaroo pocket and fasteners at the collar to avoid losing the headphones.  Holes at the sleeves to let the thumbs pass.  Double cord (lumi-reflex) one cord reflecting light, the other phosphorescent at night.\" \/>\n<meta property=\"og:url\" content=\"https:\/\/blacktchip.com\/site\/product\/la-croix-hoodie\/\" \/>\n<meta property=\"og:site_name\" content=\"Black-Tchip\" \/>\n<meta property=\"article:modified_time\" content=\"2025-07-19T18:30:36+00:00\" \/>\n<meta property=\"og:image\" content=\"https:\/\/blacktchip.com\/site\/wp-content\/uploads\/2019\/04\/lacroixblacktchip01.jpg\" \/>\n\t<meta property=\"og:image:width\" content=\"1300\" \/>\n\t<meta property=\"og:image:height\" content=\"1547\" \/>\n\t<meta property=\"og:image:type\" content=\"image\/jpeg\" \/>\n<meta name=\"twitter:card\" content=\"summary_large_image\" \/>\n<meta name=\"twitter:label1\" content=\"Dur\u00e9e de lecture estim\u00e9e\" \/>\n\t<meta name=\"twitter:data1\" content=\"1 minute\" \/>\n<script type=\"application\/ld+json\" class=\"yoast-schema-graph\">{\"@context\":\"https:\\\/\\\/schema.org\",\"@graph\":[{\"@type\":\"WebPage\",\"@id\":\"https:\\\/\\\/blacktchip.com\\\/site\\\/product\\\/la-croix-hoodie\\\/\",\"url\":\"https:\\\/\\\/blacktchip.com\\\/site\\\/product\\\/la-croix-hoodie\\\/\",\"name\":\"La Croix Hoodie V2.3 - Black-Tchip\",\"isPartOf\":{\"@id\":\"https:\\\/\\\/blacktchip.com\\\/site\\\/#website\"},\"primaryImageOfPage\":{\"@id\":\"https:\\\/\\\/blacktchip.com\\\/site\\\/product\\\/la-croix-hoodie\\\/#primaryimage\"},\"image\":{\"@id\":\"https:\\\/\\\/blacktchip.com\\\/site\\\/product\\\/la-croix-hoodie\\\/#primaryimage\"},\"thumbnailUrl\":\"https:\\\/\\\/blacktchip.com\\\/site\\\/wp-content\\\/uploads\\\/2019\\\/04\\\/lacroixblacktchip01.jpg\",\"datePublished\":\"2019-04-09T22:37:16+00:00\",\"dateModified\":\"2025-07-19T18:30:36+00:00\",\"breadcrumb\":{\"@id\":\"https:\\\/\\\/blacktchip.com\\\/site\\\/product\\\/la-croix-hoodie\\\/#breadcrumb\"},\"inLanguage\":\"fr-FR\",\"potentialAction\":[{\"@type\":\"ReadAction\",\"target\":[\"https:\\\/\\\/blacktchip.com\\\/site\\\/product\\\/la-croix-hoodie\\\/\"]}]},{\"@type\":\"ImageObject\",\"inLanguage\":\"fr-FR\",\"@id\":\"https:\\\/\\\/blacktchip.com\\\/site\\\/product\\\/la-croix-hoodie\\\/#primaryimage\",\"url\":\"https:\\\/\\\/blacktchip.com\\\/site\\\/wp-content\\\/uploads\\\/2019\\\/04\\\/lacroixblacktchip01.jpg\",\"contentUrl\":\"https:\\\/\\\/blacktchip.com\\\/site\\\/wp-content\\\/uploads\\\/2019\\\/04\\\/lacroixblacktchip01.jpg\",\"width\":1300,\"height\":1547},{\"@type\":\"BreadcrumbList\",\"@id\":\"https:\\\/\\\/blacktchip.com\\\/site\\\/product\\\/la-croix-hoodie\\\/#breadcrumb\",\"itemListElement\":[{\"@type\":\"ListItem\",\"position\":1,\"name\":\"Accueil\",\"item\":\"https:\\\/\\\/blacktchip.com\\\/site\\\/\"},{\"@type\":\"ListItem\",\"position\":2,\"name\":\"Boutique\",\"item\":\"https:\\\/\\\/blacktchip.com\\\/site\\\/boutique\\\/\"},{\"@type\":\"ListItem\",\"position\":3,\"name\":\"La Croix Hoodie V2.3\"}]},{\"@type\":\"WebSite\",\"@id\":\"https:\\\/\\\/blacktchip.com\\\/site\\\/#website\",\"url\":\"https:\\\/\\\/blacktchip.com\\\/site\\\/\",\"name\":\"Black-Tchip\",\"description\":\"Great wolf in Tchip clothing\",\"publisher\":{\"@id\":\"https:\\\/\\\/blacktchip.com\\\/site\\\/#organization\"},\"potentialAction\":[{\"@type\":\"SearchAction\",\"target\":{\"@type\":\"EntryPoint\",\"urlTemplate\":\"https:\\\/\\\/blacktchip.com\\\/site\\\/?s={search_term_string}\"},\"query-input\":{\"@type\":\"PropertyValueSpecification\",\"valueRequired\":true,\"valueName\":\"search_term_string\"}}],\"inLanguage\":\"fr-FR\"},{\"@type\":\"Organization\",\"@id\":\"https:\\\/\\\/blacktchip.com\\\/site\\\/#organization\",\"name\":\"Black-Tchip\",\"url\":\"https:\\\/\\\/blacktchip.com\\\/site\\\/\",\"logo\":{\"@type\":\"ImageObject\",\"inLanguage\":\"fr-FR\",\"@id\":\"https:\\\/\\\/blacktchip.com\\\/site\\\/#\\\/schema\\\/logo\\\/image\\\/\",\"url\":\"https:\\\/\\\/blacktchip.com\\\/site\\\/wp-content\\\/uploads\\\/2018\\\/08\\\/cropped-Blacktchip_signature-official2K19_600.png\",\"contentUrl\":\"https:\\\/\\\/blacktchip.com\\\/site\\\/wp-content\\\/uploads\\\/2018\\\/08\\\/cropped-Blacktchip_signature-official2K19_600.png\",\"width\":600,\"height\":218,\"caption\":\"Black-Tchip\"},\"image\":{\"@id\":\"https:\\\/\\\/blacktchip.com\\\/site\\\/#\\\/schema\\\/logo\\\/image\\\/\"}}]}<\/script>\n<!-- \/ Yoast SEO plugin. -->","yoast_head_json":{"title":"La Croix Hoodie V2.3 - Black-Tchip","robots":{"index":"index","follow":"follow","max-snippet":"max-snippet:-1","max-image-preview":"max-image-preview:large","max-video-preview":"max-video-preview:-1"},"canonical":"https:\/\/blacktchip.com\/site\/product\/la-croix-hoodie\/","og_locale":"fr_FR","og_type":"article","og_title":"La Croix Hoodie V2.3 - Black-Tchip","og_description":"70% coton, 30% polyester. 330g  T\u00e9moin de votre style avec le hoodie \u00abLa Croix\u00bb et ses bandes graphiques, grosse capuche pour \u00eatre au chaud, en coton peign\u00e9 et merceris\u00e9, logo simple et discret.  Passe fil dans la poche kangourou et attaches au niveau du col pour ne pas perdre les \u00e9couteurs.  Trous au niveau des manches pour laisser passer les pouces.  Double cordon (lumi-reflex) un cordon r\u00e9fl\u00e9chissant la lumi\u00e8re, l'autre phosphorescent dans la nuit.  70% cotton, 30% polyester. 330g  Witness of your style with the hoodie \"La Croix\" and its graphic stripes, big hood to be warm, combed and mercerized cotton, simple and discreet logo.  Thread in the kangaroo pocket and fasteners at the collar to avoid losing the headphones.  Holes at the sleeves to let the thumbs pass.  Double cord (lumi-reflex) one cord reflecting light, the other phosphorescent at night.","og_url":"https:\/\/blacktchip.com\/site\/product\/la-croix-hoodie\/","og_site_name":"Black-Tchip","article_modified_time":"2025-07-19T18:30:36+00:00","og_image":[{"width":1300,"height":1547,"url":"https:\/\/blacktchip.com\/site\/wp-content\/uploads\/2019\/04\/lacroixblacktchip01.jpg","type":"image\/jpeg"}],"twitter_card":"summary_large_image","twitter_misc":{"Dur\u00e9e de lecture estim\u00e9e":"1 minute"},"schema":{"@context":"https:\/\/schema.org","@graph":[{"@type":"WebPage","@id":"https:\/\/blacktchip.com\/site\/product\/la-croix-hoodie\/","url":"https:\/\/blacktchip.com\/site\/product\/la-croix-hoodie\/","name":"La Croix Hoodie V2.3 - Black-Tchip","isPartOf":{"@id":"https:\/\/blacktchip.com\/site\/#website"},"primaryImageOfPage":{"@id":"https:\/\/blacktchip.com\/site\/product\/la-croix-hoodie\/#primaryimage"},"image":{"@id":"https:\/\/blacktchip.com\/site\/product\/la-croix-hoodie\/#primaryimage"},"thumbnailUrl":"https:\/\/blacktchip.com\/site\/wp-content\/uploads\/2019\/04\/lacroixblacktchip01.jpg","datePublished":"2019-04-09T22:37:16+00:00","dateModified":"2025-07-19T18:30:36+00:00","breadcrumb":{"@id":"https:\/\/blacktchip.com\/site\/product\/la-croix-hoodie\/#breadcrumb"},"inLanguage":"fr-FR","potentialAction":[{"@type":"ReadAction","target":["https:\/\/blacktchip.com\/site\/product\/la-croix-hoodie\/"]}]},{"@type":"ImageObject","inLanguage":"fr-FR","@id":"https:\/\/blacktchip.com\/site\/product\/la-croix-hoodie\/#primaryimage","url":"https:\/\/blacktchip.com\/site\/wp-content\/uploads\/2019\/04\/lacroixblacktchip01.jpg","contentUrl":"https:\/\/blacktchip.com\/site\/wp-content\/uploads\/2019\/04\/lacroixblacktchip01.jpg","width":1300,"height":1547},{"@type":"BreadcrumbList","@id":"https:\/\/blacktchip.com\/site\/product\/la-croix-hoodie\/#breadcrumb","itemListElement":[{"@type":"ListItem","position":1,"name":"Accueil","item":"https:\/\/blacktchip.com\/site\/"},{"@type":"ListItem","position":2,"name":"Boutique","item":"https:\/\/blacktchip.com\/site\/boutique\/"},{"@type":"ListItem","position":3,"name":"La Croix Hoodie V2.3"}]},{"@type":"WebSite","@id":"https:\/\/blacktchip.com\/site\/#website","url":"https:\/\/blacktchip.com\/site\/","name":"Black-Tchip","description":"Great wolf in Tchip clothing","publisher":{"@id":"https:\/\/blacktchip.com\/site\/#organization"},"potentialAction":[{"@type":"SearchAction","target":{"@type":"EntryPoint","urlTemplate":"https:\/\/blacktchip.com\/site\/?s={search_term_string}"},"query-input":{"@type":"PropertyValueSpecification","valueRequired":true,"valueName":"search_term_string"}}],"inLanguage":"fr-FR"},{"@type":"Organization","@id":"https:\/\/blacktchip.com\/site\/#organization","name":"Black-Tchip","url":"https:\/\/blacktchip.com\/site\/","logo":{"@type":"ImageObject","inLanguage":"fr-FR","@id":"https:\/\/blacktchip.com\/site\/#\/schema\/logo\/image\/","url":"https:\/\/blacktchip.com\/site\/wp-content\/uploads\/2018\/08\/cropped-Blacktchip_signature-official2K19_600.png","contentUrl":"https:\/\/blacktchip.com\/site\/wp-content\/uploads\/2018\/08\/cropped-Blacktchip_signature-official2K19_600.png","width":600,"height":218,"caption":"Black-Tchip"},"image":{"@id":"https:\/\/blacktchip.com\/site\/#\/schema\/logo\/image\/"}}]}},"_links":{"self":[{"href":"https:\/\/blacktchip.com\/site\/wp-json\/wp\/v2\/product\/1476","targetHints":{"allow":["GET"]}}],"collection":[{"href":"https:\/\/blacktchip.com\/site\/wp-json\/wp\/v2\/product"}],"about":[{"href":"https:\/\/blacktchip.com\/site\/wp-json\/wp\/v2\/types\/product"}],"replies":[{"embeddable":true,"href":"https:\/\/blacktchip.com\/site\/wp-json\/wp\/v2\/comments?post=1476"}],"wp:featuredmedia":[{"embeddable":true,"href":"https:\/\/blacktchip.com\/site\/wp-json\/wp\/v2\/media\/1487"}],"wp:attachment":[{"href":"https:\/\/blacktchip.com\/site\/wp-json\/wp\/v2\/media?parent=1476"}],"wp:term":[{"taxonomy":"product_brand","embeddable":true,"href":"https:\/\/blacktchip.com\/site\/wp-json\/wp\/v2\/product_brand?post=1476"},{"taxonomy":"product_cat","embeddable":true,"href":"https:\/\/blacktchip.com\/site\/wp-json\/wp\/v2\/product_cat?post=1476"},{"taxonomy":"product_tag","embeddable":true,"href":"https:\/\/blacktchip.com\/site\/wp-json\/wp\/v2\/product_tag?post=1476"}],"curies":[{"name":"wp","href":"https:\/\/api.w.org\/{rel}","templated":true}]}}