{"id":1493,"date":"2019-04-10T01:15:35","date_gmt":"2019-04-09T23:15:35","guid":{"rendered":"https:\/\/blacktchip.com\/site\/?post_type=product&#038;p=1493"},"modified":"2025-07-20T14:35:19","modified_gmt":"2025-07-20T12:35:19","slug":"nassyo","status":"publish","type":"product","link":"https:\/\/blacktchip.com\/site\/product\/nassyo\/","title":{"rendered":"Nassyo"},"content":{"rendered":"","protected":false},"excerpt":{"rendered":"<p><strong>Description : <\/strong>70% Coton ringspun, 30% Polyester, 420gsm<\/p>\n<p>Sweat-shirt doux en coton, et, en velours interieur pour un confort optimal, col rond, avec broderie discr\u00e8te sur la manche droite. L\u2019artiste Nassyo a accept\u00e9 une collaboration afin de faire na\u00eetre une capsule mettant en avant sa vision artistique de notre concept initial \u00ab Black Tchip\u00bb, seraient-ce des loups d\u00e9guis\u00e9s en moutons ou des moutons d\u00e9guis\u00e9s en loups, \u00e0 vous de le d\u00e9couvrir.<\/p>\n<p>PS: les sweats sont tr\u00e8s pr\u00e8s du corps, n&rsquo;h\u00e9sitez pas \u00e0 prendre 1 ou 2 tailles au-dessus selon vos envies de porter le v\u00eatement<\/p>\n<p>Avec ton <em>Artefact Design Support<\/em>, tu re\u00e7ois une des 4 cartes collectors bien au chaud dans son petit \u00e9tui styl\u00e9.<br \/>\nElle peut te faire gagner un super lot gr\u00e2ce \u00e0 notre jeu-concours !<br \/>\nEt ce n\u2019est pas tout : un QR code magique t\u2019attend pour plonger direct dans une exp\u00e9rience en r\u00e9alit\u00e9 augment\u00e9e\u2026 sur ton support !<\/p>\n<p><strong>\u00a0<\/strong><\/p>\n<p>Soft cotton sweatshirt with a velvet interior for optimal comfort, round collar, with discreet embroidery on the right sleeve., The artist Nassyo has agreed to collaborate to create a capsule highlighting his artistic vision of our initial concept \u00ab\u00a0Black Tchip\u00a0\u00bb would be this wolves disguised as sheep or sheep disguised as wolves, you discover it.<\/p>\n<p>PS: the sweatshirts are very fitted, don&rsquo;t hesitate to take 1 or 2 sizes up depending on how you want to wear the clothing.<\/p>\n<p>With your Artefact Design Support, you receive one of 4 collector cards safely tucked away in its stylish little case.<\/p>\n<p>It can win you a great prize thanks to our contest! And that&rsquo;s not all: a magic QR code awaits you to dive straight into an augmented reality experience&#8230; on your support!<\/p>\n","protected":false},"featured_media":2912,"comment_status":"closed","ping_status":"closed","template":"","meta":{"_acf_changed":false},"product_brand":[],"product_cat":[53],"product_tag":[],"class_list":{"0":"post-1493","1":"product","2":"type-product","3":"status-publish","4":"has-post-thumbnail","6":"product_cat-sweatshirts","8":"first","9":"instock","10":"shipping-taxable","11":"purchasable","12":"product-type-simple"},"acf":[],"yoast_head":"<!-- This site is optimized with the Yoast SEO plugin v27.5 - https:\/\/yoast.com\/product\/yoast-seo-wordpress\/ -->\n<title>Nassyo - Black-Tchip<\/title>\n<meta name=\"robots\" content=\"index, follow, max-snippet:-1, max-image-preview:large, max-video-preview:-1\" \/>\n<link rel=\"canonical\" href=\"https:\/\/blacktchip.com\/site\/product\/nassyo\/\" \/>\n<meta property=\"og:locale\" content=\"fr_FR\" \/>\n<meta property=\"og:type\" content=\"article\" \/>\n<meta property=\"og:title\" content=\"Nassyo - Black-Tchip\" \/>\n<meta property=\"og:description\" content=\"Description : 70% Coton ringspun, 30% Polyester, 420gsm  Sweat-shirt doux en coton, et, en velours interieur pour un confort optimal, col rond, avec broderie discr\u00e8te sur la manche droite. L\u2019artiste Nassyo a accept\u00e9 une collaboration afin de faire na\u00eetre une capsule mettant en avant sa vision artistique de notre concept initial \u00ab Black Tchip\u00bb, seraient-ce des loups d\u00e9guis\u00e9s en moutons ou des moutons d\u00e9guis\u00e9s en loups, \u00e0 vous de le d\u00e9couvrir.  PS: les sweats sont tr\u00e8s pr\u00e8s du corps, n&#039;h\u00e9sitez pas \u00e0 prendre 1 ou 2 tailles au-dessus selon vos envies de porter le v\u00eatement  Avec ton Artefact Design Support, tu re\u00e7ois une des 4 cartes collectors bien au chaud dans son petit \u00e9tui styl\u00e9. Elle peut te faire gagner un super lot gr\u00e2ce \u00e0 notre jeu-concours ! Et ce n\u2019est pas tout : un QR code magique t\u2019attend pour plonger direct dans une exp\u00e9rience en r\u00e9alit\u00e9 augment\u00e9e\u2026 sur ton support !  \u00a0  Soft cotton sweatshirt with a velvet interior for optimal comfort, round collar, with discreet embroidery on the right sleeve., The artist Nassyo has agreed to collaborate to create a capsule highlighting his artistic vision of our initial concept &quot;Black Tchip&quot; would be this wolves disguised as sheep or sheep disguised as wolves, you discover it.  PS: the sweatshirts are very fitted, don&#039;t hesitate to take 1 or 2 sizes up depending on how you want to wear the clothing.  With your Artefact Design Support, you receive one of 4 collector cards safely tucked away in its stylish little case.  It can win you a great prize thanks to our contest! And that&#039;s not all: a magic QR code awaits you to dive straight into an augmented reality experience... on your support!\" \/>\n<meta property=\"og:url\" content=\"https:\/\/blacktchip.com\/site\/product\/nassyo\/\" \/>\n<meta property=\"og:site_name\" content=\"Black-Tchip\" \/>\n<meta property=\"article:modified_time\" content=\"2025-07-20T12:35:19+00:00\" \/>\n<meta property=\"og:image\" content=\"https:\/\/blacktchip.com\/site\/wp-content\/uploads\/2019\/04\/DSC_0094-1.jpg\" \/>\n\t<meta property=\"og:image:width\" content=\"1300\" \/>\n\t<meta property=\"og:image:height\" content=\"1547\" \/>\n\t<meta property=\"og:image:type\" content=\"image\/jpeg\" \/>\n<meta name=\"twitter:card\" content=\"summary_large_image\" \/>\n<meta name=\"twitter:label1\" content=\"Dur\u00e9e de lecture estim\u00e9e\" \/>\n\t<meta name=\"twitter:data1\" content=\"1 minute\" \/>\n<script type=\"application\/ld+json\" class=\"yoast-schema-graph\">{\"@context\":\"https:\\\/\\\/schema.org\",\"@graph\":[{\"@type\":\"WebPage\",\"@id\":\"https:\\\/\\\/blacktchip.com\\\/site\\\/product\\\/nassyo\\\/\",\"url\":\"https:\\\/\\\/blacktchip.com\\\/site\\\/product\\\/nassyo\\\/\",\"name\":\"Nassyo - Black-Tchip\",\"isPartOf\":{\"@id\":\"https:\\\/\\\/blacktchip.com\\\/site\\\/#website\"},\"primaryImageOfPage\":{\"@id\":\"https:\\\/\\\/blacktchip.com\\\/site\\\/product\\\/nassyo\\\/#primaryimage\"},\"image\":{\"@id\":\"https:\\\/\\\/blacktchip.com\\\/site\\\/product\\\/nassyo\\\/#primaryimage\"},\"thumbnailUrl\":\"https:\\\/\\\/blacktchip.com\\\/site\\\/wp-content\\\/uploads\\\/2019\\\/04\\\/DSC_0094-1.jpg\",\"datePublished\":\"2019-04-09T23:15:35+00:00\",\"dateModified\":\"2025-07-20T12:35:19+00:00\",\"breadcrumb\":{\"@id\":\"https:\\\/\\\/blacktchip.com\\\/site\\\/product\\\/nassyo\\\/#breadcrumb\"},\"inLanguage\":\"fr-FR\",\"potentialAction\":[{\"@type\":\"ReadAction\",\"target\":[\"https:\\\/\\\/blacktchip.com\\\/site\\\/product\\\/nassyo\\\/\"]}]},{\"@type\":\"ImageObject\",\"inLanguage\":\"fr-FR\",\"@id\":\"https:\\\/\\\/blacktchip.com\\\/site\\\/product\\\/nassyo\\\/#primaryimage\",\"url\":\"https:\\\/\\\/blacktchip.com\\\/site\\\/wp-content\\\/uploads\\\/2019\\\/04\\\/DSC_0094-1.jpg\",\"contentUrl\":\"https:\\\/\\\/blacktchip.com\\\/site\\\/wp-content\\\/uploads\\\/2019\\\/04\\\/DSC_0094-1.jpg\",\"width\":1300,\"height\":1547},{\"@type\":\"BreadcrumbList\",\"@id\":\"https:\\\/\\\/blacktchip.com\\\/site\\\/product\\\/nassyo\\\/#breadcrumb\",\"itemListElement\":[{\"@type\":\"ListItem\",\"position\":1,\"name\":\"Accueil\",\"item\":\"https:\\\/\\\/blacktchip.com\\\/site\\\/\"},{\"@type\":\"ListItem\",\"position\":2,\"name\":\"Boutique\",\"item\":\"https:\\\/\\\/blacktchip.com\\\/site\\\/boutique\\\/\"},{\"@type\":\"ListItem\",\"position\":3,\"name\":\"Nassyo\"}]},{\"@type\":\"WebSite\",\"@id\":\"https:\\\/\\\/blacktchip.com\\\/site\\\/#website\",\"url\":\"https:\\\/\\\/blacktchip.com\\\/site\\\/\",\"name\":\"Black-Tchip\",\"description\":\"Great wolf in Tchip clothing\",\"publisher\":{\"@id\":\"https:\\\/\\\/blacktchip.com\\\/site\\\/#organization\"},\"potentialAction\":[{\"@type\":\"SearchAction\",\"target\":{\"@type\":\"EntryPoint\",\"urlTemplate\":\"https:\\\/\\\/blacktchip.com\\\/site\\\/?s={search_term_string}\"},\"query-input\":{\"@type\":\"PropertyValueSpecification\",\"valueRequired\":true,\"valueName\":\"search_term_string\"}}],\"inLanguage\":\"fr-FR\"},{\"@type\":\"Organization\",\"@id\":\"https:\\\/\\\/blacktchip.com\\\/site\\\/#organization\",\"name\":\"Black-Tchip\",\"url\":\"https:\\\/\\\/blacktchip.com\\\/site\\\/\",\"logo\":{\"@type\":\"ImageObject\",\"inLanguage\":\"fr-FR\",\"@id\":\"https:\\\/\\\/blacktchip.com\\\/site\\\/#\\\/schema\\\/logo\\\/image\\\/\",\"url\":\"https:\\\/\\\/blacktchip.com\\\/site\\\/wp-content\\\/uploads\\\/2018\\\/08\\\/cropped-Blacktchip_signature-official2K19_600.png\",\"contentUrl\":\"https:\\\/\\\/blacktchip.com\\\/site\\\/wp-content\\\/uploads\\\/2018\\\/08\\\/cropped-Blacktchip_signature-official2K19_600.png\",\"width\":600,\"height\":218,\"caption\":\"Black-Tchip\"},\"image\":{\"@id\":\"https:\\\/\\\/blacktchip.com\\\/site\\\/#\\\/schema\\\/logo\\\/image\\\/\"}}]}<\/script>\n<!-- \/ Yoast SEO plugin. -->","yoast_head_json":{"title":"Nassyo - Black-Tchip","robots":{"index":"index","follow":"follow","max-snippet":"max-snippet:-1","max-image-preview":"max-image-preview:large","max-video-preview":"max-video-preview:-1"},"canonical":"https:\/\/blacktchip.com\/site\/product\/nassyo\/","og_locale":"fr_FR","og_type":"article","og_title":"Nassyo - Black-Tchip","og_description":"Description : 70% Coton ringspun, 30% Polyester, 420gsm  Sweat-shirt doux en coton, et, en velours interieur pour un confort optimal, col rond, avec broderie discr\u00e8te sur la manche droite. L\u2019artiste Nassyo a accept\u00e9 une collaboration afin de faire na\u00eetre une capsule mettant en avant sa vision artistique de notre concept initial \u00ab Black Tchip\u00bb, seraient-ce des loups d\u00e9guis\u00e9s en moutons ou des moutons d\u00e9guis\u00e9s en loups, \u00e0 vous de le d\u00e9couvrir.  PS: les sweats sont tr\u00e8s pr\u00e8s du corps, n'h\u00e9sitez pas \u00e0 prendre 1 ou 2 tailles au-dessus selon vos envies de porter le v\u00eatement  Avec ton Artefact Design Support, tu re\u00e7ois une des 4 cartes collectors bien au chaud dans son petit \u00e9tui styl\u00e9. Elle peut te faire gagner un super lot gr\u00e2ce \u00e0 notre jeu-concours ! Et ce n\u2019est pas tout : un QR code magique t\u2019attend pour plonger direct dans une exp\u00e9rience en r\u00e9alit\u00e9 augment\u00e9e\u2026 sur ton support !  \u00a0  Soft cotton sweatshirt with a velvet interior for optimal comfort, round collar, with discreet embroidery on the right sleeve., The artist Nassyo has agreed to collaborate to create a capsule highlighting his artistic vision of our initial concept \"Black Tchip\" would be this wolves disguised as sheep or sheep disguised as wolves, you discover it.  PS: the sweatshirts are very fitted, don't hesitate to take 1 or 2 sizes up depending on how you want to wear the clothing.  With your Artefact Design Support, you receive one of 4 collector cards safely tucked away in its stylish little case.  It can win you a great prize thanks to our contest! And that's not all: a magic QR code awaits you to dive straight into an augmented reality experience... on your support!","og_url":"https:\/\/blacktchip.com\/site\/product\/nassyo\/","og_site_name":"Black-Tchip","article_modified_time":"2025-07-20T12:35:19+00:00","og_image":[{"width":1300,"height":1547,"url":"https:\/\/blacktchip.com\/site\/wp-content\/uploads\/2019\/04\/DSC_0094-1.jpg","type":"image\/jpeg"}],"twitter_card":"summary_large_image","twitter_misc":{"Dur\u00e9e de lecture estim\u00e9e":"1 minute"},"schema":{"@context":"https:\/\/schema.org","@graph":[{"@type":"WebPage","@id":"https:\/\/blacktchip.com\/site\/product\/nassyo\/","url":"https:\/\/blacktchip.com\/site\/product\/nassyo\/","name":"Nassyo - Black-Tchip","isPartOf":{"@id":"https:\/\/blacktchip.com\/site\/#website"},"primaryImageOfPage":{"@id":"https:\/\/blacktchip.com\/site\/product\/nassyo\/#primaryimage"},"image":{"@id":"https:\/\/blacktchip.com\/site\/product\/nassyo\/#primaryimage"},"thumbnailUrl":"https:\/\/blacktchip.com\/site\/wp-content\/uploads\/2019\/04\/DSC_0094-1.jpg","datePublished":"2019-04-09T23:15:35+00:00","dateModified":"2025-07-20T12:35:19+00:00","breadcrumb":{"@id":"https:\/\/blacktchip.com\/site\/product\/nassyo\/#breadcrumb"},"inLanguage":"fr-FR","potentialAction":[{"@type":"ReadAction","target":["https:\/\/blacktchip.com\/site\/product\/nassyo\/"]}]},{"@type":"ImageObject","inLanguage":"fr-FR","@id":"https:\/\/blacktchip.com\/site\/product\/nassyo\/#primaryimage","url":"https:\/\/blacktchip.com\/site\/wp-content\/uploads\/2019\/04\/DSC_0094-1.jpg","contentUrl":"https:\/\/blacktchip.com\/site\/wp-content\/uploads\/2019\/04\/DSC_0094-1.jpg","width":1300,"height":1547},{"@type":"BreadcrumbList","@id":"https:\/\/blacktchip.com\/site\/product\/nassyo\/#breadcrumb","itemListElement":[{"@type":"ListItem","position":1,"name":"Accueil","item":"https:\/\/blacktchip.com\/site\/"},{"@type":"ListItem","position":2,"name":"Boutique","item":"https:\/\/blacktchip.com\/site\/boutique\/"},{"@type":"ListItem","position":3,"name":"Nassyo"}]},{"@type":"WebSite","@id":"https:\/\/blacktchip.com\/site\/#website","url":"https:\/\/blacktchip.com\/site\/","name":"Black-Tchip","description":"Great wolf in Tchip clothing","publisher":{"@id":"https:\/\/blacktchip.com\/site\/#organization"},"potentialAction":[{"@type":"SearchAction","target":{"@type":"EntryPoint","urlTemplate":"https:\/\/blacktchip.com\/site\/?s={search_term_string}"},"query-input":{"@type":"PropertyValueSpecification","valueRequired":true,"valueName":"search_term_string"}}],"inLanguage":"fr-FR"},{"@type":"Organization","@id":"https:\/\/blacktchip.com\/site\/#organization","name":"Black-Tchip","url":"https:\/\/blacktchip.com\/site\/","logo":{"@type":"ImageObject","inLanguage":"fr-FR","@id":"https:\/\/blacktchip.com\/site\/#\/schema\/logo\/image\/","url":"https:\/\/blacktchip.com\/site\/wp-content\/uploads\/2018\/08\/cropped-Blacktchip_signature-official2K19_600.png","contentUrl":"https:\/\/blacktchip.com\/site\/wp-content\/uploads\/2018\/08\/cropped-Blacktchip_signature-official2K19_600.png","width":600,"height":218,"caption":"Black-Tchip"},"image":{"@id":"https:\/\/blacktchip.com\/site\/#\/schema\/logo\/image\/"}}]}},"_links":{"self":[{"href":"https:\/\/blacktchip.com\/site\/wp-json\/wp\/v2\/product\/1493","targetHints":{"allow":["GET"]}}],"collection":[{"href":"https:\/\/blacktchip.com\/site\/wp-json\/wp\/v2\/product"}],"about":[{"href":"https:\/\/blacktchip.com\/site\/wp-json\/wp\/v2\/types\/product"}],"replies":[{"embeddable":true,"href":"https:\/\/blacktchip.com\/site\/wp-json\/wp\/v2\/comments?post=1493"}],"wp:featuredmedia":[{"embeddable":true,"href":"https:\/\/blacktchip.com\/site\/wp-json\/wp\/v2\/media\/2912"}],"wp:attachment":[{"href":"https:\/\/blacktchip.com\/site\/wp-json\/wp\/v2\/media?parent=1493"}],"wp:term":[{"taxonomy":"product_brand","embeddable":true,"href":"https:\/\/blacktchip.com\/site\/wp-json\/wp\/v2\/product_brand?post=1493"},{"taxonomy":"product_cat","embeddable":true,"href":"https:\/\/blacktchip.com\/site\/wp-json\/wp\/v2\/product_cat?post=1493"},{"taxonomy":"product_tag","embeddable":true,"href":"https:\/\/blacktchip.com\/site\/wp-json\/wp\/v2\/product_tag?post=1493"}],"curies":[{"name":"wp","href":"https:\/\/api.w.org\/{rel}","templated":true}]}}