{"id":1660,"date":"2019-04-11T01:49:34","date_gmt":"2019-04-10T23:49:34","guid":{"rendered":"https:\/\/blacktchip.com\/site\/?post_type=product&#038;p=1660"},"modified":"2025-07-20T15:08:54","modified_gmt":"2025-07-20T13:08:54","slug":"totem-hoodie-girly","status":"publish","type":"product","link":"https:\/\/blacktchip.com\/site\/product\/totem-hoodie-girly\/","title":{"rendered":"Totem Hoodie Girly V2.3"},"content":{"rendered":"","protected":false},"excerpt":{"rendered":"<p><strong>New version comin soon..<\/strong><\/p>\n<p><strong>70% Coton Ringspun, 30% Polyester. 280g<\/strong><\/p>\n<p>Hoodie girly en coton, agr\u00e9able et de tr\u00e8s bonne qualit\u00e9, 3 techniques de marquage diff\u00e9rentes, hypnotisez vos interlocuteurs par le regard soutenu du hibou, sortez sous protection Totem. Double cordon (lumi-reflex) un cordon r\u00e9fl\u00e9chissant la lumi\u00e8re, l&rsquo;autre phosphorescent dans la nuit. \u00ab\u00a0Ze Must-have\u00a0\u00bb, \u00e0 porter, non pas \u00e0 d\u00e9tenir ni \u00e0 poss\u00e9der.<\/p>\n<p>Passe fil dans la poche kangourou et attaches au niveau du col pour ne pas perdre les \u00e9couteurs.<\/p>\n<p>&nbsp;<\/p>\n<p><strong>70% Ringspun Cotton, 30% Polyester. 280g<\/strong><\/p>\n<p>Hoodie girly, in cotton, nice and very good quality, 3 differents marking techniques, hypnotize your interlocutors by the sustained eye of the owl, go under Totem protection . Double cord (lumi-reflex) one cord reflecting light, the other phosphorescent at night \u00ab\u00a0Ze Must-have\u00a0\u00bb to wear, not to hold or possess.<\/p>\n<p>Thread in the kangaroo pocket and fasteners at the collar to avoid losing the headphones.<\/p>\n","protected":false},"featured_media":1677,"comment_status":"closed","ping_status":"closed","template":"","meta":{"_acf_changed":false},"product_brand":[],"product_cat":[53],"product_tag":[],"class_list":{"0":"post-1660","1":"product","2":"type-product","3":"status-publish","4":"has-post-thumbnail","6":"product_cat-sweatshirts","8":"first","9":"outofstock","10":"shipping-taxable","11":"purchasable","12":"product-type-variable"},"acf":[],"yoast_head":"<!-- This site is optimized with the Yoast SEO plugin v27.5 - https:\/\/yoast.com\/product\/yoast-seo-wordpress\/ -->\n<title>Totem Hoodie Girly V2.3 - Black-Tchip<\/title>\n<meta name=\"robots\" content=\"index, follow, max-snippet:-1, max-image-preview:large, max-video-preview:-1\" \/>\n<link rel=\"canonical\" href=\"https:\/\/blacktchip.com\/site\/product\/totem-hoodie-girly\/\" \/>\n<meta property=\"og:locale\" content=\"fr_FR\" \/>\n<meta property=\"og:type\" content=\"article\" \/>\n<meta property=\"og:title\" content=\"Totem Hoodie Girly V2.3 - Black-Tchip\" \/>\n<meta property=\"og:description\" content=\"New version comin soon..  70% Coton Ringspun, 30% Polyester. 280g  Hoodie girly en coton, agr\u00e9able et de tr\u00e8s bonne qualit\u00e9, 3 techniques de marquage diff\u00e9rentes, hypnotisez vos interlocuteurs par le regard soutenu du hibou, sortez sous protection Totem. Double cordon (lumi-reflex) un cordon r\u00e9fl\u00e9chissant la lumi\u00e8re, l&#039;autre phosphorescent dans la nuit. &quot;Ze Must-have&quot;, \u00e0 porter, non pas \u00e0 d\u00e9tenir ni \u00e0 poss\u00e9der.  Passe fil dans la poche kangourou et attaches au niveau du col pour ne pas perdre les \u00e9couteurs.  &nbsp;  70% Ringspun Cotton, 30% Polyester. 280g  Hoodie girly, in cotton, nice and very good quality, 3 differents marking techniques, hypnotize your interlocutors by the sustained eye of the owl, go under Totem protection . Double cord (lumi-reflex) one cord reflecting light, the other phosphorescent at night &quot;Ze Must-have&quot; to wear, not to hold or possess.  Thread in the kangaroo pocket and fasteners at the collar to avoid losing the headphones.\" \/>\n<meta property=\"og:url\" content=\"https:\/\/blacktchip.com\/site\/product\/totem-hoodie-girly\/\" \/>\n<meta property=\"og:site_name\" content=\"Black-Tchip\" \/>\n<meta property=\"article:modified_time\" content=\"2025-07-20T13:08:54+00:00\" \/>\n<meta property=\"og:image\" content=\"https:\/\/blacktchip.com\/site\/wp-content\/uploads\/2019\/04\/totemgirly_blacktchip_01.jpg\" \/>\n\t<meta property=\"og:image:width\" content=\"1300\" \/>\n\t<meta property=\"og:image:height\" content=\"1547\" \/>\n\t<meta property=\"og:image:type\" content=\"image\/jpeg\" \/>\n<meta name=\"twitter:card\" content=\"summary_large_image\" \/>\n<meta name=\"twitter:label1\" content=\"Dur\u00e9e de lecture estim\u00e9e\" \/>\n\t<meta name=\"twitter:data1\" content=\"1 minute\" \/>\n<script type=\"application\/ld+json\" class=\"yoast-schema-graph\">{\"@context\":\"https:\\\/\\\/schema.org\",\"@graph\":[{\"@type\":\"WebPage\",\"@id\":\"https:\\\/\\\/blacktchip.com\\\/site\\\/product\\\/totem-hoodie-girly\\\/\",\"url\":\"https:\\\/\\\/blacktchip.com\\\/site\\\/product\\\/totem-hoodie-girly\\\/\",\"name\":\"Totem Hoodie Girly V2.3 - Black-Tchip\",\"isPartOf\":{\"@id\":\"https:\\\/\\\/blacktchip.com\\\/site\\\/#website\"},\"primaryImageOfPage\":{\"@id\":\"https:\\\/\\\/blacktchip.com\\\/site\\\/product\\\/totem-hoodie-girly\\\/#primaryimage\"},\"image\":{\"@id\":\"https:\\\/\\\/blacktchip.com\\\/site\\\/product\\\/totem-hoodie-girly\\\/#primaryimage\"},\"thumbnailUrl\":\"https:\\\/\\\/blacktchip.com\\\/site\\\/wp-content\\\/uploads\\\/2019\\\/04\\\/totemgirly_blacktchip_01.jpg\",\"datePublished\":\"2019-04-10T23:49:34+00:00\",\"dateModified\":\"2025-07-20T13:08:54+00:00\",\"breadcrumb\":{\"@id\":\"https:\\\/\\\/blacktchip.com\\\/site\\\/product\\\/totem-hoodie-girly\\\/#breadcrumb\"},\"inLanguage\":\"fr-FR\",\"potentialAction\":[{\"@type\":\"ReadAction\",\"target\":[\"https:\\\/\\\/blacktchip.com\\\/site\\\/product\\\/totem-hoodie-girly\\\/\"]}]},{\"@type\":\"ImageObject\",\"inLanguage\":\"fr-FR\",\"@id\":\"https:\\\/\\\/blacktchip.com\\\/site\\\/product\\\/totem-hoodie-girly\\\/#primaryimage\",\"url\":\"https:\\\/\\\/blacktchip.com\\\/site\\\/wp-content\\\/uploads\\\/2019\\\/04\\\/totemgirly_blacktchip_01.jpg\",\"contentUrl\":\"https:\\\/\\\/blacktchip.com\\\/site\\\/wp-content\\\/uploads\\\/2019\\\/04\\\/totemgirly_blacktchip_01.jpg\",\"width\":1300,\"height\":1547},{\"@type\":\"BreadcrumbList\",\"@id\":\"https:\\\/\\\/blacktchip.com\\\/site\\\/product\\\/totem-hoodie-girly\\\/#breadcrumb\",\"itemListElement\":[{\"@type\":\"ListItem\",\"position\":1,\"name\":\"Accueil\",\"item\":\"https:\\\/\\\/blacktchip.com\\\/site\\\/\"},{\"@type\":\"ListItem\",\"position\":2,\"name\":\"Boutique\",\"item\":\"https:\\\/\\\/blacktchip.com\\\/site\\\/boutique\\\/\"},{\"@type\":\"ListItem\",\"position\":3,\"name\":\"Totem Hoodie Girly V2.3\"}]},{\"@type\":\"WebSite\",\"@id\":\"https:\\\/\\\/blacktchip.com\\\/site\\\/#website\",\"url\":\"https:\\\/\\\/blacktchip.com\\\/site\\\/\",\"name\":\"Black-Tchip\",\"description\":\"Great wolf in Tchip clothing\",\"publisher\":{\"@id\":\"https:\\\/\\\/blacktchip.com\\\/site\\\/#organization\"},\"potentialAction\":[{\"@type\":\"SearchAction\",\"target\":{\"@type\":\"EntryPoint\",\"urlTemplate\":\"https:\\\/\\\/blacktchip.com\\\/site\\\/?s={search_term_string}\"},\"query-input\":{\"@type\":\"PropertyValueSpecification\",\"valueRequired\":true,\"valueName\":\"search_term_string\"}}],\"inLanguage\":\"fr-FR\"},{\"@type\":\"Organization\",\"@id\":\"https:\\\/\\\/blacktchip.com\\\/site\\\/#organization\",\"name\":\"Black-Tchip\",\"url\":\"https:\\\/\\\/blacktchip.com\\\/site\\\/\",\"logo\":{\"@type\":\"ImageObject\",\"inLanguage\":\"fr-FR\",\"@id\":\"https:\\\/\\\/blacktchip.com\\\/site\\\/#\\\/schema\\\/logo\\\/image\\\/\",\"url\":\"https:\\\/\\\/blacktchip.com\\\/site\\\/wp-content\\\/uploads\\\/2018\\\/08\\\/cropped-Blacktchip_signature-official2K19_600.png\",\"contentUrl\":\"https:\\\/\\\/blacktchip.com\\\/site\\\/wp-content\\\/uploads\\\/2018\\\/08\\\/cropped-Blacktchip_signature-official2K19_600.png\",\"width\":600,\"height\":218,\"caption\":\"Black-Tchip\"},\"image\":{\"@id\":\"https:\\\/\\\/blacktchip.com\\\/site\\\/#\\\/schema\\\/logo\\\/image\\\/\"}}]}<\/script>\n<!-- \/ Yoast SEO plugin. -->","yoast_head_json":{"title":"Totem Hoodie Girly V2.3 - Black-Tchip","robots":{"index":"index","follow":"follow","max-snippet":"max-snippet:-1","max-image-preview":"max-image-preview:large","max-video-preview":"max-video-preview:-1"},"canonical":"https:\/\/blacktchip.com\/site\/product\/totem-hoodie-girly\/","og_locale":"fr_FR","og_type":"article","og_title":"Totem Hoodie Girly V2.3 - Black-Tchip","og_description":"New version comin soon..  70% Coton Ringspun, 30% Polyester. 280g  Hoodie girly en coton, agr\u00e9able et de tr\u00e8s bonne qualit\u00e9, 3 techniques de marquage diff\u00e9rentes, hypnotisez vos interlocuteurs par le regard soutenu du hibou, sortez sous protection Totem. Double cordon (lumi-reflex) un cordon r\u00e9fl\u00e9chissant la lumi\u00e8re, l'autre phosphorescent dans la nuit. \"Ze Must-have\", \u00e0 porter, non pas \u00e0 d\u00e9tenir ni \u00e0 poss\u00e9der.  Passe fil dans la poche kangourou et attaches au niveau du col pour ne pas perdre les \u00e9couteurs.  &nbsp;  70% Ringspun Cotton, 30% Polyester. 280g  Hoodie girly, in cotton, nice and very good quality, 3 differents marking techniques, hypnotize your interlocutors by the sustained eye of the owl, go under Totem protection . Double cord (lumi-reflex) one cord reflecting light, the other phosphorescent at night \"Ze Must-have\" to wear, not to hold or possess.  Thread in the kangaroo pocket and fasteners at the collar to avoid losing the headphones.","og_url":"https:\/\/blacktchip.com\/site\/product\/totem-hoodie-girly\/","og_site_name":"Black-Tchip","article_modified_time":"2025-07-20T13:08:54+00:00","og_image":[{"width":1300,"height":1547,"url":"https:\/\/blacktchip.com\/site\/wp-content\/uploads\/2019\/04\/totemgirly_blacktchip_01.jpg","type":"image\/jpeg"}],"twitter_card":"summary_large_image","twitter_misc":{"Dur\u00e9e de lecture estim\u00e9e":"1 minute"},"schema":{"@context":"https:\/\/schema.org","@graph":[{"@type":"WebPage","@id":"https:\/\/blacktchip.com\/site\/product\/totem-hoodie-girly\/","url":"https:\/\/blacktchip.com\/site\/product\/totem-hoodie-girly\/","name":"Totem Hoodie Girly V2.3 - Black-Tchip","isPartOf":{"@id":"https:\/\/blacktchip.com\/site\/#website"},"primaryImageOfPage":{"@id":"https:\/\/blacktchip.com\/site\/product\/totem-hoodie-girly\/#primaryimage"},"image":{"@id":"https:\/\/blacktchip.com\/site\/product\/totem-hoodie-girly\/#primaryimage"},"thumbnailUrl":"https:\/\/blacktchip.com\/site\/wp-content\/uploads\/2019\/04\/totemgirly_blacktchip_01.jpg","datePublished":"2019-04-10T23:49:34+00:00","dateModified":"2025-07-20T13:08:54+00:00","breadcrumb":{"@id":"https:\/\/blacktchip.com\/site\/product\/totem-hoodie-girly\/#breadcrumb"},"inLanguage":"fr-FR","potentialAction":[{"@type":"ReadAction","target":["https:\/\/blacktchip.com\/site\/product\/totem-hoodie-girly\/"]}]},{"@type":"ImageObject","inLanguage":"fr-FR","@id":"https:\/\/blacktchip.com\/site\/product\/totem-hoodie-girly\/#primaryimage","url":"https:\/\/blacktchip.com\/site\/wp-content\/uploads\/2019\/04\/totemgirly_blacktchip_01.jpg","contentUrl":"https:\/\/blacktchip.com\/site\/wp-content\/uploads\/2019\/04\/totemgirly_blacktchip_01.jpg","width":1300,"height":1547},{"@type":"BreadcrumbList","@id":"https:\/\/blacktchip.com\/site\/product\/totem-hoodie-girly\/#breadcrumb","itemListElement":[{"@type":"ListItem","position":1,"name":"Accueil","item":"https:\/\/blacktchip.com\/site\/"},{"@type":"ListItem","position":2,"name":"Boutique","item":"https:\/\/blacktchip.com\/site\/boutique\/"},{"@type":"ListItem","position":3,"name":"Totem Hoodie Girly V2.3"}]},{"@type":"WebSite","@id":"https:\/\/blacktchip.com\/site\/#website","url":"https:\/\/blacktchip.com\/site\/","name":"Black-Tchip","description":"Great wolf in Tchip clothing","publisher":{"@id":"https:\/\/blacktchip.com\/site\/#organization"},"potentialAction":[{"@type":"SearchAction","target":{"@type":"EntryPoint","urlTemplate":"https:\/\/blacktchip.com\/site\/?s={search_term_string}"},"query-input":{"@type":"PropertyValueSpecification","valueRequired":true,"valueName":"search_term_string"}}],"inLanguage":"fr-FR"},{"@type":"Organization","@id":"https:\/\/blacktchip.com\/site\/#organization","name":"Black-Tchip","url":"https:\/\/blacktchip.com\/site\/","logo":{"@type":"ImageObject","inLanguage":"fr-FR","@id":"https:\/\/blacktchip.com\/site\/#\/schema\/logo\/image\/","url":"https:\/\/blacktchip.com\/site\/wp-content\/uploads\/2018\/08\/cropped-Blacktchip_signature-official2K19_600.png","contentUrl":"https:\/\/blacktchip.com\/site\/wp-content\/uploads\/2018\/08\/cropped-Blacktchip_signature-official2K19_600.png","width":600,"height":218,"caption":"Black-Tchip"},"image":{"@id":"https:\/\/blacktchip.com\/site\/#\/schema\/logo\/image\/"}}]}},"_links":{"self":[{"href":"https:\/\/blacktchip.com\/site\/wp-json\/wp\/v2\/product\/1660","targetHints":{"allow":["GET"]}}],"collection":[{"href":"https:\/\/blacktchip.com\/site\/wp-json\/wp\/v2\/product"}],"about":[{"href":"https:\/\/blacktchip.com\/site\/wp-json\/wp\/v2\/types\/product"}],"replies":[{"embeddable":true,"href":"https:\/\/blacktchip.com\/site\/wp-json\/wp\/v2\/comments?post=1660"}],"wp:featuredmedia":[{"embeddable":true,"href":"https:\/\/blacktchip.com\/site\/wp-json\/wp\/v2\/media\/1677"}],"wp:attachment":[{"href":"https:\/\/blacktchip.com\/site\/wp-json\/wp\/v2\/media?parent=1660"}],"wp:term":[{"taxonomy":"product_brand","embeddable":true,"href":"https:\/\/blacktchip.com\/site\/wp-json\/wp\/v2\/product_brand?post=1660"},{"taxonomy":"product_cat","embeddable":true,"href":"https:\/\/blacktchip.com\/site\/wp-json\/wp\/v2\/product_cat?post=1660"},{"taxonomy":"product_tag","embeddable":true,"href":"https:\/\/blacktchip.com\/site\/wp-json\/wp\/v2\/product_tag?post=1660"}],"curies":[{"name":"wp","href":"https:\/\/api.w.org\/{rel}","templated":true}]}}