{"id":1991,"date":"2019-04-14T17:57:01","date_gmt":"2019-04-14T15:57:01","guid":{"rendered":"https:\/\/blacktchip.com\/site\/?post_type=product&#038;p=1991"},"modified":"2025-07-19T20:26:21","modified_gmt":"2025-07-19T18:26:21","slug":"la-signature","status":"publish","type":"product","link":"https:\/\/blacktchip.com\/site\/product\/la-signature\/","title":{"rendered":"La Signature"},"content":{"rendered":"","protected":false},"excerpt":{"rendered":"<p><strong>100% Coton Biologique. 160g<\/strong><\/p>\n<p>T-shirt unisexe, col rond, en coton \u00e9cologique peign\u00e9 et merceris\u00e9, portez la signature et les valeurs qui l\u2019accompagnent.<\/p>\n<p>&nbsp;<\/p>\n<p><strong>100% Cotton Organic. 160g<\/strong><\/p>\n<p>T-shirt unisex, high quality, round neck, in \u00e9cologic cotton comfort and mercerise, wear the signature and the values who accompany them.<\/p>\n","protected":false},"featured_media":2002,"comment_status":"closed","ping_status":"closed","template":"","meta":{"_acf_changed":false},"product_brand":[],"product_cat":[32],"product_tag":[],"class_list":{"0":"post-1991","1":"product","2":"type-product","3":"status-publish","4":"has-post-thumbnail","6":"product_cat-tshirts","8":"first","9":"outofstock","10":"shipping-taxable","11":"purchasable","12":"product-type-variable"},"acf":[],"yoast_head":"<!-- This site is optimized with the Yoast SEO plugin v27.5 - https:\/\/yoast.com\/product\/yoast-seo-wordpress\/ -->\n<title>La Signature - Black-Tchip<\/title>\n<meta name=\"robots\" content=\"index, follow, max-snippet:-1, max-image-preview:large, max-video-preview:-1\" \/>\n<link rel=\"canonical\" href=\"https:\/\/blacktchip.com\/site\/product\/la-signature\/\" \/>\n<meta property=\"og:locale\" content=\"fr_FR\" \/>\n<meta property=\"og:type\" content=\"article\" \/>\n<meta property=\"og:title\" content=\"La Signature - Black-Tchip\" \/>\n<meta property=\"og:description\" content=\"100% Coton Biologique. 160g  T-shirt unisexe, col rond, en coton \u00e9cologique peign\u00e9 et merceris\u00e9, portez la signature et les valeurs qui l\u2019accompagnent.  &nbsp;  100% Cotton Organic. 160g  T-shirt unisex, high quality, round neck, in \u00e9cologic cotton comfort and mercerise, wear the signature and the values who accompany them.\" \/>\n<meta property=\"og:url\" content=\"https:\/\/blacktchip.com\/site\/product\/la-signature\/\" \/>\n<meta property=\"og:site_name\" content=\"Black-Tchip\" \/>\n<meta property=\"article:modified_time\" content=\"2025-07-19T18:26:21+00:00\" \/>\n<meta property=\"og:image\" content=\"https:\/\/blacktchip.com\/site\/wp-content\/uploads\/2019\/04\/tssignature_blacktchip_01.jpg\" \/>\n\t<meta property=\"og:image:width\" content=\"1300\" \/>\n\t<meta property=\"og:image:height\" content=\"1547\" \/>\n\t<meta property=\"og:image:type\" content=\"image\/jpeg\" \/>\n<meta name=\"twitter:card\" content=\"summary_large_image\" \/>\n<meta name=\"twitter:label1\" content=\"Dur\u00e9e de lecture estim\u00e9e\" \/>\n\t<meta name=\"twitter:data1\" content=\"1 minute\" \/>\n<script type=\"application\/ld+json\" class=\"yoast-schema-graph\">{\"@context\":\"https:\\\/\\\/schema.org\",\"@graph\":[{\"@type\":\"WebPage\",\"@id\":\"https:\\\/\\\/blacktchip.com\\\/site\\\/product\\\/la-signature\\\/\",\"url\":\"https:\\\/\\\/blacktchip.com\\\/site\\\/product\\\/la-signature\\\/\",\"name\":\"La Signature - Black-Tchip\",\"isPartOf\":{\"@id\":\"https:\\\/\\\/blacktchip.com\\\/site\\\/#website\"},\"primaryImageOfPage\":{\"@id\":\"https:\\\/\\\/blacktchip.com\\\/site\\\/product\\\/la-signature\\\/#primaryimage\"},\"image\":{\"@id\":\"https:\\\/\\\/blacktchip.com\\\/site\\\/product\\\/la-signature\\\/#primaryimage\"},\"thumbnailUrl\":\"https:\\\/\\\/blacktchip.com\\\/site\\\/wp-content\\\/uploads\\\/2019\\\/04\\\/tssignature_blacktchip_01.jpg\",\"datePublished\":\"2019-04-14T15:57:01+00:00\",\"dateModified\":\"2025-07-19T18:26:21+00:00\",\"breadcrumb\":{\"@id\":\"https:\\\/\\\/blacktchip.com\\\/site\\\/product\\\/la-signature\\\/#breadcrumb\"},\"inLanguage\":\"fr-FR\",\"potentialAction\":[{\"@type\":\"ReadAction\",\"target\":[\"https:\\\/\\\/blacktchip.com\\\/site\\\/product\\\/la-signature\\\/\"]}]},{\"@type\":\"ImageObject\",\"inLanguage\":\"fr-FR\",\"@id\":\"https:\\\/\\\/blacktchip.com\\\/site\\\/product\\\/la-signature\\\/#primaryimage\",\"url\":\"https:\\\/\\\/blacktchip.com\\\/site\\\/wp-content\\\/uploads\\\/2019\\\/04\\\/tssignature_blacktchip_01.jpg\",\"contentUrl\":\"https:\\\/\\\/blacktchip.com\\\/site\\\/wp-content\\\/uploads\\\/2019\\\/04\\\/tssignature_blacktchip_01.jpg\",\"width\":1300,\"height\":1547},{\"@type\":\"BreadcrumbList\",\"@id\":\"https:\\\/\\\/blacktchip.com\\\/site\\\/product\\\/la-signature\\\/#breadcrumb\",\"itemListElement\":[{\"@type\":\"ListItem\",\"position\":1,\"name\":\"Accueil\",\"item\":\"https:\\\/\\\/blacktchip.com\\\/site\\\/\"},{\"@type\":\"ListItem\",\"position\":2,\"name\":\"Boutique\",\"item\":\"https:\\\/\\\/blacktchip.com\\\/site\\\/boutique\\\/\"},{\"@type\":\"ListItem\",\"position\":3,\"name\":\"La Signature\"}]},{\"@type\":\"WebSite\",\"@id\":\"https:\\\/\\\/blacktchip.com\\\/site\\\/#website\",\"url\":\"https:\\\/\\\/blacktchip.com\\\/site\\\/\",\"name\":\"Black-Tchip\",\"description\":\"Great wolf in Tchip clothing\",\"publisher\":{\"@id\":\"https:\\\/\\\/blacktchip.com\\\/site\\\/#organization\"},\"potentialAction\":[{\"@type\":\"SearchAction\",\"target\":{\"@type\":\"EntryPoint\",\"urlTemplate\":\"https:\\\/\\\/blacktchip.com\\\/site\\\/?s={search_term_string}\"},\"query-input\":{\"@type\":\"PropertyValueSpecification\",\"valueRequired\":true,\"valueName\":\"search_term_string\"}}],\"inLanguage\":\"fr-FR\"},{\"@type\":\"Organization\",\"@id\":\"https:\\\/\\\/blacktchip.com\\\/site\\\/#organization\",\"name\":\"Black-Tchip\",\"url\":\"https:\\\/\\\/blacktchip.com\\\/site\\\/\",\"logo\":{\"@type\":\"ImageObject\",\"inLanguage\":\"fr-FR\",\"@id\":\"https:\\\/\\\/blacktchip.com\\\/site\\\/#\\\/schema\\\/logo\\\/image\\\/\",\"url\":\"https:\\\/\\\/blacktchip.com\\\/site\\\/wp-content\\\/uploads\\\/2018\\\/08\\\/cropped-Blacktchip_signature-official2K19_600.png\",\"contentUrl\":\"https:\\\/\\\/blacktchip.com\\\/site\\\/wp-content\\\/uploads\\\/2018\\\/08\\\/cropped-Blacktchip_signature-official2K19_600.png\",\"width\":600,\"height\":218,\"caption\":\"Black-Tchip\"},\"image\":{\"@id\":\"https:\\\/\\\/blacktchip.com\\\/site\\\/#\\\/schema\\\/logo\\\/image\\\/\"}}]}<\/script>\n<!-- \/ Yoast SEO plugin. -->","yoast_head_json":{"title":"La Signature - Black-Tchip","robots":{"index":"index","follow":"follow","max-snippet":"max-snippet:-1","max-image-preview":"max-image-preview:large","max-video-preview":"max-video-preview:-1"},"canonical":"https:\/\/blacktchip.com\/site\/product\/la-signature\/","og_locale":"fr_FR","og_type":"article","og_title":"La Signature - Black-Tchip","og_description":"100% Coton Biologique. 160g  T-shirt unisexe, col rond, en coton \u00e9cologique peign\u00e9 et merceris\u00e9, portez la signature et les valeurs qui l\u2019accompagnent.  &nbsp;  100% Cotton Organic. 160g  T-shirt unisex, high quality, round neck, in \u00e9cologic cotton comfort and mercerise, wear the signature and the values who accompany them.","og_url":"https:\/\/blacktchip.com\/site\/product\/la-signature\/","og_site_name":"Black-Tchip","article_modified_time":"2025-07-19T18:26:21+00:00","og_image":[{"width":1300,"height":1547,"url":"https:\/\/blacktchip.com\/site\/wp-content\/uploads\/2019\/04\/tssignature_blacktchip_01.jpg","type":"image\/jpeg"}],"twitter_card":"summary_large_image","twitter_misc":{"Dur\u00e9e de lecture estim\u00e9e":"1 minute"},"schema":{"@context":"https:\/\/schema.org","@graph":[{"@type":"WebPage","@id":"https:\/\/blacktchip.com\/site\/product\/la-signature\/","url":"https:\/\/blacktchip.com\/site\/product\/la-signature\/","name":"La Signature - Black-Tchip","isPartOf":{"@id":"https:\/\/blacktchip.com\/site\/#website"},"primaryImageOfPage":{"@id":"https:\/\/blacktchip.com\/site\/product\/la-signature\/#primaryimage"},"image":{"@id":"https:\/\/blacktchip.com\/site\/product\/la-signature\/#primaryimage"},"thumbnailUrl":"https:\/\/blacktchip.com\/site\/wp-content\/uploads\/2019\/04\/tssignature_blacktchip_01.jpg","datePublished":"2019-04-14T15:57:01+00:00","dateModified":"2025-07-19T18:26:21+00:00","breadcrumb":{"@id":"https:\/\/blacktchip.com\/site\/product\/la-signature\/#breadcrumb"},"inLanguage":"fr-FR","potentialAction":[{"@type":"ReadAction","target":["https:\/\/blacktchip.com\/site\/product\/la-signature\/"]}]},{"@type":"ImageObject","inLanguage":"fr-FR","@id":"https:\/\/blacktchip.com\/site\/product\/la-signature\/#primaryimage","url":"https:\/\/blacktchip.com\/site\/wp-content\/uploads\/2019\/04\/tssignature_blacktchip_01.jpg","contentUrl":"https:\/\/blacktchip.com\/site\/wp-content\/uploads\/2019\/04\/tssignature_blacktchip_01.jpg","width":1300,"height":1547},{"@type":"BreadcrumbList","@id":"https:\/\/blacktchip.com\/site\/product\/la-signature\/#breadcrumb","itemListElement":[{"@type":"ListItem","position":1,"name":"Accueil","item":"https:\/\/blacktchip.com\/site\/"},{"@type":"ListItem","position":2,"name":"Boutique","item":"https:\/\/blacktchip.com\/site\/boutique\/"},{"@type":"ListItem","position":3,"name":"La Signature"}]},{"@type":"WebSite","@id":"https:\/\/blacktchip.com\/site\/#website","url":"https:\/\/blacktchip.com\/site\/","name":"Black-Tchip","description":"Great wolf in Tchip clothing","publisher":{"@id":"https:\/\/blacktchip.com\/site\/#organization"},"potentialAction":[{"@type":"SearchAction","target":{"@type":"EntryPoint","urlTemplate":"https:\/\/blacktchip.com\/site\/?s={search_term_string}"},"query-input":{"@type":"PropertyValueSpecification","valueRequired":true,"valueName":"search_term_string"}}],"inLanguage":"fr-FR"},{"@type":"Organization","@id":"https:\/\/blacktchip.com\/site\/#organization","name":"Black-Tchip","url":"https:\/\/blacktchip.com\/site\/","logo":{"@type":"ImageObject","inLanguage":"fr-FR","@id":"https:\/\/blacktchip.com\/site\/#\/schema\/logo\/image\/","url":"https:\/\/blacktchip.com\/site\/wp-content\/uploads\/2018\/08\/cropped-Blacktchip_signature-official2K19_600.png","contentUrl":"https:\/\/blacktchip.com\/site\/wp-content\/uploads\/2018\/08\/cropped-Blacktchip_signature-official2K19_600.png","width":600,"height":218,"caption":"Black-Tchip"},"image":{"@id":"https:\/\/blacktchip.com\/site\/#\/schema\/logo\/image\/"}}]}},"_links":{"self":[{"href":"https:\/\/blacktchip.com\/site\/wp-json\/wp\/v2\/product\/1991","targetHints":{"allow":["GET"]}}],"collection":[{"href":"https:\/\/blacktchip.com\/site\/wp-json\/wp\/v2\/product"}],"about":[{"href":"https:\/\/blacktchip.com\/site\/wp-json\/wp\/v2\/types\/product"}],"replies":[{"embeddable":true,"href":"https:\/\/blacktchip.com\/site\/wp-json\/wp\/v2\/comments?post=1991"}],"wp:featuredmedia":[{"embeddable":true,"href":"https:\/\/blacktchip.com\/site\/wp-json\/wp\/v2\/media\/2002"}],"wp:attachment":[{"href":"https:\/\/blacktchip.com\/site\/wp-json\/wp\/v2\/media?parent=1991"}],"wp:term":[{"taxonomy":"product_brand","embeddable":true,"href":"https:\/\/blacktchip.com\/site\/wp-json\/wp\/v2\/product_brand?post=1991"},{"taxonomy":"product_cat","embeddable":true,"href":"https:\/\/blacktchip.com\/site\/wp-json\/wp\/v2\/product_cat?post=1991"},{"taxonomy":"product_tag","embeddable":true,"href":"https:\/\/blacktchip.com\/site\/wp-json\/wp\/v2\/product_tag?post=1991"}],"curies":[{"name":"wp","href":"https:\/\/api.w.org\/{rel}","templated":true}]}}