{"id":2019,"date":"2019-04-14T18:22:10","date_gmt":"2019-04-14T16:22:10","guid":{"rendered":"https:\/\/blacktchip.com\/site\/?post_type=product&#038;p=2019"},"modified":"2025-07-20T14:27:14","modified_gmt":"2025-07-20T12:27:14","slug":"totem-2","status":"publish","type":"product","link":"https:\/\/blacktchip.com\/site\/product\/totem-2\/","title":{"rendered":"Totem"},"content":{"rendered":"","protected":false},"excerpt":{"rendered":"<p><strong>Description : <\/strong>100% Coton Oversize Heavy weight 320gsm<\/p>\n<p>T-shirt en coton, avec broderie discrete sur la manche, agr\u00e9able et de tr\u00e8s bonne qualit\u00e9, 3 techniques de marquage diff\u00e9rentes, col rond, hypnotisez vos interlocuteurs par le regard soutenu du hibou, sortez sous protection Totem. \u00ab\u00a0Ze\u00a0Must-have\u00a0\u00bb, \u00e0 porter, non pas \u00e0 d\u00e9tenir ni \u00e0 poss\u00e9der.<\/p>\n<p>Avec ton <em data-start=\"102\" data-end=\"127\">Artefact Design Support<\/em>, tu re\u00e7ois une des 4 cartes collectors bien au chaud dans son petit \u00e9tui styl\u00e9.<br data-start=\"241\" data-end=\"244\" \/>Elle peut te faire gagner un super lot gr\u00e2ce \u00e0 notre jeu-concours !<br data-start=\"314\" data-end=\"317\" \/>Et ce n\u2019est pas tout : un QR code magique t\u2019attend pour plonger direct dans une exp\u00e9rience en r\u00e9alit\u00e9 augment\u00e9e\u2026 sur ton support !<\/p>\n<p>&nbsp;<\/p>\n<p>T-shirt, round neck in cotton, discreet embordery, nice and very good quality, 3 differents marking techniques, hypnotize your interlocutors by the sustained eye of the owl, go under protection Totem. \u00ab\u00a0Ze Must-have\u00a0\u00bb to wear, not to hold or possess.<\/p>\n<p>With your Artefact Design Support, you receive one of 4 collector cards safely tucked away in its stylish little case.<\/p>\n<p>It can win you a great prize thanks to our contest! And that&rsquo;s not all: a magic QR code awaits you to dive straight into an augmented reality experience&#8230; on your support!<\/p>\n","protected":false},"featured_media":2882,"comment_status":"closed","ping_status":"closed","template":"","meta":{"_acf_changed":false},"product_brand":[],"product_cat":[32],"product_tag":[],"class_list":{"0":"post-2019","1":"product","2":"type-product","3":"status-publish","4":"has-post-thumbnail","6":"product_cat-tshirts","8":"first","9":"instock","10":"shipping-taxable","11":"purchasable","12":"product-type-variable"},"acf":[],"yoast_head":"<!-- This site is optimized with the Yoast SEO plugin v27.5 - https:\/\/yoast.com\/product\/yoast-seo-wordpress\/ -->\n<title>Totem - Black-Tchip<\/title>\n<meta name=\"description\" content=\"100% Coton Oversize heavu weight 320 gsm T-shirt en coton, agr\u00e9able et de tr\u00e8s bonne qualit\u00e9, 3 techniques de marquage diff\u00e9rentes, col rond, hypnotisez vos interlocuteurs par le regard soutenu du hibou, sortez sous protection Totem. &quot;Ze\u00a0Must-have&quot;, \u00e0 porter, non pas \u00e0 d\u00e9tenir ni \u00e0 poss\u00e9der.100% Cotton Organic. 160gT-shirt, round neck in cotton, nice and very good quality, 3 differents marking techniques, hypnotize your interlocutors by the sustained eye of the owl, go under protection Totem. &quot;Ze Must-have&quot; to wear, not to hold or possessPourquoi choisir la marque Black Tchip et en quoi est-elle diff\u00e9rente?Peut \u00eatre, pour le cot\u00e9 urbain, spirituel, hype et connect\u00e9 Ou encore, le concept du LUMIREFLEX, ou m\u00eame du logoOu certainement, la signature du double cordage sur les hoodiesOu s\u00fbrement, pour la collection TAKE-STYLE, r\u00e9alit\u00e9 augment\u00e9e sur v\u00eatementsMais clairement, et tout simplement, parce que vous vous sentirez bien dedans.Why choose the Black Tchip brand and how is it different?Maybe, for the urban side, spiritual, hype and connectedOr the LUMIREFLEX concept, or even the logoOr certainly, the signature of the double cordage on the hoodiesOr surely, for the TAKE-STYLE collection, augmented reality on clothesBut clearly, and quite simply, because you will feel good inside.Ce mod\u00e8le de la collection TAKE-style* est dot\u00e9 de la technologie AR (R\u00e9alit\u00e9 Augment\u00e9e) en collaboration avec l\u2019application EYEJACK qui vous permettra de voir une animation en 3D sur le textile gr\u00e2ce au QR code.*(Technical Ar Kingdom Evolutive-style)This model from the TAKE-style* collection is equipped with AR (Augmented Reality) technology in collaboration with the EYEJACK application which will allow you to see a 3D animation on the textile thanks to the QR code.*(Technical Ar Kingdom Evolutionary-style) acheter man woman omme femme unisex vetements clothing shop fashion international trend shopping branding sneakerhead sneakeraddict paris france hypebeast worldwide\" \/>\n<meta name=\"robots\" content=\"index, follow, max-snippet:-1, max-image-preview:large, max-video-preview:-1\" \/>\n<link rel=\"canonical\" href=\"https:\/\/blacktchip.com\/site\/product\/totem-2\/\" \/>\n<meta property=\"og:locale\" content=\"fr_FR\" \/>\n<meta property=\"og:type\" content=\"article\" \/>\n<meta property=\"og:title\" content=\"Totem - Black-Tchip\" \/>\n<meta property=\"og:description\" content=\"100% Coton Oversize heavu weight 320 gsm T-shirt en coton, agr\u00e9able et de tr\u00e8s bonne qualit\u00e9, 3 techniques de marquage diff\u00e9rentes, col rond, hypnotisez vos interlocuteurs par le regard soutenu du hibou, sortez sous protection Totem. &quot;Ze\u00a0Must-have&quot;, \u00e0 porter, non pas \u00e0 d\u00e9tenir ni \u00e0 poss\u00e9der.100% Cotton Organic. 160gT-shirt, round neck in cotton, nice and very good quality, 3 differents marking techniques, hypnotize your interlocutors by the sustained eye of the owl, go under protection Totem. &quot;Ze Must-have&quot; to wear, not to hold or possessPourquoi choisir la marque Black Tchip et en quoi est-elle diff\u00e9rente?Peut \u00eatre, pour le cot\u00e9 urbain, spirituel, hype et connect\u00e9 Ou encore, le concept du LUMIREFLEX, ou m\u00eame du logoOu certainement, la signature du double cordage sur les hoodiesOu s\u00fbrement, pour la collection TAKE-STYLE, r\u00e9alit\u00e9 augment\u00e9e sur v\u00eatementsMais clairement, et tout simplement, parce que vous vous sentirez bien dedans.Why choose the Black Tchip brand and how is it different?Maybe, for the urban side, spiritual, hype and connectedOr the LUMIREFLEX concept, or even the logoOr certainly, the signature of the double cordage on the hoodiesOr surely, for the TAKE-STYLE collection, augmented reality on clothesBut clearly, and quite simply, because you will feel good inside.Ce mod\u00e8le de la collection TAKE-style* est dot\u00e9 de la technologie AR (R\u00e9alit\u00e9 Augment\u00e9e) en collaboration avec l\u2019application EYEJACK qui vous permettra de voir une animation en 3D sur le textile gr\u00e2ce au QR code.*(Technical Ar Kingdom Evolutive-style)This model from the TAKE-style* collection is equipped with AR (Augmented Reality) technology in collaboration with the EYEJACK application which will allow you to see a 3D animation on the textile thanks to the QR code.*(Technical Ar Kingdom Evolutionary-style) acheter man woman omme femme unisex vetements clothing shop fashion international trend shopping branding sneakerhead sneakeraddict paris france hypebeast worldwide\" \/>\n<meta property=\"og:url\" content=\"https:\/\/blacktchip.com\/site\/product\/totem-2\/\" \/>\n<meta property=\"og:site_name\" content=\"Black-Tchip\" \/>\n<meta property=\"article:modified_time\" content=\"2025-07-20T12:27:14+00:00\" \/>\n<meta property=\"og:image\" content=\"https:\/\/blacktchip.com\/site\/wp-content\/uploads\/2019\/04\/DSC_0073.jpg\" \/>\n\t<meta property=\"og:image:width\" content=\"1300\" \/>\n\t<meta property=\"og:image:height\" content=\"1547\" \/>\n\t<meta property=\"og:image:type\" content=\"image\/jpeg\" \/>\n<meta name=\"twitter:card\" content=\"summary_large_image\" \/>\n<meta name=\"twitter:label1\" content=\"Dur\u00e9e de lecture estim\u00e9e\" \/>\n\t<meta name=\"twitter:data1\" content=\"1 minute\" \/>\n<script type=\"application\/ld+json\" class=\"yoast-schema-graph\">{\"@context\":\"https:\\\/\\\/schema.org\",\"@graph\":[{\"@type\":\"WebPage\",\"@id\":\"https:\\\/\\\/blacktchip.com\\\/site\\\/product\\\/totem-2\\\/\",\"url\":\"https:\\\/\\\/blacktchip.com\\\/site\\\/product\\\/totem-2\\\/\",\"name\":\"Totem - Black-Tchip\",\"isPartOf\":{\"@id\":\"https:\\\/\\\/blacktchip.com\\\/site\\\/#website\"},\"primaryImageOfPage\":{\"@id\":\"https:\\\/\\\/blacktchip.com\\\/site\\\/product\\\/totem-2\\\/#primaryimage\"},\"image\":{\"@id\":\"https:\\\/\\\/blacktchip.com\\\/site\\\/product\\\/totem-2\\\/#primaryimage\"},\"thumbnailUrl\":\"https:\\\/\\\/blacktchip.com\\\/site\\\/wp-content\\\/uploads\\\/2019\\\/04\\\/DSC_0073.jpg\",\"datePublished\":\"2019-04-14T16:22:10+00:00\",\"dateModified\":\"2025-07-20T12:27:14+00:00\",\"description\":\"100% Coton Oversize heavu weight 320 gsm T-shirt en coton, agr\u00e9able et de tr\u00e8s bonne qualit\u00e9, 3 techniques de marquage diff\u00e9rentes, col rond, hypnotisez vos interlocuteurs par le regard soutenu du hibou, sortez sous protection Totem. \\\"Ze\u00a0Must-have\\\", \u00e0 porter, non pas \u00e0 d\u00e9tenir ni \u00e0 poss\u00e9der.100% Cotton Organic. 160gT-shirt, round neck in cotton, nice and very good quality, 3 differents marking techniques, hypnotize your interlocutors by the sustained eye of the owl, go under protection Totem. \\\"Ze Must-have\\\" to wear, not to hold or possessPourquoi choisir la marque Black Tchip et en quoi est-elle diff\u00e9rente?Peut \u00eatre, pour le cot\u00e9 urbain, spirituel, hype et connect\u00e9 Ou encore, le concept du LUMIREFLEX, ou m\u00eame du logoOu certainement, la signature du double cordage sur les hoodiesOu s\u00fbrement, pour la collection TAKE-STYLE, r\u00e9alit\u00e9 augment\u00e9e sur v\u00eatementsMais clairement, et tout simplement, parce que vous vous sentirez bien dedans.Why choose the Black Tchip brand and how is it different?Maybe, for the urban side, spiritual, hype and connectedOr the LUMIREFLEX concept, or even the logoOr certainly, the signature of the double cordage on the hoodiesOr surely, for the TAKE-STYLE collection, augmented reality on clothesBut clearly, and quite simply, because you will feel good inside.Ce mod\u00e8le de la collection TAKE-style* est dot\u00e9 de la technologie AR (R\u00e9alit\u00e9 Augment\u00e9e) en collaboration avec l\u2019application EYEJACK qui vous permettra de voir une animation en 3D sur le textile gr\u00e2ce au QR code.*(Technical Ar Kingdom Evolutive-style)This model from the TAKE-style* collection is equipped with AR (Augmented Reality) technology in collaboration with the EYEJACK application which will allow you to see a 3D animation on the textile thanks to the QR code.*(Technical Ar Kingdom Evolutionary-style) acheter man woman omme femme unisex vetements clothing shop fashion international trend shopping branding sneakerhead sneakeraddict paris france hypebeast worldwide\",\"breadcrumb\":{\"@id\":\"https:\\\/\\\/blacktchip.com\\\/site\\\/product\\\/totem-2\\\/#breadcrumb\"},\"inLanguage\":\"fr-FR\",\"potentialAction\":[{\"@type\":\"ReadAction\",\"target\":[\"https:\\\/\\\/blacktchip.com\\\/site\\\/product\\\/totem-2\\\/\"]}]},{\"@type\":\"ImageObject\",\"inLanguage\":\"fr-FR\",\"@id\":\"https:\\\/\\\/blacktchip.com\\\/site\\\/product\\\/totem-2\\\/#primaryimage\",\"url\":\"https:\\\/\\\/blacktchip.com\\\/site\\\/wp-content\\\/uploads\\\/2019\\\/04\\\/DSC_0073.jpg\",\"contentUrl\":\"https:\\\/\\\/blacktchip.com\\\/site\\\/wp-content\\\/uploads\\\/2019\\\/04\\\/DSC_0073.jpg\",\"width\":1300,\"height\":1547},{\"@type\":\"BreadcrumbList\",\"@id\":\"https:\\\/\\\/blacktchip.com\\\/site\\\/product\\\/totem-2\\\/#breadcrumb\",\"itemListElement\":[{\"@type\":\"ListItem\",\"position\":1,\"name\":\"Accueil\",\"item\":\"https:\\\/\\\/blacktchip.com\\\/site\\\/\"},{\"@type\":\"ListItem\",\"position\":2,\"name\":\"Boutique\",\"item\":\"https:\\\/\\\/blacktchip.com\\\/site\\\/boutique\\\/\"},{\"@type\":\"ListItem\",\"position\":3,\"name\":\"Totem\"}]},{\"@type\":\"WebSite\",\"@id\":\"https:\\\/\\\/blacktchip.com\\\/site\\\/#website\",\"url\":\"https:\\\/\\\/blacktchip.com\\\/site\\\/\",\"name\":\"Black-Tchip\",\"description\":\"Great wolf in Tchip clothing\",\"publisher\":{\"@id\":\"https:\\\/\\\/blacktchip.com\\\/site\\\/#organization\"},\"potentialAction\":[{\"@type\":\"SearchAction\",\"target\":{\"@type\":\"EntryPoint\",\"urlTemplate\":\"https:\\\/\\\/blacktchip.com\\\/site\\\/?s={search_term_string}\"},\"query-input\":{\"@type\":\"PropertyValueSpecification\",\"valueRequired\":true,\"valueName\":\"search_term_string\"}}],\"inLanguage\":\"fr-FR\"},{\"@type\":\"Organization\",\"@id\":\"https:\\\/\\\/blacktchip.com\\\/site\\\/#organization\",\"name\":\"Black-Tchip\",\"url\":\"https:\\\/\\\/blacktchip.com\\\/site\\\/\",\"logo\":{\"@type\":\"ImageObject\",\"inLanguage\":\"fr-FR\",\"@id\":\"https:\\\/\\\/blacktchip.com\\\/site\\\/#\\\/schema\\\/logo\\\/image\\\/\",\"url\":\"https:\\\/\\\/blacktchip.com\\\/site\\\/wp-content\\\/uploads\\\/2018\\\/08\\\/cropped-Blacktchip_signature-official2K19_600.png\",\"contentUrl\":\"https:\\\/\\\/blacktchip.com\\\/site\\\/wp-content\\\/uploads\\\/2018\\\/08\\\/cropped-Blacktchip_signature-official2K19_600.png\",\"width\":600,\"height\":218,\"caption\":\"Black-Tchip\"},\"image\":{\"@id\":\"https:\\\/\\\/blacktchip.com\\\/site\\\/#\\\/schema\\\/logo\\\/image\\\/\"}}]}<\/script>\n<!-- \/ Yoast SEO plugin. -->","yoast_head_json":{"title":"Totem - Black-Tchip","description":"100% Coton Oversize heavu weight 320 gsm T-shirt en coton, agr\u00e9able et de tr\u00e8s bonne qualit\u00e9, 3 techniques de marquage diff\u00e9rentes, col rond, hypnotisez vos interlocuteurs par le regard soutenu du hibou, sortez sous protection Totem. \"Ze\u00a0Must-have\", \u00e0 porter, non pas \u00e0 d\u00e9tenir ni \u00e0 poss\u00e9der.100% Cotton Organic. 160gT-shirt, round neck in cotton, nice and very good quality, 3 differents marking techniques, hypnotize your interlocutors by the sustained eye of the owl, go under protection Totem. \"Ze Must-have\" to wear, not to hold or possessPourquoi choisir la marque Black Tchip et en quoi est-elle diff\u00e9rente?Peut \u00eatre, pour le cot\u00e9 urbain, spirituel, hype et connect\u00e9 Ou encore, le concept du LUMIREFLEX, ou m\u00eame du logoOu certainement, la signature du double cordage sur les hoodiesOu s\u00fbrement, pour la collection TAKE-STYLE, r\u00e9alit\u00e9 augment\u00e9e sur v\u00eatementsMais clairement, et tout simplement, parce que vous vous sentirez bien dedans.Why choose the Black Tchip brand and how is it different?Maybe, for the urban side, spiritual, hype and connectedOr the LUMIREFLEX concept, or even the logoOr certainly, the signature of the double cordage on the hoodiesOr surely, for the TAKE-STYLE collection, augmented reality on clothesBut clearly, and quite simply, because you will feel good inside.Ce mod\u00e8le de la collection TAKE-style* est dot\u00e9 de la technologie AR (R\u00e9alit\u00e9 Augment\u00e9e) en collaboration avec l\u2019application EYEJACK qui vous permettra de voir une animation en 3D sur le textile gr\u00e2ce au QR code.*(Technical Ar Kingdom Evolutive-style)This model from the TAKE-style* collection is equipped with AR (Augmented Reality) technology in collaboration with the EYEJACK application which will allow you to see a 3D animation on the textile thanks to the QR code.*(Technical Ar Kingdom Evolutionary-style) acheter man woman omme femme unisex vetements clothing shop fashion international trend shopping branding sneakerhead sneakeraddict paris france hypebeast worldwide","robots":{"index":"index","follow":"follow","max-snippet":"max-snippet:-1","max-image-preview":"max-image-preview:large","max-video-preview":"max-video-preview:-1"},"canonical":"https:\/\/blacktchip.com\/site\/product\/totem-2\/","og_locale":"fr_FR","og_type":"article","og_title":"Totem - Black-Tchip","og_description":"100% Coton Oversize heavu weight 320 gsm T-shirt en coton, agr\u00e9able et de tr\u00e8s bonne qualit\u00e9, 3 techniques de marquage diff\u00e9rentes, col rond, hypnotisez vos interlocuteurs par le regard soutenu du hibou, sortez sous protection Totem. \"Ze\u00a0Must-have\", \u00e0 porter, non pas \u00e0 d\u00e9tenir ni \u00e0 poss\u00e9der.100% Cotton Organic. 160gT-shirt, round neck in cotton, nice and very good quality, 3 differents marking techniques, hypnotize your interlocutors by the sustained eye of the owl, go under protection Totem. \"Ze Must-have\" to wear, not to hold or possessPourquoi choisir la marque Black Tchip et en quoi est-elle diff\u00e9rente?Peut \u00eatre, pour le cot\u00e9 urbain, spirituel, hype et connect\u00e9 Ou encore, le concept du LUMIREFLEX, ou m\u00eame du logoOu certainement, la signature du double cordage sur les hoodiesOu s\u00fbrement, pour la collection TAKE-STYLE, r\u00e9alit\u00e9 augment\u00e9e sur v\u00eatementsMais clairement, et tout simplement, parce que vous vous sentirez bien dedans.Why choose the Black Tchip brand and how is it different?Maybe, for the urban side, spiritual, hype and connectedOr the LUMIREFLEX concept, or even the logoOr certainly, the signature of the double cordage on the hoodiesOr surely, for the TAKE-STYLE collection, augmented reality on clothesBut clearly, and quite simply, because you will feel good inside.Ce mod\u00e8le de la collection TAKE-style* est dot\u00e9 de la technologie AR (R\u00e9alit\u00e9 Augment\u00e9e) en collaboration avec l\u2019application EYEJACK qui vous permettra de voir une animation en 3D sur le textile gr\u00e2ce au QR code.*(Technical Ar Kingdom Evolutive-style)This model from the TAKE-style* collection is equipped with AR (Augmented Reality) technology in collaboration with the EYEJACK application which will allow you to see a 3D animation on the textile thanks to the QR code.*(Technical Ar Kingdom Evolutionary-style) acheter man woman omme femme unisex vetements clothing shop fashion international trend shopping branding sneakerhead sneakeraddict paris france hypebeast worldwide","og_url":"https:\/\/blacktchip.com\/site\/product\/totem-2\/","og_site_name":"Black-Tchip","article_modified_time":"2025-07-20T12:27:14+00:00","og_image":[{"width":1300,"height":1547,"url":"https:\/\/blacktchip.com\/site\/wp-content\/uploads\/2019\/04\/DSC_0073.jpg","type":"image\/jpeg"}],"twitter_card":"summary_large_image","twitter_misc":{"Dur\u00e9e de lecture estim\u00e9e":"1 minute"},"schema":{"@context":"https:\/\/schema.org","@graph":[{"@type":"WebPage","@id":"https:\/\/blacktchip.com\/site\/product\/totem-2\/","url":"https:\/\/blacktchip.com\/site\/product\/totem-2\/","name":"Totem - Black-Tchip","isPartOf":{"@id":"https:\/\/blacktchip.com\/site\/#website"},"primaryImageOfPage":{"@id":"https:\/\/blacktchip.com\/site\/product\/totem-2\/#primaryimage"},"image":{"@id":"https:\/\/blacktchip.com\/site\/product\/totem-2\/#primaryimage"},"thumbnailUrl":"https:\/\/blacktchip.com\/site\/wp-content\/uploads\/2019\/04\/DSC_0073.jpg","datePublished":"2019-04-14T16:22:10+00:00","dateModified":"2025-07-20T12:27:14+00:00","description":"100% Coton Oversize heavu weight 320 gsm T-shirt en coton, agr\u00e9able et de tr\u00e8s bonne qualit\u00e9, 3 techniques de marquage diff\u00e9rentes, col rond, hypnotisez vos interlocuteurs par le regard soutenu du hibou, sortez sous protection Totem. \"Ze\u00a0Must-have\", \u00e0 porter, non pas \u00e0 d\u00e9tenir ni \u00e0 poss\u00e9der.100% Cotton Organic. 160gT-shirt, round neck in cotton, nice and very good quality, 3 differents marking techniques, hypnotize your interlocutors by the sustained eye of the owl, go under protection Totem. \"Ze Must-have\" to wear, not to hold or possessPourquoi choisir la marque Black Tchip et en quoi est-elle diff\u00e9rente?Peut \u00eatre, pour le cot\u00e9 urbain, spirituel, hype et connect\u00e9 Ou encore, le concept du LUMIREFLEX, ou m\u00eame du logoOu certainement, la signature du double cordage sur les hoodiesOu s\u00fbrement, pour la collection TAKE-STYLE, r\u00e9alit\u00e9 augment\u00e9e sur v\u00eatementsMais clairement, et tout simplement, parce que vous vous sentirez bien dedans.Why choose the Black Tchip brand and how is it different?Maybe, for the urban side, spiritual, hype and connectedOr the LUMIREFLEX concept, or even the logoOr certainly, the signature of the double cordage on the hoodiesOr surely, for the TAKE-STYLE collection, augmented reality on clothesBut clearly, and quite simply, because you will feel good inside.Ce mod\u00e8le de la collection TAKE-style* est dot\u00e9 de la technologie AR (R\u00e9alit\u00e9 Augment\u00e9e) en collaboration avec l\u2019application EYEJACK qui vous permettra de voir une animation en 3D sur le textile gr\u00e2ce au QR code.*(Technical Ar Kingdom Evolutive-style)This model from the TAKE-style* collection is equipped with AR (Augmented Reality) technology in collaboration with the EYEJACK application which will allow you to see a 3D animation on the textile thanks to the QR code.*(Technical Ar Kingdom Evolutionary-style) acheter man woman omme femme unisex vetements clothing shop fashion international trend shopping branding sneakerhead sneakeraddict paris france hypebeast worldwide","breadcrumb":{"@id":"https:\/\/blacktchip.com\/site\/product\/totem-2\/#breadcrumb"},"inLanguage":"fr-FR","potentialAction":[{"@type":"ReadAction","target":["https:\/\/blacktchip.com\/site\/product\/totem-2\/"]}]},{"@type":"ImageObject","inLanguage":"fr-FR","@id":"https:\/\/blacktchip.com\/site\/product\/totem-2\/#primaryimage","url":"https:\/\/blacktchip.com\/site\/wp-content\/uploads\/2019\/04\/DSC_0073.jpg","contentUrl":"https:\/\/blacktchip.com\/site\/wp-content\/uploads\/2019\/04\/DSC_0073.jpg","width":1300,"height":1547},{"@type":"BreadcrumbList","@id":"https:\/\/blacktchip.com\/site\/product\/totem-2\/#breadcrumb","itemListElement":[{"@type":"ListItem","position":1,"name":"Accueil","item":"https:\/\/blacktchip.com\/site\/"},{"@type":"ListItem","position":2,"name":"Boutique","item":"https:\/\/blacktchip.com\/site\/boutique\/"},{"@type":"ListItem","position":3,"name":"Totem"}]},{"@type":"WebSite","@id":"https:\/\/blacktchip.com\/site\/#website","url":"https:\/\/blacktchip.com\/site\/","name":"Black-Tchip","description":"Great wolf in Tchip clothing","publisher":{"@id":"https:\/\/blacktchip.com\/site\/#organization"},"potentialAction":[{"@type":"SearchAction","target":{"@type":"EntryPoint","urlTemplate":"https:\/\/blacktchip.com\/site\/?s={search_term_string}"},"query-input":{"@type":"PropertyValueSpecification","valueRequired":true,"valueName":"search_term_string"}}],"inLanguage":"fr-FR"},{"@type":"Organization","@id":"https:\/\/blacktchip.com\/site\/#organization","name":"Black-Tchip","url":"https:\/\/blacktchip.com\/site\/","logo":{"@type":"ImageObject","inLanguage":"fr-FR","@id":"https:\/\/blacktchip.com\/site\/#\/schema\/logo\/image\/","url":"https:\/\/blacktchip.com\/site\/wp-content\/uploads\/2018\/08\/cropped-Blacktchip_signature-official2K19_600.png","contentUrl":"https:\/\/blacktchip.com\/site\/wp-content\/uploads\/2018\/08\/cropped-Blacktchip_signature-official2K19_600.png","width":600,"height":218,"caption":"Black-Tchip"},"image":{"@id":"https:\/\/blacktchip.com\/site\/#\/schema\/logo\/image\/"}}]}},"_links":{"self":[{"href":"https:\/\/blacktchip.com\/site\/wp-json\/wp\/v2\/product\/2019","targetHints":{"allow":["GET"]}}],"collection":[{"href":"https:\/\/blacktchip.com\/site\/wp-json\/wp\/v2\/product"}],"about":[{"href":"https:\/\/blacktchip.com\/site\/wp-json\/wp\/v2\/types\/product"}],"replies":[{"embeddable":true,"href":"https:\/\/blacktchip.com\/site\/wp-json\/wp\/v2\/comments?post=2019"}],"wp:featuredmedia":[{"embeddable":true,"href":"https:\/\/blacktchip.com\/site\/wp-json\/wp\/v2\/media\/2882"}],"wp:attachment":[{"href":"https:\/\/blacktchip.com\/site\/wp-json\/wp\/v2\/media?parent=2019"}],"wp:term":[{"taxonomy":"product_brand","embeddable":true,"href":"https:\/\/blacktchip.com\/site\/wp-json\/wp\/v2\/product_brand?post=2019"},{"taxonomy":"product_cat","embeddable":true,"href":"https:\/\/blacktchip.com\/site\/wp-json\/wp\/v2\/product_cat?post=2019"},{"taxonomy":"product_tag","embeddable":true,"href":"https:\/\/blacktchip.com\/site\/wp-json\/wp\/v2\/product_tag?post=2019"}],"curies":[{"name":"wp","href":"https:\/\/api.w.org\/{rel}","templated":true}]}}