{"id":2054,"date":"2019-04-14T20:09:03","date_gmt":"2019-04-14T18:09:03","guid":{"rendered":"https:\/\/blacktchip.com\/site\/?post_type=product&#038;p=2054"},"modified":"2025-07-19T20:08:05","modified_gmt":"2025-07-19T18:08:05","slug":"patch-jacket","status":"publish","type":"product","link":"https:\/\/blacktchip.com\/site\/product\/patch-jacket\/","title":{"rendered":"Patch Jacket"},"content":{"rendered":"","protected":false},"excerpt":{"rendered":"<p><strong>100% Polyester<\/strong><\/p>\n<p>Veste \u00ab bombers \u00bb avec patchs divers, \u00e9criture japonaise au dos pour la touche \u00abmanga\u00bb. Une touche d\u2019\u00e9l\u00e9gance discr\u00e8te, int\u00e9rieur orange avec une \u00e9tiquette en madras en poche int\u00e9rieure, et une \u00e9tiquette au dos en wax avec un totem en ombre.<\/p>\n<p>&nbsp;<\/p>\n<p><strong>100% Polyester<\/strong><\/p>\n<p>\u00ab Bombers \u00bb jacket various patches, japenese write in back for the \u00abmanga\u00bb touch. A touch of discreet elegance, orange interior with a madras label in the inside pocket, and a label on the back in wax with a totem in shadow.<\/p>\n","protected":false},"featured_media":2065,"comment_status":"closed","ping_status":"closed","template":"","meta":{"_acf_changed":false},"product_brand":[],"product_cat":[119],"product_tag":[],"class_list":{"0":"post-2054","1":"product","2":"type-product","3":"status-publish","4":"has-post-thumbnail","6":"product_cat-jackets","8":"first","9":"outofstock","10":"shipping-taxable","11":"purchasable","12":"product-type-variable"},"acf":[],"yoast_head":"<!-- This site is optimized with the Yoast SEO plugin v27.5 - https:\/\/yoast.com\/product\/yoast-seo-wordpress\/ -->\n<title>Patch Jacket - Black-Tchip<\/title>\n<meta name=\"robots\" content=\"index, follow, max-snippet:-1, max-image-preview:large, max-video-preview:-1\" \/>\n<link rel=\"canonical\" href=\"https:\/\/blacktchip.com\/site\/product\/patch-jacket\/\" \/>\n<meta property=\"og:locale\" content=\"fr_FR\" \/>\n<meta property=\"og:type\" content=\"article\" \/>\n<meta property=\"og:title\" content=\"Patch Jacket - Black-Tchip\" \/>\n<meta property=\"og:description\" content=\"100% Polyester  Veste \u00ab bombers \u00bb avec patchs divers, \u00e9criture japonaise au dos pour la touche \u00abmanga\u00bb. Une touche d\u2019\u00e9l\u00e9gance discr\u00e8te, int\u00e9rieur orange avec une \u00e9tiquette en madras en poche int\u00e9rieure, et une \u00e9tiquette au dos en wax avec un totem en ombre.  &nbsp;  100% Polyester  \u00ab Bombers \u00bb jacket various patches, japenese write in back for the \u00abmanga\u00bb touch. A touch of discreet elegance, orange interior with a madras label in the inside pocket, and a label on the back in wax with a totem in shadow.\" \/>\n<meta property=\"og:url\" content=\"https:\/\/blacktchip.com\/site\/product\/patch-jacket\/\" \/>\n<meta property=\"og:site_name\" content=\"Black-Tchip\" \/>\n<meta property=\"article:modified_time\" content=\"2025-07-19T18:08:05+00:00\" \/>\n<meta property=\"og:image\" content=\"https:\/\/blacktchip.com\/site\/wp-content\/uploads\/2019\/04\/jacket_patchs_blacktchip_01.jpg\" \/>\n\t<meta property=\"og:image:width\" content=\"1300\" \/>\n\t<meta property=\"og:image:height\" content=\"1547\" \/>\n\t<meta property=\"og:image:type\" content=\"image\/jpeg\" \/>\n<meta name=\"twitter:card\" content=\"summary_large_image\" \/>\n<meta name=\"twitter:label1\" content=\"Dur\u00e9e de lecture estim\u00e9e\" \/>\n\t<meta name=\"twitter:data1\" content=\"1 minute\" \/>\n<script type=\"application\/ld+json\" class=\"yoast-schema-graph\">{\"@context\":\"https:\\\/\\\/schema.org\",\"@graph\":[{\"@type\":\"WebPage\",\"@id\":\"https:\\\/\\\/blacktchip.com\\\/site\\\/product\\\/patch-jacket\\\/\",\"url\":\"https:\\\/\\\/blacktchip.com\\\/site\\\/product\\\/patch-jacket\\\/\",\"name\":\"Patch Jacket - Black-Tchip\",\"isPartOf\":{\"@id\":\"https:\\\/\\\/blacktchip.com\\\/site\\\/#website\"},\"primaryImageOfPage\":{\"@id\":\"https:\\\/\\\/blacktchip.com\\\/site\\\/product\\\/patch-jacket\\\/#primaryimage\"},\"image\":{\"@id\":\"https:\\\/\\\/blacktchip.com\\\/site\\\/product\\\/patch-jacket\\\/#primaryimage\"},\"thumbnailUrl\":\"https:\\\/\\\/blacktchip.com\\\/site\\\/wp-content\\\/uploads\\\/2019\\\/04\\\/jacket_patchs_blacktchip_01.jpg\",\"datePublished\":\"2019-04-14T18:09:03+00:00\",\"dateModified\":\"2025-07-19T18:08:05+00:00\",\"breadcrumb\":{\"@id\":\"https:\\\/\\\/blacktchip.com\\\/site\\\/product\\\/patch-jacket\\\/#breadcrumb\"},\"inLanguage\":\"fr-FR\",\"potentialAction\":[{\"@type\":\"ReadAction\",\"target\":[\"https:\\\/\\\/blacktchip.com\\\/site\\\/product\\\/patch-jacket\\\/\"]}]},{\"@type\":\"ImageObject\",\"inLanguage\":\"fr-FR\",\"@id\":\"https:\\\/\\\/blacktchip.com\\\/site\\\/product\\\/patch-jacket\\\/#primaryimage\",\"url\":\"https:\\\/\\\/blacktchip.com\\\/site\\\/wp-content\\\/uploads\\\/2019\\\/04\\\/jacket_patchs_blacktchip_01.jpg\",\"contentUrl\":\"https:\\\/\\\/blacktchip.com\\\/site\\\/wp-content\\\/uploads\\\/2019\\\/04\\\/jacket_patchs_blacktchip_01.jpg\",\"width\":1300,\"height\":1547},{\"@type\":\"BreadcrumbList\",\"@id\":\"https:\\\/\\\/blacktchip.com\\\/site\\\/product\\\/patch-jacket\\\/#breadcrumb\",\"itemListElement\":[{\"@type\":\"ListItem\",\"position\":1,\"name\":\"Accueil\",\"item\":\"https:\\\/\\\/blacktchip.com\\\/site\\\/\"},{\"@type\":\"ListItem\",\"position\":2,\"name\":\"Boutique\",\"item\":\"https:\\\/\\\/blacktchip.com\\\/site\\\/boutique\\\/\"},{\"@type\":\"ListItem\",\"position\":3,\"name\":\"Patch Jacket\"}]},{\"@type\":\"WebSite\",\"@id\":\"https:\\\/\\\/blacktchip.com\\\/site\\\/#website\",\"url\":\"https:\\\/\\\/blacktchip.com\\\/site\\\/\",\"name\":\"Black-Tchip\",\"description\":\"Great wolf in Tchip clothing\",\"publisher\":{\"@id\":\"https:\\\/\\\/blacktchip.com\\\/site\\\/#organization\"},\"potentialAction\":[{\"@type\":\"SearchAction\",\"target\":{\"@type\":\"EntryPoint\",\"urlTemplate\":\"https:\\\/\\\/blacktchip.com\\\/site\\\/?s={search_term_string}\"},\"query-input\":{\"@type\":\"PropertyValueSpecification\",\"valueRequired\":true,\"valueName\":\"search_term_string\"}}],\"inLanguage\":\"fr-FR\"},{\"@type\":\"Organization\",\"@id\":\"https:\\\/\\\/blacktchip.com\\\/site\\\/#organization\",\"name\":\"Black-Tchip\",\"url\":\"https:\\\/\\\/blacktchip.com\\\/site\\\/\",\"logo\":{\"@type\":\"ImageObject\",\"inLanguage\":\"fr-FR\",\"@id\":\"https:\\\/\\\/blacktchip.com\\\/site\\\/#\\\/schema\\\/logo\\\/image\\\/\",\"url\":\"https:\\\/\\\/blacktchip.com\\\/site\\\/wp-content\\\/uploads\\\/2018\\\/08\\\/cropped-Blacktchip_signature-official2K19_600.png\",\"contentUrl\":\"https:\\\/\\\/blacktchip.com\\\/site\\\/wp-content\\\/uploads\\\/2018\\\/08\\\/cropped-Blacktchip_signature-official2K19_600.png\",\"width\":600,\"height\":218,\"caption\":\"Black-Tchip\"},\"image\":{\"@id\":\"https:\\\/\\\/blacktchip.com\\\/site\\\/#\\\/schema\\\/logo\\\/image\\\/\"}}]}<\/script>\n<!-- \/ Yoast SEO plugin. -->","yoast_head_json":{"title":"Patch Jacket - Black-Tchip","robots":{"index":"index","follow":"follow","max-snippet":"max-snippet:-1","max-image-preview":"max-image-preview:large","max-video-preview":"max-video-preview:-1"},"canonical":"https:\/\/blacktchip.com\/site\/product\/patch-jacket\/","og_locale":"fr_FR","og_type":"article","og_title":"Patch Jacket - Black-Tchip","og_description":"100% Polyester  Veste \u00ab bombers \u00bb avec patchs divers, \u00e9criture japonaise au dos pour la touche \u00abmanga\u00bb. Une touche d\u2019\u00e9l\u00e9gance discr\u00e8te, int\u00e9rieur orange avec une \u00e9tiquette en madras en poche int\u00e9rieure, et une \u00e9tiquette au dos en wax avec un totem en ombre.  &nbsp;  100% Polyester  \u00ab Bombers \u00bb jacket various patches, japenese write in back for the \u00abmanga\u00bb touch. A touch of discreet elegance, orange interior with a madras label in the inside pocket, and a label on the back in wax with a totem in shadow.","og_url":"https:\/\/blacktchip.com\/site\/product\/patch-jacket\/","og_site_name":"Black-Tchip","article_modified_time":"2025-07-19T18:08:05+00:00","og_image":[{"width":1300,"height":1547,"url":"https:\/\/blacktchip.com\/site\/wp-content\/uploads\/2019\/04\/jacket_patchs_blacktchip_01.jpg","type":"image\/jpeg"}],"twitter_card":"summary_large_image","twitter_misc":{"Dur\u00e9e de lecture estim\u00e9e":"1 minute"},"schema":{"@context":"https:\/\/schema.org","@graph":[{"@type":"WebPage","@id":"https:\/\/blacktchip.com\/site\/product\/patch-jacket\/","url":"https:\/\/blacktchip.com\/site\/product\/patch-jacket\/","name":"Patch Jacket - Black-Tchip","isPartOf":{"@id":"https:\/\/blacktchip.com\/site\/#website"},"primaryImageOfPage":{"@id":"https:\/\/blacktchip.com\/site\/product\/patch-jacket\/#primaryimage"},"image":{"@id":"https:\/\/blacktchip.com\/site\/product\/patch-jacket\/#primaryimage"},"thumbnailUrl":"https:\/\/blacktchip.com\/site\/wp-content\/uploads\/2019\/04\/jacket_patchs_blacktchip_01.jpg","datePublished":"2019-04-14T18:09:03+00:00","dateModified":"2025-07-19T18:08:05+00:00","breadcrumb":{"@id":"https:\/\/blacktchip.com\/site\/product\/patch-jacket\/#breadcrumb"},"inLanguage":"fr-FR","potentialAction":[{"@type":"ReadAction","target":["https:\/\/blacktchip.com\/site\/product\/patch-jacket\/"]}]},{"@type":"ImageObject","inLanguage":"fr-FR","@id":"https:\/\/blacktchip.com\/site\/product\/patch-jacket\/#primaryimage","url":"https:\/\/blacktchip.com\/site\/wp-content\/uploads\/2019\/04\/jacket_patchs_blacktchip_01.jpg","contentUrl":"https:\/\/blacktchip.com\/site\/wp-content\/uploads\/2019\/04\/jacket_patchs_blacktchip_01.jpg","width":1300,"height":1547},{"@type":"BreadcrumbList","@id":"https:\/\/blacktchip.com\/site\/product\/patch-jacket\/#breadcrumb","itemListElement":[{"@type":"ListItem","position":1,"name":"Accueil","item":"https:\/\/blacktchip.com\/site\/"},{"@type":"ListItem","position":2,"name":"Boutique","item":"https:\/\/blacktchip.com\/site\/boutique\/"},{"@type":"ListItem","position":3,"name":"Patch Jacket"}]},{"@type":"WebSite","@id":"https:\/\/blacktchip.com\/site\/#website","url":"https:\/\/blacktchip.com\/site\/","name":"Black-Tchip","description":"Great wolf in Tchip clothing","publisher":{"@id":"https:\/\/blacktchip.com\/site\/#organization"},"potentialAction":[{"@type":"SearchAction","target":{"@type":"EntryPoint","urlTemplate":"https:\/\/blacktchip.com\/site\/?s={search_term_string}"},"query-input":{"@type":"PropertyValueSpecification","valueRequired":true,"valueName":"search_term_string"}}],"inLanguage":"fr-FR"},{"@type":"Organization","@id":"https:\/\/blacktchip.com\/site\/#organization","name":"Black-Tchip","url":"https:\/\/blacktchip.com\/site\/","logo":{"@type":"ImageObject","inLanguage":"fr-FR","@id":"https:\/\/blacktchip.com\/site\/#\/schema\/logo\/image\/","url":"https:\/\/blacktchip.com\/site\/wp-content\/uploads\/2018\/08\/cropped-Blacktchip_signature-official2K19_600.png","contentUrl":"https:\/\/blacktchip.com\/site\/wp-content\/uploads\/2018\/08\/cropped-Blacktchip_signature-official2K19_600.png","width":600,"height":218,"caption":"Black-Tchip"},"image":{"@id":"https:\/\/blacktchip.com\/site\/#\/schema\/logo\/image\/"}}]}},"_links":{"self":[{"href":"https:\/\/blacktchip.com\/site\/wp-json\/wp\/v2\/product\/2054","targetHints":{"allow":["GET"]}}],"collection":[{"href":"https:\/\/blacktchip.com\/site\/wp-json\/wp\/v2\/product"}],"about":[{"href":"https:\/\/blacktchip.com\/site\/wp-json\/wp\/v2\/types\/product"}],"replies":[{"embeddable":true,"href":"https:\/\/blacktchip.com\/site\/wp-json\/wp\/v2\/comments?post=2054"}],"wp:featuredmedia":[{"embeddable":true,"href":"https:\/\/blacktchip.com\/site\/wp-json\/wp\/v2\/media\/2065"}],"wp:attachment":[{"href":"https:\/\/blacktchip.com\/site\/wp-json\/wp\/v2\/media?parent=2054"}],"wp:term":[{"taxonomy":"product_brand","embeddable":true,"href":"https:\/\/blacktchip.com\/site\/wp-json\/wp\/v2\/product_brand?post=2054"},{"taxonomy":"product_cat","embeddable":true,"href":"https:\/\/blacktchip.com\/site\/wp-json\/wp\/v2\/product_cat?post=2054"},{"taxonomy":"product_tag","embeddable":true,"href":"https:\/\/blacktchip.com\/site\/wp-json\/wp\/v2\/product_tag?post=2054"}],"curies":[{"name":"wp","href":"https:\/\/api.w.org\/{rel}","templated":true}]}}