{"id":2070,"date":"2019-04-14T20:15:48","date_gmt":"2019-04-14T18:15:48","guid":{"rendered":"https:\/\/blacktchip.com\/site\/?post_type=product&#038;p=2070"},"modified":"2025-07-19T20:06:28","modified_gmt":"2025-07-19T18:06:28","slug":"jacket-longue","status":"publish","type":"product","link":"https:\/\/blacktchip.com\/site\/product\/jacket-longue\/","title":{"rendered":"Jacket Longue"},"content":{"rendered":"","protected":false},"excerpt":{"rendered":"<p><strong>100% Polyester<\/strong><\/p>\n<p>Veste \u00ab bombers \u00bb longue tr\u00e8s \u00e9l\u00e9gante, mettant en valeur votre silhouette, dos en queue de pie avec fermeture \u00e9clair. Un melting pot de \u00abfrench touch\u00bb discr\u00e8te, int\u00e9rieur rouge avec une \u00e9tiquette en madras et une poche prot\u00e9g\u00e9e par le fameux chat porte bonheur. Une \u00e9tiquette au dos en wax, et un totem en ombre.<\/p>\n<p>Taille tr\u00e8s pr\u00e9s du corps, prendre une taille au dessus pour \u00eatre plus \u00e0 l&rsquo;aise, pour ceux qui le souhaite.<\/p>\n<p>&nbsp;<\/p>\n<p><strong>100% Polyester<\/strong><\/p>\n<p>\u00ab Bombers \u00bb long jacket very elegant, highlighting your silhouette, back in tail pie with zipper. A melting pot of \u00abfrench touch\u00bb discreet, red interior with a madras.<\/p>\n<p>Size very close to the body, take a size above to be more comfortable, for those who wish.<\/p>\n","protected":false},"featured_media":2091,"comment_status":"closed","ping_status":"closed","template":"","meta":{"_acf_changed":false},"product_brand":[],"product_cat":[119],"product_tag":[],"class_list":{"0":"post-2070","1":"product","2":"type-product","3":"status-publish","4":"has-post-thumbnail","6":"product_cat-jackets","8":"first","9":"outofstock","10":"shipping-taxable","11":"purchasable","12":"product-type-variable"},"acf":[],"yoast_head":"<!-- This site is optimized with the Yoast SEO plugin v27.5 - https:\/\/yoast.com\/product\/yoast-seo-wordpress\/ -->\n<title>Jacket Longue - Black-Tchip<\/title>\n<meta name=\"robots\" content=\"index, follow, max-snippet:-1, max-image-preview:large, max-video-preview:-1\" \/>\n<link rel=\"canonical\" href=\"https:\/\/blacktchip.com\/site\/product\/jacket-longue\/\" \/>\n<meta property=\"og:locale\" content=\"fr_FR\" \/>\n<meta property=\"og:type\" content=\"article\" \/>\n<meta property=\"og:title\" content=\"Jacket Longue - Black-Tchip\" \/>\n<meta property=\"og:description\" content=\"100% Polyester  Veste \u00ab bombers \u00bb longue tr\u00e8s \u00e9l\u00e9gante, mettant en valeur votre silhouette, dos en queue de pie avec fermeture \u00e9clair. Un melting pot de \u00abfrench touch\u00bb discr\u00e8te, int\u00e9rieur rouge avec une \u00e9tiquette en madras et une poche prot\u00e9g\u00e9e par le fameux chat porte bonheur. Une \u00e9tiquette au dos en wax, et un totem en ombre.  Taille tr\u00e8s pr\u00e9s du corps, prendre une taille au dessus pour \u00eatre plus \u00e0 l&#039;aise, pour ceux qui le souhaite.  &nbsp;  100% Polyester  \u00ab Bombers \u00bb long jacket very elegant, highlighting your silhouette, back in tail pie with zipper. A melting pot of \u00abfrench touch\u00bb discreet, red interior with a madras.  Size very close to the body, take a size above to be more comfortable, for those who wish.\" \/>\n<meta property=\"og:url\" content=\"https:\/\/blacktchip.com\/site\/product\/jacket-longue\/\" \/>\n<meta property=\"og:site_name\" content=\"Black-Tchip\" \/>\n<meta property=\"article:modified_time\" content=\"2025-07-19T18:06:28+00:00\" \/>\n<meta property=\"og:image\" content=\"https:\/\/blacktchip.com\/site\/wp-content\/uploads\/2019\/04\/jacket_longue_blacktchip_01.jpg\" \/>\n\t<meta property=\"og:image:width\" content=\"1300\" \/>\n\t<meta property=\"og:image:height\" content=\"1547\" \/>\n\t<meta property=\"og:image:type\" content=\"image\/jpeg\" \/>\n<meta name=\"twitter:card\" content=\"summary_large_image\" \/>\n<meta name=\"twitter:label1\" content=\"Dur\u00e9e de lecture estim\u00e9e\" \/>\n\t<meta name=\"twitter:data1\" content=\"1 minute\" \/>\n<script type=\"application\/ld+json\" class=\"yoast-schema-graph\">{\"@context\":\"https:\\\/\\\/schema.org\",\"@graph\":[{\"@type\":\"WebPage\",\"@id\":\"https:\\\/\\\/blacktchip.com\\\/site\\\/product\\\/jacket-longue\\\/\",\"url\":\"https:\\\/\\\/blacktchip.com\\\/site\\\/product\\\/jacket-longue\\\/\",\"name\":\"Jacket Longue - Black-Tchip\",\"isPartOf\":{\"@id\":\"https:\\\/\\\/blacktchip.com\\\/site\\\/#website\"},\"primaryImageOfPage\":{\"@id\":\"https:\\\/\\\/blacktchip.com\\\/site\\\/product\\\/jacket-longue\\\/#primaryimage\"},\"image\":{\"@id\":\"https:\\\/\\\/blacktchip.com\\\/site\\\/product\\\/jacket-longue\\\/#primaryimage\"},\"thumbnailUrl\":\"https:\\\/\\\/blacktchip.com\\\/site\\\/wp-content\\\/uploads\\\/2019\\\/04\\\/jacket_longue_blacktchip_01.jpg\",\"datePublished\":\"2019-04-14T18:15:48+00:00\",\"dateModified\":\"2025-07-19T18:06:28+00:00\",\"breadcrumb\":{\"@id\":\"https:\\\/\\\/blacktchip.com\\\/site\\\/product\\\/jacket-longue\\\/#breadcrumb\"},\"inLanguage\":\"fr-FR\",\"potentialAction\":[{\"@type\":\"ReadAction\",\"target\":[\"https:\\\/\\\/blacktchip.com\\\/site\\\/product\\\/jacket-longue\\\/\"]}]},{\"@type\":\"ImageObject\",\"inLanguage\":\"fr-FR\",\"@id\":\"https:\\\/\\\/blacktchip.com\\\/site\\\/product\\\/jacket-longue\\\/#primaryimage\",\"url\":\"https:\\\/\\\/blacktchip.com\\\/site\\\/wp-content\\\/uploads\\\/2019\\\/04\\\/jacket_longue_blacktchip_01.jpg\",\"contentUrl\":\"https:\\\/\\\/blacktchip.com\\\/site\\\/wp-content\\\/uploads\\\/2019\\\/04\\\/jacket_longue_blacktchip_01.jpg\",\"width\":1300,\"height\":1547},{\"@type\":\"BreadcrumbList\",\"@id\":\"https:\\\/\\\/blacktchip.com\\\/site\\\/product\\\/jacket-longue\\\/#breadcrumb\",\"itemListElement\":[{\"@type\":\"ListItem\",\"position\":1,\"name\":\"Accueil\",\"item\":\"https:\\\/\\\/blacktchip.com\\\/site\\\/\"},{\"@type\":\"ListItem\",\"position\":2,\"name\":\"Boutique\",\"item\":\"https:\\\/\\\/blacktchip.com\\\/site\\\/boutique\\\/\"},{\"@type\":\"ListItem\",\"position\":3,\"name\":\"Jacket Longue\"}]},{\"@type\":\"WebSite\",\"@id\":\"https:\\\/\\\/blacktchip.com\\\/site\\\/#website\",\"url\":\"https:\\\/\\\/blacktchip.com\\\/site\\\/\",\"name\":\"Black-Tchip\",\"description\":\"Great wolf in Tchip clothing\",\"publisher\":{\"@id\":\"https:\\\/\\\/blacktchip.com\\\/site\\\/#organization\"},\"potentialAction\":[{\"@type\":\"SearchAction\",\"target\":{\"@type\":\"EntryPoint\",\"urlTemplate\":\"https:\\\/\\\/blacktchip.com\\\/site\\\/?s={search_term_string}\"},\"query-input\":{\"@type\":\"PropertyValueSpecification\",\"valueRequired\":true,\"valueName\":\"search_term_string\"}}],\"inLanguage\":\"fr-FR\"},{\"@type\":\"Organization\",\"@id\":\"https:\\\/\\\/blacktchip.com\\\/site\\\/#organization\",\"name\":\"Black-Tchip\",\"url\":\"https:\\\/\\\/blacktchip.com\\\/site\\\/\",\"logo\":{\"@type\":\"ImageObject\",\"inLanguage\":\"fr-FR\",\"@id\":\"https:\\\/\\\/blacktchip.com\\\/site\\\/#\\\/schema\\\/logo\\\/image\\\/\",\"url\":\"https:\\\/\\\/blacktchip.com\\\/site\\\/wp-content\\\/uploads\\\/2018\\\/08\\\/cropped-Blacktchip_signature-official2K19_600.png\",\"contentUrl\":\"https:\\\/\\\/blacktchip.com\\\/site\\\/wp-content\\\/uploads\\\/2018\\\/08\\\/cropped-Blacktchip_signature-official2K19_600.png\",\"width\":600,\"height\":218,\"caption\":\"Black-Tchip\"},\"image\":{\"@id\":\"https:\\\/\\\/blacktchip.com\\\/site\\\/#\\\/schema\\\/logo\\\/image\\\/\"}}]}<\/script>\n<!-- \/ Yoast SEO plugin. -->","yoast_head_json":{"title":"Jacket Longue - Black-Tchip","robots":{"index":"index","follow":"follow","max-snippet":"max-snippet:-1","max-image-preview":"max-image-preview:large","max-video-preview":"max-video-preview:-1"},"canonical":"https:\/\/blacktchip.com\/site\/product\/jacket-longue\/","og_locale":"fr_FR","og_type":"article","og_title":"Jacket Longue - Black-Tchip","og_description":"100% Polyester  Veste \u00ab bombers \u00bb longue tr\u00e8s \u00e9l\u00e9gante, mettant en valeur votre silhouette, dos en queue de pie avec fermeture \u00e9clair. Un melting pot de \u00abfrench touch\u00bb discr\u00e8te, int\u00e9rieur rouge avec une \u00e9tiquette en madras et une poche prot\u00e9g\u00e9e par le fameux chat porte bonheur. Une \u00e9tiquette au dos en wax, et un totem en ombre.  Taille tr\u00e8s pr\u00e9s du corps, prendre une taille au dessus pour \u00eatre plus \u00e0 l'aise, pour ceux qui le souhaite.  &nbsp;  100% Polyester  \u00ab Bombers \u00bb long jacket very elegant, highlighting your silhouette, back in tail pie with zipper. A melting pot of \u00abfrench touch\u00bb discreet, red interior with a madras.  Size very close to the body, take a size above to be more comfortable, for those who wish.","og_url":"https:\/\/blacktchip.com\/site\/product\/jacket-longue\/","og_site_name":"Black-Tchip","article_modified_time":"2025-07-19T18:06:28+00:00","og_image":[{"width":1300,"height":1547,"url":"https:\/\/blacktchip.com\/site\/wp-content\/uploads\/2019\/04\/jacket_longue_blacktchip_01.jpg","type":"image\/jpeg"}],"twitter_card":"summary_large_image","twitter_misc":{"Dur\u00e9e de lecture estim\u00e9e":"1 minute"},"schema":{"@context":"https:\/\/schema.org","@graph":[{"@type":"WebPage","@id":"https:\/\/blacktchip.com\/site\/product\/jacket-longue\/","url":"https:\/\/blacktchip.com\/site\/product\/jacket-longue\/","name":"Jacket Longue - Black-Tchip","isPartOf":{"@id":"https:\/\/blacktchip.com\/site\/#website"},"primaryImageOfPage":{"@id":"https:\/\/blacktchip.com\/site\/product\/jacket-longue\/#primaryimage"},"image":{"@id":"https:\/\/blacktchip.com\/site\/product\/jacket-longue\/#primaryimage"},"thumbnailUrl":"https:\/\/blacktchip.com\/site\/wp-content\/uploads\/2019\/04\/jacket_longue_blacktchip_01.jpg","datePublished":"2019-04-14T18:15:48+00:00","dateModified":"2025-07-19T18:06:28+00:00","breadcrumb":{"@id":"https:\/\/blacktchip.com\/site\/product\/jacket-longue\/#breadcrumb"},"inLanguage":"fr-FR","potentialAction":[{"@type":"ReadAction","target":["https:\/\/blacktchip.com\/site\/product\/jacket-longue\/"]}]},{"@type":"ImageObject","inLanguage":"fr-FR","@id":"https:\/\/blacktchip.com\/site\/product\/jacket-longue\/#primaryimage","url":"https:\/\/blacktchip.com\/site\/wp-content\/uploads\/2019\/04\/jacket_longue_blacktchip_01.jpg","contentUrl":"https:\/\/blacktchip.com\/site\/wp-content\/uploads\/2019\/04\/jacket_longue_blacktchip_01.jpg","width":1300,"height":1547},{"@type":"BreadcrumbList","@id":"https:\/\/blacktchip.com\/site\/product\/jacket-longue\/#breadcrumb","itemListElement":[{"@type":"ListItem","position":1,"name":"Accueil","item":"https:\/\/blacktchip.com\/site\/"},{"@type":"ListItem","position":2,"name":"Boutique","item":"https:\/\/blacktchip.com\/site\/boutique\/"},{"@type":"ListItem","position":3,"name":"Jacket Longue"}]},{"@type":"WebSite","@id":"https:\/\/blacktchip.com\/site\/#website","url":"https:\/\/blacktchip.com\/site\/","name":"Black-Tchip","description":"Great wolf in Tchip clothing","publisher":{"@id":"https:\/\/blacktchip.com\/site\/#organization"},"potentialAction":[{"@type":"SearchAction","target":{"@type":"EntryPoint","urlTemplate":"https:\/\/blacktchip.com\/site\/?s={search_term_string}"},"query-input":{"@type":"PropertyValueSpecification","valueRequired":true,"valueName":"search_term_string"}}],"inLanguage":"fr-FR"},{"@type":"Organization","@id":"https:\/\/blacktchip.com\/site\/#organization","name":"Black-Tchip","url":"https:\/\/blacktchip.com\/site\/","logo":{"@type":"ImageObject","inLanguage":"fr-FR","@id":"https:\/\/blacktchip.com\/site\/#\/schema\/logo\/image\/","url":"https:\/\/blacktchip.com\/site\/wp-content\/uploads\/2018\/08\/cropped-Blacktchip_signature-official2K19_600.png","contentUrl":"https:\/\/blacktchip.com\/site\/wp-content\/uploads\/2018\/08\/cropped-Blacktchip_signature-official2K19_600.png","width":600,"height":218,"caption":"Black-Tchip"},"image":{"@id":"https:\/\/blacktchip.com\/site\/#\/schema\/logo\/image\/"}}]}},"_links":{"self":[{"href":"https:\/\/blacktchip.com\/site\/wp-json\/wp\/v2\/product\/2070","targetHints":{"allow":["GET"]}}],"collection":[{"href":"https:\/\/blacktchip.com\/site\/wp-json\/wp\/v2\/product"}],"about":[{"href":"https:\/\/blacktchip.com\/site\/wp-json\/wp\/v2\/types\/product"}],"replies":[{"embeddable":true,"href":"https:\/\/blacktchip.com\/site\/wp-json\/wp\/v2\/comments?post=2070"}],"wp:featuredmedia":[{"embeddable":true,"href":"https:\/\/blacktchip.com\/site\/wp-json\/wp\/v2\/media\/2091"}],"wp:attachment":[{"href":"https:\/\/blacktchip.com\/site\/wp-json\/wp\/v2\/media?parent=2070"}],"wp:term":[{"taxonomy":"product_brand","embeddable":true,"href":"https:\/\/blacktchip.com\/site\/wp-json\/wp\/v2\/product_brand?post=2070"},{"taxonomy":"product_cat","embeddable":true,"href":"https:\/\/blacktchip.com\/site\/wp-json\/wp\/v2\/product_cat?post=2070"},{"taxonomy":"product_tag","embeddable":true,"href":"https:\/\/blacktchip.com\/site\/wp-json\/wp\/v2\/product_tag?post=2070"}],"curies":[{"name":"wp","href":"https:\/\/api.w.org\/{rel}","templated":true}]}}