{"id":2122,"date":"2019-04-16T00:55:38","date_gmt":"2019-04-15T22:55:38","guid":{"rendered":"https:\/\/blacktchip.com\/site\/?post_type=product&#038;p=2122"},"modified":"2025-07-17T18:01:58","modified_gmt":"2025-07-17T16:01:58","slug":"honeypot-bracelet","status":"publish","type":"product","link":"https:\/\/blacktchip.com\/site\/product\/honeypot-bracelet\/","title":{"rendered":"Bracelet Honeypot"},"content":{"rendered":"","protected":false},"excerpt":{"rendered":"<p>On pourrait vous expliquer avec de tr\u00e8s belle tournure, que ce double bracelet HONEYPOT fait d\u2019une chaine polie et de perles compos\u00e9 de 3 pierres semi-pr\u00e9cieuses (Onyx, pierres de lave et Obsidienne), sont reconnues et consid\u00e9r\u00e9es comme un repoussant pour les ondes n\u00e9gative en lithoth\u00e9rapie, qu\u2019il peut vous servir de bouclier g\u00e9opathique avec une scalarisation pour une meilleure bio \u00e9nergie. \u00a0Mais nous pr\u00e9f\u00e9rons vous dire simplement que ce bracelet vous sera un accessoire compl\u00e9mentaire avec son caract\u00e8re intemporel, son attache original et qu\u2019il saura mettre en valeur votre outfit.<\/p>\n<p>We could explain to you with a very nice twist, that this double bracelet HONEYPOT made of a polished chain and pearls composed of 3 semi-precious stones (Onyx, lava stones and Obsidian), are recognized and considered as a repelling for negative waves in lithotherapy, that it can serve as a geopathic shield with a scaler for a better bio energy.\u00a0 But we prefer to simply tell you that this bracelet will be a complementary accessory with its timeless character, its original attachment and that it will enhance your outfit.<\/p>\n","protected":false},"featured_media":2876,"comment_status":"closed","ping_status":"closed","template":"","meta":{"_acf_changed":false},"product_brand":[],"product_cat":[19],"product_tag":[],"class_list":{"0":"post-2122","1":"product","2":"type-product","3":"status-publish","4":"has-post-thumbnail","6":"product_cat-accessoires","8":"first","9":"instock","10":"shipping-taxable","11":"purchasable","12":"product-type-simple"},"acf":[],"yoast_head":"<!-- This site is optimized with the Yoast SEO plugin v27.5 - https:\/\/yoast.com\/product\/yoast-seo-wordpress\/ -->\n<title>Bracelet Honeypot - Black-Tchip<\/title>\n<meta name=\"description\" content=\"bracelet goodies honeypot lucky naturotherapie connect self defense 3 semi-precious stones (Onyx, lava stones and Obsidian), are recognized and considered as a shield repelling negative waves in lithotherapy, that it can serve as a geopathic shield with a scaler for a better bio energy luxe hype geek cartier gucci supreme oakley fred collection vetements urbaine r\u00e9alit\u00e9 augment\u00e9e mode streetwear tendance innovante technologie design futuriste numerique stylish connectivite experience unique cr\u00e9ative avatar digital smartphone jeunesse fashion style \u00e9crans interactif cool ultramoderne exclusivit\u00e9 hipster geek urbanit\u00e9 urban connect\u00e9 virtualit\u00e9 digitalisation jeux vid\u00e9o d\u00e9veloppement applications multim\u00e9dia visuel smart innovation authentique originalit\u00e9 \u00e9lectronique moderne high-tech g\u00e9n\u00e9rations youth digital native jeune adulte street culture web3 crypto btc eth ath bitcoin black blvck tchip tchiiip tchiiiiip hypebeast highsnobiety tendance trend hip hop bourgeois\" \/>\n<meta name=\"robots\" content=\"index, follow, max-snippet:-1, max-image-preview:large, max-video-preview:-1\" \/>\n<link rel=\"canonical\" href=\"https:\/\/blacktchip.com\/site\/product\/honeypot-bracelet\/\" \/>\n<meta property=\"og:locale\" content=\"fr_FR\" \/>\n<meta property=\"og:type\" content=\"article\" \/>\n<meta property=\"og:title\" content=\"Bracelet Honeypot - Black-Tchip\" \/>\n<meta property=\"og:description\" content=\"bracelet goodies honeypot lucky naturotherapie connect self defense 3 semi-precious stones (Onyx, lava stones and Obsidian), are recognized and considered as a shield repelling negative waves in lithotherapy, that it can serve as a geopathic shield with a scaler for a better bio energy luxe hype geek cartier gucci supreme oakley fred collection vetements urbaine r\u00e9alit\u00e9 augment\u00e9e mode streetwear tendance innovante technologie design futuriste numerique stylish connectivite experience unique cr\u00e9ative avatar digital smartphone jeunesse fashion style \u00e9crans interactif cool ultramoderne exclusivit\u00e9 hipster geek urbanit\u00e9 urban connect\u00e9 virtualit\u00e9 digitalisation jeux vid\u00e9o d\u00e9veloppement applications multim\u00e9dia visuel smart innovation authentique originalit\u00e9 \u00e9lectronique moderne high-tech g\u00e9n\u00e9rations youth digital native jeune adulte street culture web3 crypto btc eth ath bitcoin black blvck tchip tchiiip tchiiiiip hypebeast highsnobiety tendance trend hip hop bourgeois\" \/>\n<meta property=\"og:url\" content=\"https:\/\/blacktchip.com\/site\/product\/honeypot-bracelet\/\" \/>\n<meta property=\"og:site_name\" content=\"Black-Tchip\" \/>\n<meta property=\"article:modified_time\" content=\"2025-07-17T16:01:58+00:00\" \/>\n<meta property=\"og:image\" content=\"https:\/\/blacktchip.com\/site\/wp-content\/uploads\/2019\/04\/20241011_185926-680x1511-2.jpg\" \/>\n\t<meta property=\"og:image:width\" content=\"1300\" \/>\n\t<meta property=\"og:image:height\" content=\"1547\" \/>\n\t<meta property=\"og:image:type\" content=\"image\/jpeg\" \/>\n<meta name=\"twitter:card\" content=\"summary_large_image\" \/>\n<meta name=\"twitter:label1\" content=\"Dur\u00e9e de lecture estim\u00e9e\" \/>\n\t<meta name=\"twitter:data1\" content=\"1 minute\" \/>\n<script type=\"application\/ld+json\" class=\"yoast-schema-graph\">{\"@context\":\"https:\\\/\\\/schema.org\",\"@graph\":[{\"@type\":\"WebPage\",\"@id\":\"https:\\\/\\\/blacktchip.com\\\/site\\\/product\\\/honeypot-bracelet\\\/\",\"url\":\"https:\\\/\\\/blacktchip.com\\\/site\\\/product\\\/honeypot-bracelet\\\/\",\"name\":\"Bracelet Honeypot - Black-Tchip\",\"isPartOf\":{\"@id\":\"https:\\\/\\\/blacktchip.com\\\/site\\\/#website\"},\"primaryImageOfPage\":{\"@id\":\"https:\\\/\\\/blacktchip.com\\\/site\\\/product\\\/honeypot-bracelet\\\/#primaryimage\"},\"image\":{\"@id\":\"https:\\\/\\\/blacktchip.com\\\/site\\\/product\\\/honeypot-bracelet\\\/#primaryimage\"},\"thumbnailUrl\":\"https:\\\/\\\/blacktchip.com\\\/site\\\/wp-content\\\/uploads\\\/2019\\\/04\\\/20241011_185926-680x1511-2.jpg\",\"datePublished\":\"2019-04-15T22:55:38+00:00\",\"dateModified\":\"2025-07-17T16:01:58+00:00\",\"description\":\"bracelet goodies honeypot lucky naturotherapie connect self defense 3 semi-precious stones (Onyx, lava stones and Obsidian), are recognized and considered as a shield repelling negative waves in lithotherapy, that it can serve as a geopathic shield with a scaler for a better bio energy luxe hype geek cartier gucci supreme oakley fred collection vetements urbaine r\u00e9alit\u00e9 augment\u00e9e mode streetwear tendance innovante technologie design futuriste numerique stylish connectivite experience unique cr\u00e9ative avatar digital smartphone jeunesse fashion style \u00e9crans interactif cool ultramoderne exclusivit\u00e9 hipster geek urbanit\u00e9 urban connect\u00e9 virtualit\u00e9 digitalisation jeux vid\u00e9o d\u00e9veloppement applications multim\u00e9dia visuel smart innovation authentique originalit\u00e9 \u00e9lectronique moderne high-tech g\u00e9n\u00e9rations youth digital native jeune adulte street culture web3 crypto btc eth ath bitcoin black blvck tchip tchiiip tchiiiiip hypebeast highsnobiety tendance trend hip hop bourgeois\",\"breadcrumb\":{\"@id\":\"https:\\\/\\\/blacktchip.com\\\/site\\\/product\\\/honeypot-bracelet\\\/#breadcrumb\"},\"inLanguage\":\"fr-FR\",\"potentialAction\":[{\"@type\":\"ReadAction\",\"target\":[\"https:\\\/\\\/blacktchip.com\\\/site\\\/product\\\/honeypot-bracelet\\\/\"]}]},{\"@type\":\"ImageObject\",\"inLanguage\":\"fr-FR\",\"@id\":\"https:\\\/\\\/blacktchip.com\\\/site\\\/product\\\/honeypot-bracelet\\\/#primaryimage\",\"url\":\"https:\\\/\\\/blacktchip.com\\\/site\\\/wp-content\\\/uploads\\\/2019\\\/04\\\/20241011_185926-680x1511-2.jpg\",\"contentUrl\":\"https:\\\/\\\/blacktchip.com\\\/site\\\/wp-content\\\/uploads\\\/2019\\\/04\\\/20241011_185926-680x1511-2.jpg\",\"width\":1300,\"height\":1547},{\"@type\":\"BreadcrumbList\",\"@id\":\"https:\\\/\\\/blacktchip.com\\\/site\\\/product\\\/honeypot-bracelet\\\/#breadcrumb\",\"itemListElement\":[{\"@type\":\"ListItem\",\"position\":1,\"name\":\"Accueil\",\"item\":\"https:\\\/\\\/blacktchip.com\\\/site\\\/\"},{\"@type\":\"ListItem\",\"position\":2,\"name\":\"Boutique\",\"item\":\"https:\\\/\\\/blacktchip.com\\\/site\\\/boutique\\\/\"},{\"@type\":\"ListItem\",\"position\":3,\"name\":\"Bracelet Honeypot\"}]},{\"@type\":\"WebSite\",\"@id\":\"https:\\\/\\\/blacktchip.com\\\/site\\\/#website\",\"url\":\"https:\\\/\\\/blacktchip.com\\\/site\\\/\",\"name\":\"Black-Tchip\",\"description\":\"Great wolf in Tchip clothing\",\"publisher\":{\"@id\":\"https:\\\/\\\/blacktchip.com\\\/site\\\/#organization\"},\"potentialAction\":[{\"@type\":\"SearchAction\",\"target\":{\"@type\":\"EntryPoint\",\"urlTemplate\":\"https:\\\/\\\/blacktchip.com\\\/site\\\/?s={search_term_string}\"},\"query-input\":{\"@type\":\"PropertyValueSpecification\",\"valueRequired\":true,\"valueName\":\"search_term_string\"}}],\"inLanguage\":\"fr-FR\"},{\"@type\":\"Organization\",\"@id\":\"https:\\\/\\\/blacktchip.com\\\/site\\\/#organization\",\"name\":\"Black-Tchip\",\"url\":\"https:\\\/\\\/blacktchip.com\\\/site\\\/\",\"logo\":{\"@type\":\"ImageObject\",\"inLanguage\":\"fr-FR\",\"@id\":\"https:\\\/\\\/blacktchip.com\\\/site\\\/#\\\/schema\\\/logo\\\/image\\\/\",\"url\":\"https:\\\/\\\/blacktchip.com\\\/site\\\/wp-content\\\/uploads\\\/2018\\\/08\\\/cropped-Blacktchip_signature-official2K19_600.png\",\"contentUrl\":\"https:\\\/\\\/blacktchip.com\\\/site\\\/wp-content\\\/uploads\\\/2018\\\/08\\\/cropped-Blacktchip_signature-official2K19_600.png\",\"width\":600,\"height\":218,\"caption\":\"Black-Tchip\"},\"image\":{\"@id\":\"https:\\\/\\\/blacktchip.com\\\/site\\\/#\\\/schema\\\/logo\\\/image\\\/\"}}]}<\/script>\n<!-- \/ Yoast SEO plugin. -->","yoast_head_json":{"title":"Bracelet Honeypot - Black-Tchip","description":"bracelet goodies honeypot lucky naturotherapie connect self defense 3 semi-precious stones (Onyx, lava stones and Obsidian), are recognized and considered as a shield repelling negative waves in lithotherapy, that it can serve as a geopathic shield with a scaler for a better bio energy luxe hype geek cartier gucci supreme oakley fred collection vetements urbaine r\u00e9alit\u00e9 augment\u00e9e mode streetwear tendance innovante technologie design futuriste numerique stylish connectivite experience unique cr\u00e9ative avatar digital smartphone jeunesse fashion style \u00e9crans interactif cool ultramoderne exclusivit\u00e9 hipster geek urbanit\u00e9 urban connect\u00e9 virtualit\u00e9 digitalisation jeux vid\u00e9o d\u00e9veloppement applications multim\u00e9dia visuel smart innovation authentique originalit\u00e9 \u00e9lectronique moderne high-tech g\u00e9n\u00e9rations youth digital native jeune adulte street culture web3 crypto btc eth ath bitcoin black blvck tchip tchiiip tchiiiiip hypebeast highsnobiety tendance trend hip hop bourgeois","robots":{"index":"index","follow":"follow","max-snippet":"max-snippet:-1","max-image-preview":"max-image-preview:large","max-video-preview":"max-video-preview:-1"},"canonical":"https:\/\/blacktchip.com\/site\/product\/honeypot-bracelet\/","og_locale":"fr_FR","og_type":"article","og_title":"Bracelet Honeypot - Black-Tchip","og_description":"bracelet goodies honeypot lucky naturotherapie connect self defense 3 semi-precious stones (Onyx, lava stones and Obsidian), are recognized and considered as a shield repelling negative waves in lithotherapy, that it can serve as a geopathic shield with a scaler for a better bio energy luxe hype geek cartier gucci supreme oakley fred collection vetements urbaine r\u00e9alit\u00e9 augment\u00e9e mode streetwear tendance innovante technologie design futuriste numerique stylish connectivite experience unique cr\u00e9ative avatar digital smartphone jeunesse fashion style \u00e9crans interactif cool ultramoderne exclusivit\u00e9 hipster geek urbanit\u00e9 urban connect\u00e9 virtualit\u00e9 digitalisation jeux vid\u00e9o d\u00e9veloppement applications multim\u00e9dia visuel smart innovation authentique originalit\u00e9 \u00e9lectronique moderne high-tech g\u00e9n\u00e9rations youth digital native jeune adulte street culture web3 crypto btc eth ath bitcoin black blvck tchip tchiiip tchiiiiip hypebeast highsnobiety tendance trend hip hop bourgeois","og_url":"https:\/\/blacktchip.com\/site\/product\/honeypot-bracelet\/","og_site_name":"Black-Tchip","article_modified_time":"2025-07-17T16:01:58+00:00","og_image":[{"width":1300,"height":1547,"url":"https:\/\/blacktchip.com\/site\/wp-content\/uploads\/2019\/04\/20241011_185926-680x1511-2.jpg","type":"image\/jpeg"}],"twitter_card":"summary_large_image","twitter_misc":{"Dur\u00e9e de lecture estim\u00e9e":"1 minute"},"schema":{"@context":"https:\/\/schema.org","@graph":[{"@type":"WebPage","@id":"https:\/\/blacktchip.com\/site\/product\/honeypot-bracelet\/","url":"https:\/\/blacktchip.com\/site\/product\/honeypot-bracelet\/","name":"Bracelet Honeypot - Black-Tchip","isPartOf":{"@id":"https:\/\/blacktchip.com\/site\/#website"},"primaryImageOfPage":{"@id":"https:\/\/blacktchip.com\/site\/product\/honeypot-bracelet\/#primaryimage"},"image":{"@id":"https:\/\/blacktchip.com\/site\/product\/honeypot-bracelet\/#primaryimage"},"thumbnailUrl":"https:\/\/blacktchip.com\/site\/wp-content\/uploads\/2019\/04\/20241011_185926-680x1511-2.jpg","datePublished":"2019-04-15T22:55:38+00:00","dateModified":"2025-07-17T16:01:58+00:00","description":"bracelet goodies honeypot lucky naturotherapie connect self defense 3 semi-precious stones (Onyx, lava stones and Obsidian), are recognized and considered as a shield repelling negative waves in lithotherapy, that it can serve as a geopathic shield with a scaler for a better bio energy luxe hype geek cartier gucci supreme oakley fred collection vetements urbaine r\u00e9alit\u00e9 augment\u00e9e mode streetwear tendance innovante technologie design futuriste numerique stylish connectivite experience unique cr\u00e9ative avatar digital smartphone jeunesse fashion style \u00e9crans interactif cool ultramoderne exclusivit\u00e9 hipster geek urbanit\u00e9 urban connect\u00e9 virtualit\u00e9 digitalisation jeux vid\u00e9o d\u00e9veloppement applications multim\u00e9dia visuel smart innovation authentique originalit\u00e9 \u00e9lectronique moderne high-tech g\u00e9n\u00e9rations youth digital native jeune adulte street culture web3 crypto btc eth ath bitcoin black blvck tchip tchiiip tchiiiiip hypebeast highsnobiety tendance trend hip hop bourgeois","breadcrumb":{"@id":"https:\/\/blacktchip.com\/site\/product\/honeypot-bracelet\/#breadcrumb"},"inLanguage":"fr-FR","potentialAction":[{"@type":"ReadAction","target":["https:\/\/blacktchip.com\/site\/product\/honeypot-bracelet\/"]}]},{"@type":"ImageObject","inLanguage":"fr-FR","@id":"https:\/\/blacktchip.com\/site\/product\/honeypot-bracelet\/#primaryimage","url":"https:\/\/blacktchip.com\/site\/wp-content\/uploads\/2019\/04\/20241011_185926-680x1511-2.jpg","contentUrl":"https:\/\/blacktchip.com\/site\/wp-content\/uploads\/2019\/04\/20241011_185926-680x1511-2.jpg","width":1300,"height":1547},{"@type":"BreadcrumbList","@id":"https:\/\/blacktchip.com\/site\/product\/honeypot-bracelet\/#breadcrumb","itemListElement":[{"@type":"ListItem","position":1,"name":"Accueil","item":"https:\/\/blacktchip.com\/site\/"},{"@type":"ListItem","position":2,"name":"Boutique","item":"https:\/\/blacktchip.com\/site\/boutique\/"},{"@type":"ListItem","position":3,"name":"Bracelet Honeypot"}]},{"@type":"WebSite","@id":"https:\/\/blacktchip.com\/site\/#website","url":"https:\/\/blacktchip.com\/site\/","name":"Black-Tchip","description":"Great wolf in Tchip clothing","publisher":{"@id":"https:\/\/blacktchip.com\/site\/#organization"},"potentialAction":[{"@type":"SearchAction","target":{"@type":"EntryPoint","urlTemplate":"https:\/\/blacktchip.com\/site\/?s={search_term_string}"},"query-input":{"@type":"PropertyValueSpecification","valueRequired":true,"valueName":"search_term_string"}}],"inLanguage":"fr-FR"},{"@type":"Organization","@id":"https:\/\/blacktchip.com\/site\/#organization","name":"Black-Tchip","url":"https:\/\/blacktchip.com\/site\/","logo":{"@type":"ImageObject","inLanguage":"fr-FR","@id":"https:\/\/blacktchip.com\/site\/#\/schema\/logo\/image\/","url":"https:\/\/blacktchip.com\/site\/wp-content\/uploads\/2018\/08\/cropped-Blacktchip_signature-official2K19_600.png","contentUrl":"https:\/\/blacktchip.com\/site\/wp-content\/uploads\/2018\/08\/cropped-Blacktchip_signature-official2K19_600.png","width":600,"height":218,"caption":"Black-Tchip"},"image":{"@id":"https:\/\/blacktchip.com\/site\/#\/schema\/logo\/image\/"}}]}},"_links":{"self":[{"href":"https:\/\/blacktchip.com\/site\/wp-json\/wp\/v2\/product\/2122","targetHints":{"allow":["GET"]}}],"collection":[{"href":"https:\/\/blacktchip.com\/site\/wp-json\/wp\/v2\/product"}],"about":[{"href":"https:\/\/blacktchip.com\/site\/wp-json\/wp\/v2\/types\/product"}],"replies":[{"embeddable":true,"href":"https:\/\/blacktchip.com\/site\/wp-json\/wp\/v2\/comments?post=2122"}],"wp:featuredmedia":[{"embeddable":true,"href":"https:\/\/blacktchip.com\/site\/wp-json\/wp\/v2\/media\/2876"}],"wp:attachment":[{"href":"https:\/\/blacktchip.com\/site\/wp-json\/wp\/v2\/media?parent=2122"}],"wp:term":[{"taxonomy":"product_brand","embeddable":true,"href":"https:\/\/blacktchip.com\/site\/wp-json\/wp\/v2\/product_brand?post=2122"},{"taxonomy":"product_cat","embeddable":true,"href":"https:\/\/blacktchip.com\/site\/wp-json\/wp\/v2\/product_cat?post=2122"},{"taxonomy":"product_tag","embeddable":true,"href":"https:\/\/blacktchip.com\/site\/wp-json\/wp\/v2\/product_tag?post=2122"}],"curies":[{"name":"wp","href":"https:\/\/api.w.org\/{rel}","templated":true}]}}