{"id":2126,"date":"2019-04-16T00:58:30","date_gmt":"2019-04-15T22:58:30","guid":{"rendered":"https:\/\/blacktchip.com\/site\/?post_type=product&#038;p=2126"},"modified":"2024-11-23T15:51:08","modified_gmt":"2024-11-23T14:51:08","slug":"baground","status":"publish","type":"product","link":"https:\/\/blacktchip.com\/site\/product\/baground\/","title":{"rendered":"Baground"},"content":{"rendered":"","protected":false},"excerpt":{"rendered":"<p>BAGROUND est un sac \u00e0 dos, \u00e9cran \u00e0 image dynamique \u00e0 grande densit\u00e9 d&rsquo;imperm\u00e9abilit\u00e9, design\u00e9 et pens\u00e9 pour une texture a\u00e9r\u00e9e, coussins de renfort au niveau des lombaires et des \u00e9paules pour un meilleur maintien, logo scratch, port usb, sac antivol arri\u00e8re et fermeture invisible, r\u00e9fl\u00e9chit bien mieux la nuit, s\u00e9curit\u00e9 pour v\u00e9lo, trottinette, moto, coureurs, pi\u00e9tons, artistes en tous genres, les discrets et les matuvus et m\u00eame pour la sortie d\u2019\u00e9cole de vos p&rsquo;tits loups. Ouverture \u00e0 180 degr\u00e9. Taille 30\/15\/40 cm.<\/p>\n<p>&nbsp;<\/p>\n<p>BAGROUND is backpack with a dynamic image screen with high waterproofing density, designed and thought for an airy texture, reinforcement cushions on the lumbar and shoulders for better support, scratch logo, usb port, anti-theft bag rear and invisible closure, reflects much better at night, safety for bicycles, scooters, motorcycles, runners, pedestrians, artists of all kinds, the discreet and the matuvus and even for the exit of school of your little wolves. 180 degrees opening. Size 30\/15\/40 cm.<\/p>\n","protected":false},"featured_media":2672,"comment_status":"closed","ping_status":"closed","template":"","meta":{"_acf_changed":false},"product_brand":[],"product_cat":[19],"product_tag":[],"class_list":{"0":"post-2126","1":"product","2":"type-product","3":"status-publish","4":"has-post-thumbnail","6":"product_cat-accessoires","8":"first","9":"instock","10":"shipping-taxable","11":"purchasable","12":"product-type-simple"},"acf":[],"yoast_head":"<!-- This site is optimized with the Yoast SEO plugin v27.4 - https:\/\/yoast.com\/product\/yoast-seo-wordpress\/ -->\n<title>Baground - Black-Tchip<\/title>\n<meta name=\"description\" content=\"sac a dos lumineux animation encodage gif web3 crypto btc hypebeast sunglasses urban wear connect luminous bag luxe hype geek cartier gucci supreme eastpak collection vetements urbaine r\u00e9alit\u00e9 augment\u00e9e mode streetwear tendance innovante technologie design futuriste numerique stylish connectivite experience unique cr\u00e9ative avatar digital cloud bluetooth urban clothes smartphone jeunesse fashion style \u00e9crans interactif cool ultramoderne exclusivit\u00e9 hipster geek urbanit\u00e9 urban connect\u00e9 virtualit\u00e9 digitalisation jeux vid\u00e9o d\u00e9veloppement applications multim\u00e9dia visuel smart innovation authentique originalit\u00e9 \u00e9lectronique moderne high-tech g\u00e9n\u00e9rations youth digital native jeune adulte street culture culture sneakers D\u00e9couvrez notre sac \u00e0 dos Black Tchip, alliant style et fonctionnalit\u00e9. Parfait pour les \u00e9tudiants et les professionnels en qu\u00eate d&#039;originalit\u00e9 Optez pour un accessoire tendance et pratique. Id\u00e9al pour transporter vos affaires tout en vous d\u00e9marquant l&#039;alliance parfaite entre modernit\u00e9 et confort. Emportez vos essentiels avec \u00e9l\u00e9gance et visibilit\u00e9 Explorez con\u00e7u pour ceux qui recherchent un look unique. Pratique et styl\u00e9 il illumine votre quotidien Adoptez le sac \u00e0 dos un choix audacieux pour les aventuriers urbains Alliez praticit\u00e9 et design innovant dans vos d\u00e9placements BLVCK tchiptchiiip tchiiiiip\" \/>\n<meta name=\"robots\" content=\"index, follow, max-snippet:-1, max-image-preview:large, max-video-preview:-1\" \/>\n<link rel=\"canonical\" href=\"https:\/\/blacktchip.com\/site\/product\/baground\/\" \/>\n<meta property=\"og:locale\" content=\"fr_FR\" \/>\n<meta property=\"og:type\" content=\"article\" \/>\n<meta property=\"og:title\" content=\"Baground - Black-Tchip\" \/>\n<meta property=\"og:description\" content=\"sac a dos lumineux animation encodage gif web3 crypto btc hypebeast sunglasses urban wear connect luminous bag luxe hype geek cartier gucci supreme eastpak collection vetements urbaine r\u00e9alit\u00e9 augment\u00e9e mode streetwear tendance innovante technologie design futuriste numerique stylish connectivite experience unique cr\u00e9ative avatar digital cloud bluetooth urban clothes smartphone jeunesse fashion style \u00e9crans interactif cool ultramoderne exclusivit\u00e9 hipster geek urbanit\u00e9 urban connect\u00e9 virtualit\u00e9 digitalisation jeux vid\u00e9o d\u00e9veloppement applications multim\u00e9dia visuel smart innovation authentique originalit\u00e9 \u00e9lectronique moderne high-tech g\u00e9n\u00e9rations youth digital native jeune adulte street culture culture sneakers D\u00e9couvrez notre sac \u00e0 dos Black Tchip, alliant style et fonctionnalit\u00e9. Parfait pour les \u00e9tudiants et les professionnels en qu\u00eate d&#039;originalit\u00e9 Optez pour un accessoire tendance et pratique. Id\u00e9al pour transporter vos affaires tout en vous d\u00e9marquant l&#039;alliance parfaite entre modernit\u00e9 et confort. Emportez vos essentiels avec \u00e9l\u00e9gance et visibilit\u00e9 Explorez con\u00e7u pour ceux qui recherchent un look unique. Pratique et styl\u00e9 il illumine votre quotidien Adoptez le sac \u00e0 dos un choix audacieux pour les aventuriers urbains Alliez praticit\u00e9 et design innovant dans vos d\u00e9placements BLVCK tchiptchiiip tchiiiiip\" \/>\n<meta property=\"og:url\" content=\"https:\/\/blacktchip.com\/site\/product\/baground\/\" \/>\n<meta property=\"og:site_name\" content=\"Black-Tchip\" \/>\n<meta property=\"article:modified_time\" content=\"2024-11-23T14:51:08+00:00\" \/>\n<meta property=\"og:image\" content=\"https:\/\/blacktchip.com\/site\/wp-content\/uploads\/2019\/04\/baground-off-2.jpg\" \/>\n\t<meta property=\"og:image:width\" content=\"912\" \/>\n\t<meta property=\"og:image:height\" content=\"1085\" \/>\n\t<meta property=\"og:image:type\" content=\"image\/jpeg\" \/>\n<meta name=\"twitter:card\" content=\"summary_large_image\" \/>\n<meta name=\"twitter:label1\" content=\"Dur\u00e9e de lecture estim\u00e9e\" \/>\n\t<meta name=\"twitter:data1\" content=\"1 minute\" \/>\n<script type=\"application\/ld+json\" class=\"yoast-schema-graph\">{\"@context\":\"https:\\\/\\\/schema.org\",\"@graph\":[{\"@type\":\"WebPage\",\"@id\":\"https:\\\/\\\/blacktchip.com\\\/site\\\/product\\\/baground\\\/\",\"url\":\"https:\\\/\\\/blacktchip.com\\\/site\\\/product\\\/baground\\\/\",\"name\":\"Baground - Black-Tchip\",\"isPartOf\":{\"@id\":\"https:\\\/\\\/blacktchip.com\\\/site\\\/#website\"},\"primaryImageOfPage\":{\"@id\":\"https:\\\/\\\/blacktchip.com\\\/site\\\/product\\\/baground\\\/#primaryimage\"},\"image\":{\"@id\":\"https:\\\/\\\/blacktchip.com\\\/site\\\/product\\\/baground\\\/#primaryimage\"},\"thumbnailUrl\":\"https:\\\/\\\/blacktchip.com\\\/site\\\/wp-content\\\/uploads\\\/2019\\\/04\\\/baground-off-2.jpg\",\"datePublished\":\"2019-04-15T22:58:30+00:00\",\"dateModified\":\"2024-11-23T14:51:08+00:00\",\"description\":\"sac a dos lumineux animation encodage gif web3 crypto btc hypebeast sunglasses urban wear connect luminous bag luxe hype geek cartier gucci supreme eastpak collection vetements urbaine r\u00e9alit\u00e9 augment\u00e9e mode streetwear tendance innovante technologie design futuriste numerique stylish connectivite experience unique cr\u00e9ative avatar digital cloud bluetooth urban clothes smartphone jeunesse fashion style \u00e9crans interactif cool ultramoderne exclusivit\u00e9 hipster geek urbanit\u00e9 urban connect\u00e9 virtualit\u00e9 digitalisation jeux vid\u00e9o d\u00e9veloppement applications multim\u00e9dia visuel smart innovation authentique originalit\u00e9 \u00e9lectronique moderne high-tech g\u00e9n\u00e9rations youth digital native jeune adulte street culture culture sneakers D\u00e9couvrez notre sac \u00e0 dos Black Tchip, alliant style et fonctionnalit\u00e9. Parfait pour les \u00e9tudiants et les professionnels en qu\u00eate d'originalit\u00e9 Optez pour un accessoire tendance et pratique. Id\u00e9al pour transporter vos affaires tout en vous d\u00e9marquant l'alliance parfaite entre modernit\u00e9 et confort. Emportez vos essentiels avec \u00e9l\u00e9gance et visibilit\u00e9 Explorez con\u00e7u pour ceux qui recherchent un look unique. Pratique et styl\u00e9 il illumine votre quotidien Adoptez le sac \u00e0 dos un choix audacieux pour les aventuriers urbains Alliez praticit\u00e9 et design innovant dans vos d\u00e9placements BLVCK tchiptchiiip tchiiiiip\",\"breadcrumb\":{\"@id\":\"https:\\\/\\\/blacktchip.com\\\/site\\\/product\\\/baground\\\/#breadcrumb\"},\"inLanguage\":\"fr-FR\",\"potentialAction\":[{\"@type\":\"ReadAction\",\"target\":[\"https:\\\/\\\/blacktchip.com\\\/site\\\/product\\\/baground\\\/\"]}]},{\"@type\":\"ImageObject\",\"inLanguage\":\"fr-FR\",\"@id\":\"https:\\\/\\\/blacktchip.com\\\/site\\\/product\\\/baground\\\/#primaryimage\",\"url\":\"https:\\\/\\\/blacktchip.com\\\/site\\\/wp-content\\\/uploads\\\/2019\\\/04\\\/baground-off-2.jpg\",\"contentUrl\":\"https:\\\/\\\/blacktchip.com\\\/site\\\/wp-content\\\/uploads\\\/2019\\\/04\\\/baground-off-2.jpg\",\"width\":912,\"height\":1085},{\"@type\":\"BreadcrumbList\",\"@id\":\"https:\\\/\\\/blacktchip.com\\\/site\\\/product\\\/baground\\\/#breadcrumb\",\"itemListElement\":[{\"@type\":\"ListItem\",\"position\":1,\"name\":\"Accueil\",\"item\":\"https:\\\/\\\/blacktchip.com\\\/site\\\/\"},{\"@type\":\"ListItem\",\"position\":2,\"name\":\"Boutique\",\"item\":\"https:\\\/\\\/blacktchip.com\\\/site\\\/boutique\\\/\"},{\"@type\":\"ListItem\",\"position\":3,\"name\":\"Baground\"}]},{\"@type\":\"WebSite\",\"@id\":\"https:\\\/\\\/blacktchip.com\\\/site\\\/#website\",\"url\":\"https:\\\/\\\/blacktchip.com\\\/site\\\/\",\"name\":\"Black-Tchip\",\"description\":\"Great wolf in Tchip clothing\",\"publisher\":{\"@id\":\"https:\\\/\\\/blacktchip.com\\\/site\\\/#organization\"},\"potentialAction\":[{\"@type\":\"SearchAction\",\"target\":{\"@type\":\"EntryPoint\",\"urlTemplate\":\"https:\\\/\\\/blacktchip.com\\\/site\\\/?s={search_term_string}\"},\"query-input\":{\"@type\":\"PropertyValueSpecification\",\"valueRequired\":true,\"valueName\":\"search_term_string\"}}],\"inLanguage\":\"fr-FR\"},{\"@type\":\"Organization\",\"@id\":\"https:\\\/\\\/blacktchip.com\\\/site\\\/#organization\",\"name\":\"Black-Tchip\",\"url\":\"https:\\\/\\\/blacktchip.com\\\/site\\\/\",\"logo\":{\"@type\":\"ImageObject\",\"inLanguage\":\"fr-FR\",\"@id\":\"https:\\\/\\\/blacktchip.com\\\/site\\\/#\\\/schema\\\/logo\\\/image\\\/\",\"url\":\"https:\\\/\\\/blacktchip.com\\\/site\\\/wp-content\\\/uploads\\\/2018\\\/08\\\/cropped-Blacktchip_signature-official2K19_600.png\",\"contentUrl\":\"https:\\\/\\\/blacktchip.com\\\/site\\\/wp-content\\\/uploads\\\/2018\\\/08\\\/cropped-Blacktchip_signature-official2K19_600.png\",\"width\":600,\"height\":218,\"caption\":\"Black-Tchip\"},\"image\":{\"@id\":\"https:\\\/\\\/blacktchip.com\\\/site\\\/#\\\/schema\\\/logo\\\/image\\\/\"}}]}<\/script>\n<!-- \/ Yoast SEO plugin. -->","yoast_head_json":{"title":"Baground - Black-Tchip","description":"sac a dos lumineux animation encodage gif web3 crypto btc hypebeast sunglasses urban wear connect luminous bag luxe hype geek cartier gucci supreme eastpak collection vetements urbaine r\u00e9alit\u00e9 augment\u00e9e mode streetwear tendance innovante technologie design futuriste numerique stylish connectivite experience unique cr\u00e9ative avatar digital cloud bluetooth urban clothes smartphone jeunesse fashion style \u00e9crans interactif cool ultramoderne exclusivit\u00e9 hipster geek urbanit\u00e9 urban connect\u00e9 virtualit\u00e9 digitalisation jeux vid\u00e9o d\u00e9veloppement applications multim\u00e9dia visuel smart innovation authentique originalit\u00e9 \u00e9lectronique moderne high-tech g\u00e9n\u00e9rations youth digital native jeune adulte street culture culture sneakers D\u00e9couvrez notre sac \u00e0 dos Black Tchip, alliant style et fonctionnalit\u00e9. Parfait pour les \u00e9tudiants et les professionnels en qu\u00eate d'originalit\u00e9 Optez pour un accessoire tendance et pratique. Id\u00e9al pour transporter vos affaires tout en vous d\u00e9marquant l'alliance parfaite entre modernit\u00e9 et confort. Emportez vos essentiels avec \u00e9l\u00e9gance et visibilit\u00e9 Explorez con\u00e7u pour ceux qui recherchent un look unique. Pratique et styl\u00e9 il illumine votre quotidien Adoptez le sac \u00e0 dos un choix audacieux pour les aventuriers urbains Alliez praticit\u00e9 et design innovant dans vos d\u00e9placements BLVCK tchiptchiiip tchiiiiip","robots":{"index":"index","follow":"follow","max-snippet":"max-snippet:-1","max-image-preview":"max-image-preview:large","max-video-preview":"max-video-preview:-1"},"canonical":"https:\/\/blacktchip.com\/site\/product\/baground\/","og_locale":"fr_FR","og_type":"article","og_title":"Baground - Black-Tchip","og_description":"sac a dos lumineux animation encodage gif web3 crypto btc hypebeast sunglasses urban wear connect luminous bag luxe hype geek cartier gucci supreme eastpak collection vetements urbaine r\u00e9alit\u00e9 augment\u00e9e mode streetwear tendance innovante technologie design futuriste numerique stylish connectivite experience unique cr\u00e9ative avatar digital cloud bluetooth urban clothes smartphone jeunesse fashion style \u00e9crans interactif cool ultramoderne exclusivit\u00e9 hipster geek urbanit\u00e9 urban connect\u00e9 virtualit\u00e9 digitalisation jeux vid\u00e9o d\u00e9veloppement applications multim\u00e9dia visuel smart innovation authentique originalit\u00e9 \u00e9lectronique moderne high-tech g\u00e9n\u00e9rations youth digital native jeune adulte street culture culture sneakers D\u00e9couvrez notre sac \u00e0 dos Black Tchip, alliant style et fonctionnalit\u00e9. Parfait pour les \u00e9tudiants et les professionnels en qu\u00eate d'originalit\u00e9 Optez pour un accessoire tendance et pratique. Id\u00e9al pour transporter vos affaires tout en vous d\u00e9marquant l'alliance parfaite entre modernit\u00e9 et confort. Emportez vos essentiels avec \u00e9l\u00e9gance et visibilit\u00e9 Explorez con\u00e7u pour ceux qui recherchent un look unique. Pratique et styl\u00e9 il illumine votre quotidien Adoptez le sac \u00e0 dos un choix audacieux pour les aventuriers urbains Alliez praticit\u00e9 et design innovant dans vos d\u00e9placements BLVCK tchiptchiiip tchiiiiip","og_url":"https:\/\/blacktchip.com\/site\/product\/baground\/","og_site_name":"Black-Tchip","article_modified_time":"2024-11-23T14:51:08+00:00","og_image":[{"width":912,"height":1085,"url":"https:\/\/blacktchip.com\/site\/wp-content\/uploads\/2019\/04\/baground-off-2.jpg","type":"image\/jpeg"}],"twitter_card":"summary_large_image","twitter_misc":{"Dur\u00e9e de lecture estim\u00e9e":"1 minute"},"schema":{"@context":"https:\/\/schema.org","@graph":[{"@type":"WebPage","@id":"https:\/\/blacktchip.com\/site\/product\/baground\/","url":"https:\/\/blacktchip.com\/site\/product\/baground\/","name":"Baground - Black-Tchip","isPartOf":{"@id":"https:\/\/blacktchip.com\/site\/#website"},"primaryImageOfPage":{"@id":"https:\/\/blacktchip.com\/site\/product\/baground\/#primaryimage"},"image":{"@id":"https:\/\/blacktchip.com\/site\/product\/baground\/#primaryimage"},"thumbnailUrl":"https:\/\/blacktchip.com\/site\/wp-content\/uploads\/2019\/04\/baground-off-2.jpg","datePublished":"2019-04-15T22:58:30+00:00","dateModified":"2024-11-23T14:51:08+00:00","description":"sac a dos lumineux animation encodage gif web3 crypto btc hypebeast sunglasses urban wear connect luminous bag luxe hype geek cartier gucci supreme eastpak collection vetements urbaine r\u00e9alit\u00e9 augment\u00e9e mode streetwear tendance innovante technologie design futuriste numerique stylish connectivite experience unique cr\u00e9ative avatar digital cloud bluetooth urban clothes smartphone jeunesse fashion style \u00e9crans interactif cool ultramoderne exclusivit\u00e9 hipster geek urbanit\u00e9 urban connect\u00e9 virtualit\u00e9 digitalisation jeux vid\u00e9o d\u00e9veloppement applications multim\u00e9dia visuel smart innovation authentique originalit\u00e9 \u00e9lectronique moderne high-tech g\u00e9n\u00e9rations youth digital native jeune adulte street culture culture sneakers D\u00e9couvrez notre sac \u00e0 dos Black Tchip, alliant style et fonctionnalit\u00e9. Parfait pour les \u00e9tudiants et les professionnels en qu\u00eate d'originalit\u00e9 Optez pour un accessoire tendance et pratique. Id\u00e9al pour transporter vos affaires tout en vous d\u00e9marquant l'alliance parfaite entre modernit\u00e9 et confort. Emportez vos essentiels avec \u00e9l\u00e9gance et visibilit\u00e9 Explorez con\u00e7u pour ceux qui recherchent un look unique. Pratique et styl\u00e9 il illumine votre quotidien Adoptez le sac \u00e0 dos un choix audacieux pour les aventuriers urbains Alliez praticit\u00e9 et design innovant dans vos d\u00e9placements BLVCK tchiptchiiip tchiiiiip","breadcrumb":{"@id":"https:\/\/blacktchip.com\/site\/product\/baground\/#breadcrumb"},"inLanguage":"fr-FR","potentialAction":[{"@type":"ReadAction","target":["https:\/\/blacktchip.com\/site\/product\/baground\/"]}]},{"@type":"ImageObject","inLanguage":"fr-FR","@id":"https:\/\/blacktchip.com\/site\/product\/baground\/#primaryimage","url":"https:\/\/blacktchip.com\/site\/wp-content\/uploads\/2019\/04\/baground-off-2.jpg","contentUrl":"https:\/\/blacktchip.com\/site\/wp-content\/uploads\/2019\/04\/baground-off-2.jpg","width":912,"height":1085},{"@type":"BreadcrumbList","@id":"https:\/\/blacktchip.com\/site\/product\/baground\/#breadcrumb","itemListElement":[{"@type":"ListItem","position":1,"name":"Accueil","item":"https:\/\/blacktchip.com\/site\/"},{"@type":"ListItem","position":2,"name":"Boutique","item":"https:\/\/blacktchip.com\/site\/boutique\/"},{"@type":"ListItem","position":3,"name":"Baground"}]},{"@type":"WebSite","@id":"https:\/\/blacktchip.com\/site\/#website","url":"https:\/\/blacktchip.com\/site\/","name":"Black-Tchip","description":"Great wolf in Tchip clothing","publisher":{"@id":"https:\/\/blacktchip.com\/site\/#organization"},"potentialAction":[{"@type":"SearchAction","target":{"@type":"EntryPoint","urlTemplate":"https:\/\/blacktchip.com\/site\/?s={search_term_string}"},"query-input":{"@type":"PropertyValueSpecification","valueRequired":true,"valueName":"search_term_string"}}],"inLanguage":"fr-FR"},{"@type":"Organization","@id":"https:\/\/blacktchip.com\/site\/#organization","name":"Black-Tchip","url":"https:\/\/blacktchip.com\/site\/","logo":{"@type":"ImageObject","inLanguage":"fr-FR","@id":"https:\/\/blacktchip.com\/site\/#\/schema\/logo\/image\/","url":"https:\/\/blacktchip.com\/site\/wp-content\/uploads\/2018\/08\/cropped-Blacktchip_signature-official2K19_600.png","contentUrl":"https:\/\/blacktchip.com\/site\/wp-content\/uploads\/2018\/08\/cropped-Blacktchip_signature-official2K19_600.png","width":600,"height":218,"caption":"Black-Tchip"},"image":{"@id":"https:\/\/blacktchip.com\/site\/#\/schema\/logo\/image\/"}}]}},"_links":{"self":[{"href":"https:\/\/blacktchip.com\/site\/wp-json\/wp\/v2\/product\/2126","targetHints":{"allow":["GET"]}}],"collection":[{"href":"https:\/\/blacktchip.com\/site\/wp-json\/wp\/v2\/product"}],"about":[{"href":"https:\/\/blacktchip.com\/site\/wp-json\/wp\/v2\/types\/product"}],"replies":[{"embeddable":true,"href":"https:\/\/blacktchip.com\/site\/wp-json\/wp\/v2\/comments?post=2126"}],"wp:featuredmedia":[{"embeddable":true,"href":"https:\/\/blacktchip.com\/site\/wp-json\/wp\/v2\/media\/2672"}],"wp:attachment":[{"href":"https:\/\/blacktchip.com\/site\/wp-json\/wp\/v2\/media?parent=2126"}],"wp:term":[{"taxonomy":"product_brand","embeddable":true,"href":"https:\/\/blacktchip.com\/site\/wp-json\/wp\/v2\/product_brand?post=2126"},{"taxonomy":"product_cat","embeddable":true,"href":"https:\/\/blacktchip.com\/site\/wp-json\/wp\/v2\/product_cat?post=2126"},{"taxonomy":"product_tag","embeddable":true,"href":"https:\/\/blacktchip.com\/site\/wp-json\/wp\/v2\/product_tag?post=2126"}],"curies":[{"name":"wp","href":"https:\/\/api.w.org\/{rel}","templated":true}]}}