{"id":2524,"date":"2022-04-15T15:29:44","date_gmt":"2022-04-15T13:29:44","guid":{"rendered":"https:\/\/blacktchip.com\/site\/?post_type=product&#038;p=2524"},"modified":"2024-11-23T15:52:13","modified_gmt":"2024-11-23T14:52:13","slug":"invasion-smart-eyewear-connected","status":"publish","type":"product","link":"https:\/\/blacktchip.com\/site\/product\/invasion-smart-eyewear-connected\/","title":{"rendered":"Invasion Eyewear Plus (Connected)"},"content":{"rendered":"<p><iframe src=\"\/\/www.youtube.com\/embed\/hoXd7oo6Ano\" width=\"560\" height=\"314\" allowfullscreen=\"allowfullscreen\"><span data-mce-type=\"bookmark\" style=\"display: inline-block; width: 0px; overflow: hidden; line-height: 0;\" class=\"mce_SELRES_start\">\ufeff<\/span><\/iframe><\/p>\n","protected":false},"excerpt":{"rendered":"<p>Lunettes de soleil connect\u00e9es inspir\u00e9es par le film culte \u00ab\u00a0Invasion Los Angeles\u00a0\u00bb. Bluetooth 5.0 CE 5v ~100mA vous permettant de r\u00e9pondre aux appels et \u00e9couter votre musique le tout par un contr\u00f4le tactile, 5 secondes touche on\/off, 2 tapes (r\u00e9pondre, raccrocher, et pause), 3 tapes (avancer), 4(retour)&#8230; garantie bon fonctionnement bluetooth 365J. non waterproof.<\/p>\n<p>En Cadeau, une paire de Lunettes de soleil inspir\u00e9es aussi par le film culte \u00ab\u00a0Invasion Los Angeles\u00a0\u00bb. offerte dans un de\u00a0 trois coloris : Black UV3 , Havane UV3 et Pink UV2.<\/p>\n<p>&nbsp;<\/p>\n<p>&nbsp;<\/p>\n<p>Connected sunglasses inspired by the cult movie \u00ab\u00a0Invasion Los Angeles\u00a0\u00bb. Bluetooth 5.0 CE 5v ~100mA allowing you to answer calls and listen to your music all by a touch control, 5 seconds touch on \/ off, 2 taps (answer, hang up, and pause), 3 taps (forward), 4 (back)&#8230; guarantee good operation bluetooth 365 D. no waterproof.<\/p>\n<p>Gift, a pair of sunglasses also inspired by the cult film \u00ab\u00a0Invasion Los Angeles\u00a0\u00bb. offered in one of three colors: Black UV3, Havana UV3 and Pink UV2.<\/p>\n<p>&nbsp;<\/p>\n<p>&nbsp;<\/p>\n","protected":false},"featured_media":2684,"comment_status":"closed","ping_status":"closed","template":"","meta":{"_acf_changed":false},"product_brand":[],"product_cat":[19],"product_tag":[],"class_list":{"0":"post-2524","1":"product","2":"type-product","3":"status-publish","4":"has-post-thumbnail","6":"product_cat-accessoires","8":"first","9":"instock","10":"shipping-taxable","11":"purchasable","12":"product-type-simple"},"acf":[],"yoast_head":"<!-- This site is optimized with the Yoast SEO plugin v27.6 - https:\/\/yoast.com\/product\/yoast-seo-wordpress\/ -->\n<title>Invasion Eyewear Plus (Connected) - Black-Tchip<\/title>\n<meta name=\"description\" content=\"Lunettes de soleil connect\u00e9es inspir\u00e9es par le film culte &quot;Invasion Los Angeles&quot;. Bluetooth 5.0 CE 5v ~100mA vous permettant de r\u00e9pondre aux appels et \u00e9couter votre musique sunglass hypebeast sunglasses urban wear connect eyewear luxe hype geek cartier gucci supreme oakley fred collection vetements urbaine r\u00e9alit\u00e9 augment\u00e9e mode streetwear tendance innovante technologie design futuriste numerique stylish connectivite experience unique cr\u00e9ative avatar digital smartphone jeunesse fashion style \u00e9crans interactif cool ultramoderne exclusivit\u00e9 hipster geek urbanit\u00e9 urban connect\u00e9 virtualit\u00e9 digitalisation jeux vid\u00e9o d\u00e9veloppement applications multim\u00e9dia visuel smart innovation authentique originalit\u00e9 \u00e9lectronique moderne high-tech g\u00e9n\u00e9rations youth digital native jeune adulte street culture web3 crypto btc eth ath bitcoin\" \/>\n<meta name=\"robots\" content=\"index, follow, max-snippet:-1, max-image-preview:large, max-video-preview:-1\" \/>\n<link rel=\"canonical\" href=\"https:\/\/blacktchip.com\/site\/product\/invasion-smart-eyewear-connected\/\" \/>\n<meta property=\"og:locale\" content=\"fr_FR\" \/>\n<meta property=\"og:type\" content=\"article\" \/>\n<meta property=\"og:title\" content=\"Invasion Eyewear Plus (Connected) - Black-Tchip\" \/>\n<meta property=\"og:description\" content=\"Lunettes de soleil connect\u00e9es inspir\u00e9es par le film culte &quot;Invasion Los Angeles&quot;. Bluetooth 5.0 CE 5v ~100mA vous permettant de r\u00e9pondre aux appels et \u00e9couter votre musique sunglass hypebeast sunglasses urban wear connect eyewear luxe hype geek cartier gucci supreme oakley fred collection vetements urbaine r\u00e9alit\u00e9 augment\u00e9e mode streetwear tendance innovante technologie design futuriste numerique stylish connectivite experience unique cr\u00e9ative avatar digital smartphone jeunesse fashion style \u00e9crans interactif cool ultramoderne exclusivit\u00e9 hipster geek urbanit\u00e9 urban connect\u00e9 virtualit\u00e9 digitalisation jeux vid\u00e9o d\u00e9veloppement applications multim\u00e9dia visuel smart innovation authentique originalit\u00e9 \u00e9lectronique moderne high-tech g\u00e9n\u00e9rations youth digital native jeune adulte street culture web3 crypto btc eth ath bitcoin\" \/>\n<meta property=\"og:url\" content=\"https:\/\/blacktchip.com\/site\/product\/invasion-smart-eyewear-connected\/\" \/>\n<meta property=\"og:site_name\" content=\"Black-Tchip\" \/>\n<meta property=\"article:modified_time\" content=\"2024-11-23T14:52:13+00:00\" \/>\n<meta property=\"og:image\" content=\"https:\/\/blacktchip.com\/site\/wp-content\/uploads\/2022\/04\/smart-eyes-wears-connected-6.jpg\" \/>\n\t<meta property=\"og:image:width\" content=\"912\" \/>\n\t<meta property=\"og:image:height\" content=\"1085\" \/>\n\t<meta property=\"og:image:type\" content=\"image\/jpeg\" \/>\n<meta name=\"twitter:card\" content=\"summary_large_image\" \/>\n<meta name=\"twitter:label1\" content=\"Dur\u00e9e de lecture estim\u00e9e\" \/>\n\t<meta name=\"twitter:data1\" content=\"1 minute\" \/>\n<script type=\"application\/ld+json\" class=\"yoast-schema-graph\">{\"@context\":\"https:\\\/\\\/schema.org\",\"@graph\":[{\"@type\":\"WebPage\",\"@id\":\"https:\\\/\\\/blacktchip.com\\\/site\\\/product\\\/invasion-smart-eyewear-connected\\\/\",\"url\":\"https:\\\/\\\/blacktchip.com\\\/site\\\/product\\\/invasion-smart-eyewear-connected\\\/\",\"name\":\"Invasion Eyewear Plus (Connected) - Black-Tchip\",\"isPartOf\":{\"@id\":\"https:\\\/\\\/blacktchip.com\\\/site\\\/#website\"},\"primaryImageOfPage\":{\"@id\":\"https:\\\/\\\/blacktchip.com\\\/site\\\/product\\\/invasion-smart-eyewear-connected\\\/#primaryimage\"},\"image\":{\"@id\":\"https:\\\/\\\/blacktchip.com\\\/site\\\/product\\\/invasion-smart-eyewear-connected\\\/#primaryimage\"},\"thumbnailUrl\":\"https:\\\/\\\/blacktchip.com\\\/site\\\/wp-content\\\/uploads\\\/2022\\\/04\\\/smart-eyes-wears-connected-6.jpg\",\"datePublished\":\"2022-04-15T13:29:44+00:00\",\"dateModified\":\"2024-11-23T14:52:13+00:00\",\"description\":\"Lunettes de soleil connect\u00e9es inspir\u00e9es par le film culte \\\"Invasion Los Angeles\\\". Bluetooth 5.0 CE 5v ~100mA vous permettant de r\u00e9pondre aux appels et \u00e9couter votre musique sunglass hypebeast sunglasses urban wear connect eyewear luxe hype geek cartier gucci supreme oakley fred collection vetements urbaine r\u00e9alit\u00e9 augment\u00e9e mode streetwear tendance innovante technologie design futuriste numerique stylish connectivite experience unique cr\u00e9ative avatar digital smartphone jeunesse fashion style \u00e9crans interactif cool ultramoderne exclusivit\u00e9 hipster geek urbanit\u00e9 urban connect\u00e9 virtualit\u00e9 digitalisation jeux vid\u00e9o d\u00e9veloppement applications multim\u00e9dia visuel smart innovation authentique originalit\u00e9 \u00e9lectronique moderne high-tech g\u00e9n\u00e9rations youth digital native jeune adulte street culture web3 crypto btc eth ath bitcoin\",\"breadcrumb\":{\"@id\":\"https:\\\/\\\/blacktchip.com\\\/site\\\/product\\\/invasion-smart-eyewear-connected\\\/#breadcrumb\"},\"inLanguage\":\"fr-FR\",\"potentialAction\":[{\"@type\":\"ReadAction\",\"target\":[\"https:\\\/\\\/blacktchip.com\\\/site\\\/product\\\/invasion-smart-eyewear-connected\\\/\"]}]},{\"@type\":\"ImageObject\",\"inLanguage\":\"fr-FR\",\"@id\":\"https:\\\/\\\/blacktchip.com\\\/site\\\/product\\\/invasion-smart-eyewear-connected\\\/#primaryimage\",\"url\":\"https:\\\/\\\/blacktchip.com\\\/site\\\/wp-content\\\/uploads\\\/2022\\\/04\\\/smart-eyes-wears-connected-6.jpg\",\"contentUrl\":\"https:\\\/\\\/blacktchip.com\\\/site\\\/wp-content\\\/uploads\\\/2022\\\/04\\\/smart-eyes-wears-connected-6.jpg\",\"width\":912,\"height\":1085},{\"@type\":\"BreadcrumbList\",\"@id\":\"https:\\\/\\\/blacktchip.com\\\/site\\\/product\\\/invasion-smart-eyewear-connected\\\/#breadcrumb\",\"itemListElement\":[{\"@type\":\"ListItem\",\"position\":1,\"name\":\"Accueil\",\"item\":\"https:\\\/\\\/blacktchip.com\\\/site\\\/\"},{\"@type\":\"ListItem\",\"position\":2,\"name\":\"Boutique\",\"item\":\"https:\\\/\\\/blacktchip.com\\\/site\\\/boutique\\\/\"},{\"@type\":\"ListItem\",\"position\":3,\"name\":\"Invasion Eyewear Plus (Connected)\"}]},{\"@type\":\"WebSite\",\"@id\":\"https:\\\/\\\/blacktchip.com\\\/site\\\/#website\",\"url\":\"https:\\\/\\\/blacktchip.com\\\/site\\\/\",\"name\":\"Black-Tchip\",\"description\":\"Great wolf in Tchip clothing\",\"publisher\":{\"@id\":\"https:\\\/\\\/blacktchip.com\\\/site\\\/#organization\"},\"potentialAction\":[{\"@type\":\"SearchAction\",\"target\":{\"@type\":\"EntryPoint\",\"urlTemplate\":\"https:\\\/\\\/blacktchip.com\\\/site\\\/?s={search_term_string}\"},\"query-input\":{\"@type\":\"PropertyValueSpecification\",\"valueRequired\":true,\"valueName\":\"search_term_string\"}}],\"inLanguage\":\"fr-FR\"},{\"@type\":\"Organization\",\"@id\":\"https:\\\/\\\/blacktchip.com\\\/site\\\/#organization\",\"name\":\"Black-Tchip\",\"url\":\"https:\\\/\\\/blacktchip.com\\\/site\\\/\",\"logo\":{\"@type\":\"ImageObject\",\"inLanguage\":\"fr-FR\",\"@id\":\"https:\\\/\\\/blacktchip.com\\\/site\\\/#\\\/schema\\\/logo\\\/image\\\/\",\"url\":\"https:\\\/\\\/blacktchip.com\\\/site\\\/wp-content\\\/uploads\\\/2018\\\/08\\\/cropped-Blacktchip_signature-official2K19_600.png\",\"contentUrl\":\"https:\\\/\\\/blacktchip.com\\\/site\\\/wp-content\\\/uploads\\\/2018\\\/08\\\/cropped-Blacktchip_signature-official2K19_600.png\",\"width\":600,\"height\":218,\"caption\":\"Black-Tchip\"},\"image\":{\"@id\":\"https:\\\/\\\/blacktchip.com\\\/site\\\/#\\\/schema\\\/logo\\\/image\\\/\"}}]}<\/script>\n<!-- \/ Yoast SEO plugin. -->","yoast_head_json":{"title":"Invasion Eyewear Plus (Connected) - Black-Tchip","description":"Lunettes de soleil connect\u00e9es inspir\u00e9es par le film culte \"Invasion Los Angeles\". Bluetooth 5.0 CE 5v ~100mA vous permettant de r\u00e9pondre aux appels et \u00e9couter votre musique sunglass hypebeast sunglasses urban wear connect eyewear luxe hype geek cartier gucci supreme oakley fred collection vetements urbaine r\u00e9alit\u00e9 augment\u00e9e mode streetwear tendance innovante technologie design futuriste numerique stylish connectivite experience unique cr\u00e9ative avatar digital smartphone jeunesse fashion style \u00e9crans interactif cool ultramoderne exclusivit\u00e9 hipster geek urbanit\u00e9 urban connect\u00e9 virtualit\u00e9 digitalisation jeux vid\u00e9o d\u00e9veloppement applications multim\u00e9dia visuel smart innovation authentique originalit\u00e9 \u00e9lectronique moderne high-tech g\u00e9n\u00e9rations youth digital native jeune adulte street culture web3 crypto btc eth ath bitcoin","robots":{"index":"index","follow":"follow","max-snippet":"max-snippet:-1","max-image-preview":"max-image-preview:large","max-video-preview":"max-video-preview:-1"},"canonical":"https:\/\/blacktchip.com\/site\/product\/invasion-smart-eyewear-connected\/","og_locale":"fr_FR","og_type":"article","og_title":"Invasion Eyewear Plus (Connected) - Black-Tchip","og_description":"Lunettes de soleil connect\u00e9es inspir\u00e9es par le film culte \"Invasion Los Angeles\". Bluetooth 5.0 CE 5v ~100mA vous permettant de r\u00e9pondre aux appels et \u00e9couter votre musique sunglass hypebeast sunglasses urban wear connect eyewear luxe hype geek cartier gucci supreme oakley fred collection vetements urbaine r\u00e9alit\u00e9 augment\u00e9e mode streetwear tendance innovante technologie design futuriste numerique stylish connectivite experience unique cr\u00e9ative avatar digital smartphone jeunesse fashion style \u00e9crans interactif cool ultramoderne exclusivit\u00e9 hipster geek urbanit\u00e9 urban connect\u00e9 virtualit\u00e9 digitalisation jeux vid\u00e9o d\u00e9veloppement applications multim\u00e9dia visuel smart innovation authentique originalit\u00e9 \u00e9lectronique moderne high-tech g\u00e9n\u00e9rations youth digital native jeune adulte street culture web3 crypto btc eth ath bitcoin","og_url":"https:\/\/blacktchip.com\/site\/product\/invasion-smart-eyewear-connected\/","og_site_name":"Black-Tchip","article_modified_time":"2024-11-23T14:52:13+00:00","og_image":[{"width":912,"height":1085,"url":"https:\/\/blacktchip.com\/site\/wp-content\/uploads\/2022\/04\/smart-eyes-wears-connected-6.jpg","type":"image\/jpeg"}],"twitter_card":"summary_large_image","twitter_misc":{"Dur\u00e9e de lecture estim\u00e9e":"1 minute"},"schema":{"@context":"https:\/\/schema.org","@graph":[{"@type":"WebPage","@id":"https:\/\/blacktchip.com\/site\/product\/invasion-smart-eyewear-connected\/","url":"https:\/\/blacktchip.com\/site\/product\/invasion-smart-eyewear-connected\/","name":"Invasion Eyewear Plus (Connected) - Black-Tchip","isPartOf":{"@id":"https:\/\/blacktchip.com\/site\/#website"},"primaryImageOfPage":{"@id":"https:\/\/blacktchip.com\/site\/product\/invasion-smart-eyewear-connected\/#primaryimage"},"image":{"@id":"https:\/\/blacktchip.com\/site\/product\/invasion-smart-eyewear-connected\/#primaryimage"},"thumbnailUrl":"https:\/\/blacktchip.com\/site\/wp-content\/uploads\/2022\/04\/smart-eyes-wears-connected-6.jpg","datePublished":"2022-04-15T13:29:44+00:00","dateModified":"2024-11-23T14:52:13+00:00","description":"Lunettes de soleil connect\u00e9es inspir\u00e9es par le film culte \"Invasion Los Angeles\". Bluetooth 5.0 CE 5v ~100mA vous permettant de r\u00e9pondre aux appels et \u00e9couter votre musique sunglass hypebeast sunglasses urban wear connect eyewear luxe hype geek cartier gucci supreme oakley fred collection vetements urbaine r\u00e9alit\u00e9 augment\u00e9e mode streetwear tendance innovante technologie design futuriste numerique stylish connectivite experience unique cr\u00e9ative avatar digital smartphone jeunesse fashion style \u00e9crans interactif cool ultramoderne exclusivit\u00e9 hipster geek urbanit\u00e9 urban connect\u00e9 virtualit\u00e9 digitalisation jeux vid\u00e9o d\u00e9veloppement applications multim\u00e9dia visuel smart innovation authentique originalit\u00e9 \u00e9lectronique moderne high-tech g\u00e9n\u00e9rations youth digital native jeune adulte street culture web3 crypto btc eth ath bitcoin","breadcrumb":{"@id":"https:\/\/blacktchip.com\/site\/product\/invasion-smart-eyewear-connected\/#breadcrumb"},"inLanguage":"fr-FR","potentialAction":[{"@type":"ReadAction","target":["https:\/\/blacktchip.com\/site\/product\/invasion-smart-eyewear-connected\/"]}]},{"@type":"ImageObject","inLanguage":"fr-FR","@id":"https:\/\/blacktchip.com\/site\/product\/invasion-smart-eyewear-connected\/#primaryimage","url":"https:\/\/blacktchip.com\/site\/wp-content\/uploads\/2022\/04\/smart-eyes-wears-connected-6.jpg","contentUrl":"https:\/\/blacktchip.com\/site\/wp-content\/uploads\/2022\/04\/smart-eyes-wears-connected-6.jpg","width":912,"height":1085},{"@type":"BreadcrumbList","@id":"https:\/\/blacktchip.com\/site\/product\/invasion-smart-eyewear-connected\/#breadcrumb","itemListElement":[{"@type":"ListItem","position":1,"name":"Accueil","item":"https:\/\/blacktchip.com\/site\/"},{"@type":"ListItem","position":2,"name":"Boutique","item":"https:\/\/blacktchip.com\/site\/boutique\/"},{"@type":"ListItem","position":3,"name":"Invasion Eyewear Plus (Connected)"}]},{"@type":"WebSite","@id":"https:\/\/blacktchip.com\/site\/#website","url":"https:\/\/blacktchip.com\/site\/","name":"Black-Tchip","description":"Great wolf in Tchip clothing","publisher":{"@id":"https:\/\/blacktchip.com\/site\/#organization"},"potentialAction":[{"@type":"SearchAction","target":{"@type":"EntryPoint","urlTemplate":"https:\/\/blacktchip.com\/site\/?s={search_term_string}"},"query-input":{"@type":"PropertyValueSpecification","valueRequired":true,"valueName":"search_term_string"}}],"inLanguage":"fr-FR"},{"@type":"Organization","@id":"https:\/\/blacktchip.com\/site\/#organization","name":"Black-Tchip","url":"https:\/\/blacktchip.com\/site\/","logo":{"@type":"ImageObject","inLanguage":"fr-FR","@id":"https:\/\/blacktchip.com\/site\/#\/schema\/logo\/image\/","url":"https:\/\/blacktchip.com\/site\/wp-content\/uploads\/2018\/08\/cropped-Blacktchip_signature-official2K19_600.png","contentUrl":"https:\/\/blacktchip.com\/site\/wp-content\/uploads\/2018\/08\/cropped-Blacktchip_signature-official2K19_600.png","width":600,"height":218,"caption":"Black-Tchip"},"image":{"@id":"https:\/\/blacktchip.com\/site\/#\/schema\/logo\/image\/"}}]}},"_links":{"self":[{"href":"https:\/\/blacktchip.com\/site\/wp-json\/wp\/v2\/product\/2524","targetHints":{"allow":["GET"]}}],"collection":[{"href":"https:\/\/blacktchip.com\/site\/wp-json\/wp\/v2\/product"}],"about":[{"href":"https:\/\/blacktchip.com\/site\/wp-json\/wp\/v2\/types\/product"}],"replies":[{"embeddable":true,"href":"https:\/\/blacktchip.com\/site\/wp-json\/wp\/v2\/comments?post=2524"}],"wp:featuredmedia":[{"embeddable":true,"href":"https:\/\/blacktchip.com\/site\/wp-json\/wp\/v2\/media\/2684"}],"wp:attachment":[{"href":"https:\/\/blacktchip.com\/site\/wp-json\/wp\/v2\/media?parent=2524"}],"wp:term":[{"taxonomy":"product_brand","embeddable":true,"href":"https:\/\/blacktchip.com\/site\/wp-json\/wp\/v2\/product_brand?post=2524"},{"taxonomy":"product_cat","embeddable":true,"href":"https:\/\/blacktchip.com\/site\/wp-json\/wp\/v2\/product_cat?post=2524"},{"taxonomy":"product_tag","embeddable":true,"href":"https:\/\/blacktchip.com\/site\/wp-json\/wp\/v2\/product_tag?post=2524"}],"curies":[{"name":"wp","href":"https:\/\/api.w.org\/{rel}","templated":true}]}}